{"id":21205,"date":"2025-06-06T18:13:00","date_gmt":"2025-06-06T17:13:00","guid":{"rendered":"https:\/\/tuftingaddicts.com\/?post_type=product&#038;p=21205"},"modified":"2025-12-03T10:33:58","modified_gmt":"2025-12-03T09:33:58","slug":"cinta-para-remate-25mm-diseno-beige","status":"publish","type":"product","link":"https:\/\/tuftingaddicts.com\/en\/Product\/cinta-para-remate-25mm-diseno-beige\/","title":{"rendered":"Cinta para remate 25mm beige"},"content":{"rendered":"<p>Se trata de una cinta de algod\u00f3n de 25mm de anchura y que puedes comprar por metros. Su dise\u00f1o le da el toque perfecto y elegante para finalizar la alfombra.<br \/>\nTambi\u00e9n disponible en 40mm y color Gris.<\/p>\n<p>Su colocaci\u00f3n es muy sencilla: tras colocar tu <a href=\"https:\/\/tuftingaddicts.com\/producto\/tufting-tejido-secundario-antideslizante-fieltro\/\">tejido secundario<\/a> y dejar secar <a href=\"https:\/\/tuftingaddicts.com\/producto\/adhesivo-fijador-tufting\/\">el adhesivo<\/a> (o si usas <a href=\"https:\/\/tuftingaddicts.com\/producto\/adhesivo-contacto-spray-tufting\/\">spray de contacto<\/a> se puede colocar al instante) entonces tienes varias opciones:<\/p>\n<ul>\n<li><em><strong>Con adhesivo de contacto: <\/strong><\/em>Esta opci\u00f3n requiere de <a href=\"https:\/\/tuftingaddicts.com\/producto\/adhesivo-contacto-spray-tufting\/\">adhesivo en spray<\/a> o\u00a0<a href=\"https:\/\/tuftingaddicts.com\/producto\/adhesivo-contacto-transparente-tufting\/\">cola de contacto en bote.<\/a><br \/>\nColoque la cinta estirada sobre alguna superficie desechable (cart\u00f3n, papel) y aplique una capa a toda la cinta o por tramo seg\u00fan la alfombra. Espere 1 minuto y vuelva a repetir el proceso. En la parte de la alfombra puedes tratar de cubrir la parte donde no quieres aplicar pegamento con cartones o papel e ir aplicando el spray de contacto en la zona, de igual manera se recomienda aplicar una segunda capa tras esperar 1 minuto.<br \/>\nUna vez que las dos piezas tienen el adhesivo de contacto en spray aplicado, hay que esperar a que est\u00e9 seco al tacto y proceder a la colocaci\u00f3n de la cinta. Se recomienda usar un secador de pelo para darle calor a la uni\u00f3n y conseguir mejores resultados. Es muy importante que este proceso se realice aplicando presi\u00f3n para asegurar la uni\u00f3n del pegamento, con un rodillo o con una plancha apagada ya que el calor necesario para la uni\u00f3n es m\u00ednimo y con el secador aseguramos el proceso.<\/li>\n<li><strong><em>Con cola de termofusible:<\/em><\/strong><br \/>\nEsta opci\u00f3n requiere un poco mas de trabajo y tiempo, adem\u00e1s de disponer de una pistola de silicona o cola caliente. Hay que aplicar por tramos de unos 10-20cm de pegamento caliente con generosidad (para evitar que se enfr\u00ede antes de unir la cinta) e inmediatamente colocar la cinta en el per\u00edmetro cubriendo con ella la uni\u00f3n entre el tejido secundario y el margen hasta el borde de la alfombra. En esta primera parte solo c\u00e9ntrate en colocar la cinta recta o siguiendo el borde de tu forma, normalmente esta cinta se aplica en alfombras con formas rectas otorgando el mejor resultado final, pero se puede usar en alfombras con formas teniendo en cuenta hacerle cortes he ir solapando las curvas para evitar arrugas antiest\u00e9ticas.<br \/>\nTras este proceso y una vez completes el per\u00edmetro, recomendamos usar una plancha de la ropa para, con el m\u00ednimo calor posible, volver a derretir el pegamento que est\u00e1 entre las capas. De esta forma podemos aplicar calor y presi\u00f3n al mismo tiempo consiguiendo extender el pegamento y aplastando las posibles gotas del pegamento.<\/li>\n<\/ul>\n<p>Una vez realizado uno de estos procesos, se recomienda rematar las terminaciones con una cinta encima de otra a 90\u00ba o haciendo un corte diagonal de 45\u00ba en el caso de una esquina. Tambi\u00e9n se pueden reforzar los picos con mas adhesivo de contacto o cola de termofusible.<\/p>\n<p>Ahora, terminada la parte trasera, tambi\u00e9n puedes colocar una etiqueta entre esta cinta y la alfombra, as\u00ed aparecer\u00e1 t\u00fa informaci\u00f3n o logotipo de manera profesional.<\/p>\n<p><span style=\"color: #ff0000;\">S\u00ed pides mas de una unidad se enviar\u00e1 de manera continuo sin cortes. <em>ejemplo: si a\u00f1ades 5 unidades recibir\u00e1s 5 metros lineales de cinta continua.<\/em><\/span><\/p>\n","protected":false},"excerpt":{"rendered":"<p>Cinta de algod\u00f3n color beige<\/p>\n<ul>\n<li>Dise\u00f1o suave y est\u00e9tico<\/li>\n<li>25mm de ancho<\/li>\n<li>F\u00e1cil aplicaci\u00f3n con adhesivo de contacto o cola caliente<\/li>\n<li>Perfecto para ocultar uniones o colocar etiquetas<\/li>\n<li><span style=\"color: #ff0000;\"><em>Venta por metros sin corte (1ud=1m)<\/em><\/span><\/li>\n<\/ul>\n<p>Ideal para rematar alfombras con un acabado profesional y elegante. \u00a1Marca la diferencia!<\/p>\n","protected":false},"featured_media":21300,"comment_status":"open","ping_status":"closed","template":"","meta":{"site-sidebar-layout":"default","site-content-layout":"","ast-site-content-layout":"default","site-content-style":"default","site-sidebar-style":"default","ast-global-header-display":"","ast-banner-title-visibility":"","ast-main-header-display":"","ast-hfb-above-header-display":"","ast-hfb-below-header-display":"","ast-hfb-mobile-header-display":"","site-post-title":"","ast-breadcrumbs-content":"","ast-featured-img":"","footer-sml-layout":"","ast-disable-related-posts":"","theme-transparent-header-meta":"default","adv-header-id-meta":"","stick-header-meta":"","header-above-stick-meta":"","header-main-stick-meta":"","header-below-stick-meta":"","astra-migrate-meta-layouts":"set","ast-page-background-enabled":"default","ast-page-background-meta":{"desktop":{"background-color":"var(--ast-global-color-4)","background-image":"","background-repeat":"repeat","background-position":"center center","background-size":"auto","background-attachment":"scroll","background-type":"","background-media":"","overlay-type":"","overlay-color":"","overlay-opacity":"","overlay-gradient":""},"tablet":{"background-color":"","background-image":"","background-repeat":"repeat","background-position":"center center","background-size":"auto","background-attachment":"scroll","background-type":"","background-media":"","overlay-type":"","overlay-color":"","overlay-opacity":"","overlay-gradient":""},"mobile":{"background-color":"","background-image":"","background-repeat":"repeat","background-position":"center center","background-size":"auto","background-attachment":"scroll","background-type":"","background-media":"","overlay-type":"","overlay-color":"","overlay-opacity":"","overlay-gradient":""}},"ast-content-background-meta":{"desktop":{"background-color":"var(--ast-global-color-5)","background-image":"","background-repeat":"repeat","background-position":"center center","background-size":"auto","background-attachment":"scroll","background-type":"","background-media":"","overlay-type":"","overlay-color":"","overlay-opacity":"","overlay-gradient":""},"tablet":{"background-color":"var(--ast-global-color-5)","background-image":"","background-repeat":"repeat","background-position":"center center","background-size":"auto","background-attachment":"scroll","background-type":"","background-media":"","overlay-type":"","overlay-color":"","overlay-opacity":"","overlay-gradient":""},"mobile":{"background-color":"var(--ast-global-color-5)","background-image":"","background-repeat":"repeat","background-position":"center center","background-size":"auto","background-attachment":"scroll","background-type":"","background-media":"","overlay-type":"","overlay-color":"","overlay-opacity":"","overlay-gradient":""}}},"product_brand":[],"product_cat":[68,58],"product_tag":[],"class_list":{"0":"post-21205","1":"product","2":"type-product","3":"status-publish","4":"has-post-thumbnail","6":"product_cat-novedades","7":"product_cat-tejidos-tufting","8":"desktop-align-left","9":"tablet-align-left","10":"mobile-align-left","12":"first","13":"instock","14":"featured","15":"taxable","16":"shipping-taxable","17":"purchasable","18":"product-type-simple"},"yoast_head":"<!-- This site is optimized with the Yoast SEO plugin v27.1.1 - https:\/\/yoast.com\/product\/yoast-seo-wordpress\/ -->\n<title>Cinta de 25mm remate alfombras tufting<\/title>\n<meta name=\"description\" content=\"Con esta cinta obtendr\u00e1s un acabado perfecto y visualmente muy profesional. cinta de algod\u00f3n de 25mm de grosor y que puedes comprar por metros.\" \/>\n<meta name=\"robots\" content=\"index, follow, max-snippet:-1, max-image-preview:large, max-video-preview:-1\" \/>\n<link rel=\"canonical\" href=\"https:\/\/tuftingaddicts.com\/en\/Product\/cinta-para-remate-25mm-diseno-beige\/\" \/>\n<meta property=\"og:locale\" content=\"en_US\" \/>\n<meta property=\"og:type\" content=\"article\" \/>\n<meta property=\"og:title\" content=\"Cinta de 25mm remate alfombras tufting\" \/>\n<meta property=\"og:description\" content=\"Con esta cinta obtendr\u00e1s un acabado perfecto y visualmente muy profesional. cinta de algod\u00f3n de 25mm de grosor y que puedes comprar por metros.\" \/>\n<meta property=\"og:url\" content=\"https:\/\/tuftingaddicts.com\/en\/Product\/cinta-para-remate-25mm-diseno-beige\/\" \/>\n<meta property=\"og:site_name\" content=\"Tufting Addicts Spain TUFTING stuff\" \/>\n<meta property=\"article:publisher\" content=\"https:\/\/www.facebook.com\/Tufting-Addicts-107650331396617\/\" \/>\n<meta property=\"article:modified_time\" content=\"2025-12-03T09:33:58+00:00\" \/>\n<meta property=\"og:image\" content=\"https:\/\/tuftingaddicts.com\/wp-content\/uploads\/2025\/05\/Cinta-beige_1.png\" \/>\n\t<meta property=\"og:image:width\" content=\"1080\" \/>\n\t<meta property=\"og:image:height\" content=\"1080\" \/>\n\t<meta property=\"og:image:type\" content=\"image\/png\" \/>\n<meta name=\"twitter:card\" content=\"summary_large_image\" \/>\n<meta name=\"twitter:site\" content=\"@TuftingAddicts\" \/>\n<meta name=\"twitter:label1\" content=\"Est. reading time\" \/>\n\t<meta name=\"twitter:data1\" content=\"3 minutes\" \/>\n<script type=\"application\/ld+json\" class=\"yoast-schema-graph\">{\"@context\":\"https:\/\/schema.org\",\"@graph\":[{\"@type\":\"WebPage\",\"@id\":\"https:\/\/tuftingaddicts.com\/en\/Product\/cinta-para-remate-25mm-diseno-beige\/\",\"url\":\"https:\/\/tuftingaddicts.com\/en\/Product\/cinta-para-remate-25mm-diseno-beige\/\",\"name\":\"Cinta de 25mm remate alfombras tufting\",\"isPartOf\":{\"@id\":\"https:\/\/tuftingaddicts.com\/en\/#website\"},\"primaryImageOfPage\":{\"@id\":\"https:\/\/tuftingaddicts.com\/en\/Product\/cinta-para-remate-25mm-diseno-beige\/#primaryimage\"},\"image\":{\"@id\":\"https:\/\/tuftingaddicts.com\/en\/Product\/cinta-para-remate-25mm-diseno-beige\/#primaryimage\"},\"thumbnailUrl\":\"https:\/\/tuftingaddicts.com\/wp-content\/uploads\/2025\/05\/Cinta-beige_1.png\",\"datePublished\":\"2025-06-06T17:13:00+00:00\",\"dateModified\":\"2025-12-03T09:33:58+00:00\",\"description\":\"Con esta cinta obtendr\u00e1s un acabado perfecto y visualmente muy profesional. cinta de algod\u00f3n de 25mm de grosor y que puedes comprar por metros.\",\"breadcrumb\":{\"@id\":\"https:\/\/tuftingaddicts.com\/en\/Product\/cinta-para-remate-25mm-diseno-beige\/#breadcrumb\"},\"inLanguage\":\"en-US\",\"potentialAction\":[{\"@type\":\"ReadAction\",\"target\":[\"https:\/\/tuftingaddicts.com\/en\/Product\/cinta-para-remate-25mm-diseno-beige\/\"]}]},{\"@type\":\"ImageObject\",\"inLanguage\":\"en-US\",\"@id\":\"https:\/\/tuftingaddicts.com\/en\/Product\/cinta-para-remate-25mm-diseno-beige\/#primaryimage\",\"url\":\"https:\/\/tuftingaddicts.com\/wp-content\/uploads\/2025\/05\/Cinta-beige_1.png\",\"contentUrl\":\"https:\/\/tuftingaddicts.com\/wp-content\/uploads\/2025\/05\/Cinta-beige_1.png\",\"width\":1080,\"height\":1080},{\"@type\":\"BreadcrumbList\",\"@id\":\"https:\/\/tuftingaddicts.com\/en\/Product\/cinta-para-remate-25mm-diseno-beige\/#breadcrumb\",\"itemListElement\":[{\"@type\":\"ListItem\",\"position\":1,\"name\":\"Portada\",\"item\":\"https:\/\/tuftingaddicts.com\/en\/\"},{\"@type\":\"ListItem\",\"position\":2,\"name\":\"Shop\",\"item\":\"https:\/\/tuftingaddicts.com\/en\/shop\/\"},{\"@type\":\"ListItem\",\"position\":3,\"name\":\"Fabrics\",\"item\":\"https:\/\/tuftingaddicts.com\/en\/family\/fabrics-tufting\/\"},{\"@type\":\"ListItem\",\"position\":4,\"name\":\"Cinta para remate 25mm beige\"}]},{\"@type\":\"WebSite\",\"@id\":\"https:\/\/tuftingaddicts.com\/en\/#website\",\"url\":\"https:\/\/tuftingaddicts.com\/en\/\",\"name\":\"Tufting Addicts Espa\u00f1a material TUFTING\",\"description\":\"Proveedor de material para hacer alfombras por Tufting manual, lanas y tejidos.\",\"publisher\":{\"@id\":\"https:\/\/tuftingaddicts.com\/en\/#organization\"},\"potentialAction\":[{\"@type\":\"SearchAction\",\"target\":{\"@type\":\"EntryPoint\",\"urlTemplate\":\"https:\/\/tuftingaddicts.com\/en\/?s={search_term_string}\"},\"query-input\":{\"@type\":\"PropertyValueSpecification\",\"valueRequired\":true,\"valueName\":\"search_term_string\"}}],\"inLanguage\":\"en-US\"},{\"@type\":\"Organization\",\"@id\":\"https:\/\/tuftingaddicts.com\/en\/#organization\",\"name\":\"Tufting Addicts\",\"url\":\"https:\/\/tuftingaddicts.com\/en\/\",\"logo\":{\"@type\":\"ImageObject\",\"inLanguage\":\"en-US\",\"@id\":\"https:\/\/tuftingaddicts.com\/en\/#\/schema\/logo\/image\/\",\"url\":\"https:\/\/tuftingaddicts.com\/wp-content\/uploads\/2021\/04\/Transparente-70x20mm.png\",\"contentUrl\":\"https:\/\/tuftingaddicts.com\/wp-content\/uploads\/2021\/04\/Transparente-70x20mm.png\",\"width\":827,\"height\":236,\"caption\":\"Tufting Addicts\"},\"image\":{\"@id\":\"https:\/\/tuftingaddicts.com\/en\/#\/schema\/logo\/image\/\"},\"sameAs\":[\"https:\/\/www.facebook.com\/Tufting-Addicts-107650331396617\/\",\"https:\/\/x.com\/TuftingAddicts\",\"https:\/\/www.instagram.com\/tufting.addicts\/\"]}]}<\/script>\n<!-- \/ Yoast SEO plugin. -->","yoast_head_json":{"title":"Cinta de 25mm remate alfombras tufting","description":"Con esta cinta obtendr\u00e1s un acabado perfecto y visualmente muy profesional. cinta de algod\u00f3n de 25mm de grosor y que puedes comprar por metros.","robots":{"index":"index","follow":"follow","max-snippet":"max-snippet:-1","max-image-preview":"max-image-preview:large","max-video-preview":"max-video-preview:-1"},"canonical":"https:\/\/tuftingaddicts.com\/en\/Product\/cinta-para-remate-25mm-diseno-beige\/","og_locale":"en_US","og_type":"article","og_title":"Cinta de 25mm remate alfombras tufting","og_description":"Con esta cinta obtendr\u00e1s un acabado perfecto y visualmente muy profesional. cinta de algod\u00f3n de 25mm de grosor y que puedes comprar por metros.","og_url":"https:\/\/tuftingaddicts.com\/en\/Product\/cinta-para-remate-25mm-diseno-beige\/","og_site_name":"Tufting Addicts Spain TUFTING stuff","article_publisher":"https:\/\/www.facebook.com\/Tufting-Addicts-107650331396617\/","article_modified_time":"2025-12-03T09:33:58+00:00","og_image":[{"width":1080,"height":1080,"url":"https:\/\/tuftingaddicts.com\/wp-content\/uploads\/2025\/05\/Cinta-beige_1.png","type":"image\/png"}],"twitter_card":"summary_large_image","twitter_site":"@TuftingAddicts","twitter_misc":{"Est. reading time":"3 minutes"},"schema":{"@context":"https:\/\/schema.org","@graph":[{"@type":"WebPage","@id":"https:\/\/tuftingaddicts.com\/en\/Product\/cinta-para-remate-25mm-diseno-beige\/","url":"https:\/\/tuftingaddicts.com\/en\/Product\/cinta-para-remate-25mm-diseno-beige\/","name":"Cinta de 25mm remate alfombras tufting","isPartOf":{"@id":"https:\/\/tuftingaddicts.com\/en\/#website"},"primaryImageOfPage":{"@id":"https:\/\/tuftingaddicts.com\/en\/Product\/cinta-para-remate-25mm-diseno-beige\/#primaryimage"},"image":{"@id":"https:\/\/tuftingaddicts.com\/en\/Product\/cinta-para-remate-25mm-diseno-beige\/#primaryimage"},"thumbnailUrl":"https:\/\/tuftingaddicts.com\/wp-content\/uploads\/2025\/05\/Cinta-beige_1.png","datePublished":"2025-06-06T17:13:00+00:00","dateModified":"2025-12-03T09:33:58+00:00","description":"Con esta cinta obtendr\u00e1s un acabado perfecto y visualmente muy profesional. cinta de algod\u00f3n de 25mm de grosor y que puedes comprar por metros.","breadcrumb":{"@id":"https:\/\/tuftingaddicts.com\/en\/Product\/cinta-para-remate-25mm-diseno-beige\/#breadcrumb"},"inLanguage":"en-US","potentialAction":[{"@type":"ReadAction","target":["https:\/\/tuftingaddicts.com\/en\/Product\/cinta-para-remate-25mm-diseno-beige\/"]}]},{"@type":"ImageObject","inLanguage":"en-US","@id":"https:\/\/tuftingaddicts.com\/en\/Product\/cinta-para-remate-25mm-diseno-beige\/#primaryimage","url":"https:\/\/tuftingaddicts.com\/wp-content\/uploads\/2025\/05\/Cinta-beige_1.png","contentUrl":"https:\/\/tuftingaddicts.com\/wp-content\/uploads\/2025\/05\/Cinta-beige_1.png","width":1080,"height":1080},{"@type":"BreadcrumbList","@id":"https:\/\/tuftingaddicts.com\/en\/Product\/cinta-para-remate-25mm-diseno-beige\/#breadcrumb","itemListElement":[{"@type":"ListItem","position":1,"name":"Portada","item":"https:\/\/tuftingaddicts.com\/en\/"},{"@type":"ListItem","position":2,"name":"Shop","item":"https:\/\/tuftingaddicts.com\/en\/shop\/"},{"@type":"ListItem","position":3,"name":"Fabrics","item":"https:\/\/tuftingaddicts.com\/en\/family\/fabrics-tufting\/"},{"@type":"ListItem","position":4,"name":"Cinta para remate 25mm beige"}]},{"@type":"WebSite","@id":"https:\/\/tuftingaddicts.com\/en\/#website","url":"https:\/\/tuftingaddicts.com\/en\/","name":"Tufting Addicts Espa\u00f1a material TUFTING","description":"Proveedor de material para hacer alfombras por Tufting manual, lanas y tejidos.","publisher":{"@id":"https:\/\/tuftingaddicts.com\/en\/#organization"},"potentialAction":[{"@type":"SearchAction","target":{"@type":"EntryPoint","urlTemplate":"https:\/\/tuftingaddicts.com\/en\/?s={search_term_string}"},"query-input":{"@type":"PropertyValueSpecification","valueRequired":true,"valueName":"search_term_string"}}],"inLanguage":"en-US"},{"@type":"Organization","@id":"https:\/\/tuftingaddicts.com\/en\/#organization","name":"Tufting Addicts","url":"https:\/\/tuftingaddicts.com\/en\/","logo":{"@type":"ImageObject","inLanguage":"en-US","@id":"https:\/\/tuftingaddicts.com\/en\/#\/schema\/logo\/image\/","url":"https:\/\/tuftingaddicts.com\/wp-content\/uploads\/2021\/04\/Transparente-70x20mm.png","contentUrl":"https:\/\/tuftingaddicts.com\/wp-content\/uploads\/2021\/04\/Transparente-70x20mm.png","width":827,"height":236,"caption":"Tufting Addicts"},"image":{"@id":"https:\/\/tuftingaddicts.com\/en\/#\/schema\/logo\/image\/"},"sameAs":["https:\/\/www.facebook.com\/Tufting-Addicts-107650331396617\/","https:\/\/x.com\/TuftingAddicts","https:\/\/www.instagram.com\/tufting.addicts\/"]}]}},"jetpack_sharing_enabled":true,"_links":{"self":[{"href":"https:\/\/tuftingaddicts.com\/en\/wp-json\/wp\/v2\/product\/21205","targetHints":{"allow":["GET"]}}],"collection":[{"href":"https:\/\/tuftingaddicts.com\/en\/wp-json\/wp\/v2\/product"}],"about":[{"href":"https:\/\/tuftingaddicts.com\/en\/wp-json\/wp\/v2\/types\/product"}],"replies":[{"embeddable":true,"href":"https:\/\/tuftingaddicts.com\/en\/wp-json\/wp\/v2\/comments?post=21205"}],"version-history":[{"count":0,"href":"https:\/\/tuftingaddicts.com\/en\/wp-json\/wp\/v2\/product\/21205\/revisions"}],"wp:featuredmedia":[{"embeddable":true,"href":"https:\/\/tuftingaddicts.com\/en\/wp-json\/wp\/v2\/media\/21300"}],"wp:attachment":[{"href":"https:\/\/tuftingaddicts.com\/en\/wp-json\/wp\/v2\/media?parent=21205"}],"wp:term":[{"taxonomy":"product_brand","embeddable":true,"href":"https:\/\/tuftingaddicts.com\/en\/wp-json\/wp\/v2\/product_brand?post=21205"},{"taxonomy":"product_cat","embeddable":true,"href":"https:\/\/tuftingaddicts.com\/en\/wp-json\/wp\/v2\/product_cat?post=21205"},{"taxonomy":"product_tag","embeddable":true,"href":"https:\/\/tuftingaddicts.com\/en\/wp-json\/wp\/v2\/product_tag?post=21205"}],"curies":[{"name":"wp","href":"https:\/\/api.w.org\/{rel}","templated":true}]}}