{"id":20325,"date":"2025-03-11T12:41:34","date_gmt":"2025-03-11T11:41:34","guid":{"rendered":"https:\/\/tuftingaddicts.com\/?post_type=product&#038;p=20325"},"modified":"2025-10-08T10:16:04","modified_gmt":"2025-10-08T09:16:04","slug":"carcasa-maquina-tufting","status":"publish","type":"product","link":"https:\/\/tuftingaddicts.com\/en\/Product\/carcasa-maquina-tufting\/","title":{"rendered":"Cascasa m\u00e1quina de tufting AK-I o 2 en 1"},"content":{"rendered":"<p><span style=\"font-size: 1.5em; font-weight: bold;\">Carcasa para m\u00e1quinas de tufting<\/span><\/p>\n<div class=\"woocommerce-product-details__short-description\">\n<p data-start=\"0\" data-end=\"340\"><span data-start=\"3\" data-end=\"43\">Esta <strong>c<\/strong><\/span><strong data-start=\"3\" data-end=\"43\">arcasa azul para m\u00e1quina de tufting<\/strong> es un accesorio dise\u00f1ado espec\u00edficamente para proteger y prolongar la vida \u00fatil de las <a href=\"https:\/\/tuftingaddicts.com\/categor%C3%ADa\/maquinas-tufting-gun\/\">m\u00e1quinas de tufting<\/a>. Su funci\u00f3n principal es resguardar la m\u00e1quina contra golpes, polvo, suciedad y el desgaste natural que puede ocurrir con el uso.<\/p>\n<p data-start=\"342\" data-end=\"702\">Fabricada con materiales de gran resistencia,\u00a0 esta carcasa proporciona una barrera protectora sin comprometer el rendimiento ni la ergonom\u00eda del dispositivo. Su ajuste preciso garantiza que todas las funciones de la m\u00e1quina de tufting sigan operando sin interferencias, manteniendo la comodidad y seguridad del usuario.<\/p>\n<p data-start=\"704\" data-end=\"1001\">El dise\u00f1o en color azul no solo cumple una funci\u00f3n est\u00e9tica, sino que tambi\u00e9n facilita la identificaci\u00f3n r\u00e1pida del equipo en un \u00e1rea de trabajo con m\u00faltiples herramientas. Adem\u00e1s, su instalaci\u00f3n es sencilla y no requiere conocimientos t\u00e9cnicos avanzados.<\/p>\n<p data-start=\"1003\" data-end=\"1349\" data-is-last-node=\"\" data-is-only-node=\"\">Este accesorio es ideal para mantener las <a href=\"https:\/\/tuftingaddicts.com\/producto\/maquina-tufting-gun-corte\/\">m\u00e1quinas de tufting<\/a> en \u00f3ptimas condiciones. Gracias a la protecci\u00f3n adicional que ofrece, ayuda a evitar da\u00f1os accidentales, lo que se traduce en una mayor durabilidad y menor necesidad de mantenimiento o reparaciones.<\/p>\n<\/div>\n","protected":false},"excerpt":{"rendered":"<p>Carcasa para m\u00e1quinas de tufting modelo AK-I o 2 en 1<\/p>\n<ul>\n<li>Pl\u00e1stico<b><\/b><\/li>\n<li>Color azul.<\/li>\n<li>Para modelos AK-I o 2 en 1.<\/li>\n<li>F\u00e1cil montaje<\/li>\n<\/ul>\n<p>Protege tu m\u00e1quina de tufting de golpes accidentales y consigue una mayor durabilidad.<\/p>\n","protected":false},"featured_media":21248,"comment_status":"open","ping_status":"closed","template":"","meta":{"site-sidebar-layout":"default","site-content-layout":"default","ast-site-content-layout":"default","site-content-style":"default","site-sidebar-style":"default","ast-global-header-display":"","ast-banner-title-visibility":"","ast-main-header-display":"","ast-hfb-above-header-display":"","ast-hfb-below-header-display":"","ast-hfb-mobile-header-display":"","site-post-title":"","ast-breadcrumbs-content":"","ast-featured-img":"","footer-sml-layout":"","ast-disable-related-posts":"","theme-transparent-header-meta":"default","adv-header-id-meta":"","stick-header-meta":"","header-above-stick-meta":"","header-main-stick-meta":"","header-below-stick-meta":"","astra-migrate-meta-layouts":"set","ast-page-background-enabled":"default","ast-page-background-meta":{"desktop":{"background-color":"var(--ast-global-color-4)","background-image":"","background-repeat":"repeat","background-position":"center center","background-size":"auto","background-attachment":"scroll","background-type":"","background-media":"","overlay-type":"","overlay-color":"","overlay-opacity":"","overlay-gradient":""},"tablet":{"background-color":"","background-image":"","background-repeat":"repeat","background-position":"center center","background-size":"auto","background-attachment":"scroll","background-type":"","background-media":"","overlay-type":"","overlay-color":"","overlay-opacity":"","overlay-gradient":""},"mobile":{"background-color":"","background-image":"","background-repeat":"repeat","background-position":"center center","background-size":"auto","background-attachment":"scroll","background-type":"","background-media":"","overlay-type":"","overlay-color":"","overlay-opacity":"","overlay-gradient":""}},"ast-content-background-meta":{"desktop":{"background-color":"var(--ast-global-color-5)","background-image":"","background-repeat":"repeat","background-position":"center center","background-size":"auto","background-attachment":"scroll","background-type":"","background-media":"","overlay-type":"","overlay-color":"","overlay-opacity":"","overlay-gradient":""},"tablet":{"background-color":"var(--ast-global-color-5)","background-image":"","background-repeat":"repeat","background-position":"center center","background-size":"auto","background-attachment":"scroll","background-type":"","background-media":"","overlay-type":"","overlay-color":"","overlay-opacity":"","overlay-gradient":""},"mobile":{"background-color":"var(--ast-global-color-5)","background-image":"","background-repeat":"repeat","background-position":"center center","background-size":"auto","background-attachment":"scroll","background-type":"","background-media":"","overlay-type":"","overlay-color":"","overlay-opacity":"","overlay-gradient":""}}},"product_brand":[],"product_cat":[497],"product_tag":[142,150,154,141,152,153,155,149,156,143,137,139,145,144,140,146,147,148,138],"class_list":{"0":"post-20325","1":"product","2":"type-product","3":"status-publish","4":"has-post-thumbnail","6":"product_cat-outlet","7":"product_tag-aida","8":"product_tag-alfombra-2","9":"product_tag-algodon","10":"product_tag-monks","11":"product_tag-moqueta","12":"product_tag-poliester","13":"product_tag-primary","14":"product_tag-rugs","15":"product_tag-secondary","16":"product_tag-tejido","17":"product_tag-tejido-tufting-2","18":"product_tag-tejido-tufting","19":"product_tag-tejidos","20":"product_tag-tela","21":"product_tag-tela-tufting","22":"product_tag-telas","23":"product_tag-tufting","24":"product_tag-tufting-gun","25":"product_tag-tufting-tejido","26":"desktop-align-left","27":"tablet-align-left","28":"mobile-align-left","30":"first","31":"instock","32":"sale","33":"taxable","34":"shipping-taxable","35":"purchasable","36":"product-type-simple"},"yoast_head":"<!-- This site is optimized with the Yoast SEO plugin v27.1.1 - https:\/\/yoast.com\/product\/yoast-seo-wordpress\/ -->\n<title>tejido tufting gris primario<\/title>\n<meta name=\"robots\" content=\"index, follow, max-snippet:-1, max-image-preview:large, max-video-preview:-1\" \/>\n<link rel=\"canonical\" href=\"https:\/\/tuftingaddicts.com\/en\/Product\/carcasa-maquina-tufting\/\" \/>\n<meta property=\"og:locale\" content=\"en_US\" \/>\n<meta property=\"og:type\" content=\"article\" \/>\n<meta property=\"og:title\" content=\"tejido tufting gris primario\" \/>\n<meta property=\"og:description\" content=\"Carcasa para m\u00e1quinas de tufting modelo AK-I o 2 en 1   Pl\u00e1stico  Color azul.  Para modelos AK-I o 2 en 1.  F\u00e1cil montaje  Protege tu m\u00e1quina de tufting de golpes accidentales y consigue una mayor durabilidad.\" \/>\n<meta property=\"og:url\" content=\"https:\/\/tuftingaddicts.com\/en\/Product\/carcasa-maquina-tufting\/\" \/>\n<meta property=\"og:site_name\" content=\"Tufting Addicts Spain TUFTING stuff\" \/>\n<meta property=\"article:publisher\" content=\"https:\/\/www.facebook.com\/Tufting-Addicts-107650331396617\/\" \/>\n<meta property=\"article:modified_time\" content=\"2025-10-08T09:16:04+00:00\" \/>\n<meta property=\"og:image\" content=\"https:\/\/tuftingaddicts.com\/wp-content\/uploads\/2025\/03\/226.png\" \/>\n\t<meta property=\"og:image:width\" content=\"1080\" \/>\n\t<meta property=\"og:image:height\" content=\"1080\" \/>\n\t<meta property=\"og:image:type\" content=\"image\/png\" \/>\n<meta name=\"twitter:card\" content=\"summary_large_image\" \/>\n<meta name=\"twitter:site\" content=\"@TuftingAddicts\" \/>\n<meta name=\"twitter:label1\" content=\"Est. reading time\" \/>\n\t<meta name=\"twitter:data1\" content=\"2 minutes\" \/>\n<script type=\"application\/ld+json\" class=\"yoast-schema-graph\">{\"@context\":\"https:\/\/schema.org\",\"@graph\":[{\"@type\":\"WebPage\",\"@id\":\"https:\/\/tuftingaddicts.com\/en\/Product\/carcasa-maquina-tufting\/\",\"url\":\"https:\/\/tuftingaddicts.com\/en\/Product\/carcasa-maquina-tufting\/\",\"name\":\"tejido tufting gris primario\",\"isPartOf\":{\"@id\":\"https:\/\/tuftingaddicts.com\/en\/#website\"},\"primaryImageOfPage\":{\"@id\":\"https:\/\/tuftingaddicts.com\/en\/Product\/carcasa-maquina-tufting\/#primaryimage\"},\"image\":{\"@id\":\"https:\/\/tuftingaddicts.com\/en\/Product\/carcasa-maquina-tufting\/#primaryimage\"},\"thumbnailUrl\":\"https:\/\/tuftingaddicts.com\/wp-content\/uploads\/2025\/03\/226.png\",\"datePublished\":\"2025-03-11T11:41:34+00:00\",\"dateModified\":\"2025-10-08T09:16:04+00:00\",\"breadcrumb\":{\"@id\":\"https:\/\/tuftingaddicts.com\/en\/Product\/carcasa-maquina-tufting\/#breadcrumb\"},\"inLanguage\":\"en-US\",\"potentialAction\":[{\"@type\":\"ReadAction\",\"target\":[\"https:\/\/tuftingaddicts.com\/en\/Product\/carcasa-maquina-tufting\/\"]}]},{\"@type\":\"ImageObject\",\"inLanguage\":\"en-US\",\"@id\":\"https:\/\/tuftingaddicts.com\/en\/Product\/carcasa-maquina-tufting\/#primaryimage\",\"url\":\"https:\/\/tuftingaddicts.com\/wp-content\/uploads\/2025\/03\/226.png\",\"contentUrl\":\"https:\/\/tuftingaddicts.com\/wp-content\/uploads\/2025\/03\/226.png\",\"width\":1080,\"height\":1080},{\"@type\":\"BreadcrumbList\",\"@id\":\"https:\/\/tuftingaddicts.com\/en\/Product\/carcasa-maquina-tufting\/#breadcrumb\",\"itemListElement\":[{\"@type\":\"ListItem\",\"position\":1,\"name\":\"Portada\",\"item\":\"https:\/\/tuftingaddicts.com\/en\/\"},{\"@type\":\"ListItem\",\"position\":2,\"name\":\"Shop\",\"item\":\"https:\/\/tuftingaddicts.com\/en\/shop\/\"},{\"@type\":\"ListItem\",\"position\":3,\"name\":\"Outlet\",\"item\":\"https:\/\/tuftingaddicts.com\/en\/family\/outlet-en\/\"},{\"@type\":\"ListItem\",\"position\":4,\"name\":\"Cascasa m\u00e1quina de tufting AK-I o 2 en 1\"}]},{\"@type\":\"WebSite\",\"@id\":\"https:\/\/tuftingaddicts.com\/en\/#website\",\"url\":\"https:\/\/tuftingaddicts.com\/en\/\",\"name\":\"Tufting Addicts Espa\u00f1a material TUFTING\",\"description\":\"Proveedor de material para hacer alfombras por Tufting manual, lanas y tejidos.\",\"publisher\":{\"@id\":\"https:\/\/tuftingaddicts.com\/en\/#organization\"},\"potentialAction\":[{\"@type\":\"SearchAction\",\"target\":{\"@type\":\"EntryPoint\",\"urlTemplate\":\"https:\/\/tuftingaddicts.com\/en\/?s={search_term_string}\"},\"query-input\":{\"@type\":\"PropertyValueSpecification\",\"valueRequired\":true,\"valueName\":\"search_term_string\"}}],\"inLanguage\":\"en-US\"},{\"@type\":\"Organization\",\"@id\":\"https:\/\/tuftingaddicts.com\/en\/#organization\",\"name\":\"Tufting Addicts\",\"url\":\"https:\/\/tuftingaddicts.com\/en\/\",\"logo\":{\"@type\":\"ImageObject\",\"inLanguage\":\"en-US\",\"@id\":\"https:\/\/tuftingaddicts.com\/en\/#\/schema\/logo\/image\/\",\"url\":\"https:\/\/tuftingaddicts.com\/wp-content\/uploads\/2021\/04\/Transparente-70x20mm.png\",\"contentUrl\":\"https:\/\/tuftingaddicts.com\/wp-content\/uploads\/2021\/04\/Transparente-70x20mm.png\",\"width\":827,\"height\":236,\"caption\":\"Tufting Addicts\"},\"image\":{\"@id\":\"https:\/\/tuftingaddicts.com\/en\/#\/schema\/logo\/image\/\"},\"sameAs\":[\"https:\/\/www.facebook.com\/Tufting-Addicts-107650331396617\/\",\"https:\/\/x.com\/TuftingAddicts\",\"https:\/\/www.instagram.com\/tufting.addicts\/\"]}]}<\/script>\n<!-- \/ Yoast SEO plugin. -->","yoast_head_json":{"title":"tejido tufting gris primario","robots":{"index":"index","follow":"follow","max-snippet":"max-snippet:-1","max-image-preview":"max-image-preview:large","max-video-preview":"max-video-preview:-1"},"canonical":"https:\/\/tuftingaddicts.com\/en\/Product\/carcasa-maquina-tufting\/","og_locale":"en_US","og_type":"article","og_title":"tejido tufting gris primario","og_description":"Carcasa para m\u00e1quinas de tufting modelo AK-I o 2 en 1   Pl\u00e1stico  Color azul.  Para modelos AK-I o 2 en 1.  F\u00e1cil montaje  Protege tu m\u00e1quina de tufting de golpes accidentales y consigue una mayor durabilidad.","og_url":"https:\/\/tuftingaddicts.com\/en\/Product\/carcasa-maquina-tufting\/","og_site_name":"Tufting Addicts Spain TUFTING stuff","article_publisher":"https:\/\/www.facebook.com\/Tufting-Addicts-107650331396617\/","article_modified_time":"2025-10-08T09:16:04+00:00","og_image":[{"width":1080,"height":1080,"url":"https:\/\/tuftingaddicts.com\/wp-content\/uploads\/2025\/03\/226.png","type":"image\/png"}],"twitter_card":"summary_large_image","twitter_site":"@TuftingAddicts","twitter_misc":{"Est. reading time":"2 minutes"},"schema":{"@context":"https:\/\/schema.org","@graph":[{"@type":"WebPage","@id":"https:\/\/tuftingaddicts.com\/en\/Product\/carcasa-maquina-tufting\/","url":"https:\/\/tuftingaddicts.com\/en\/Product\/carcasa-maquina-tufting\/","name":"tejido tufting gris primario","isPartOf":{"@id":"https:\/\/tuftingaddicts.com\/en\/#website"},"primaryImageOfPage":{"@id":"https:\/\/tuftingaddicts.com\/en\/Product\/carcasa-maquina-tufting\/#primaryimage"},"image":{"@id":"https:\/\/tuftingaddicts.com\/en\/Product\/carcasa-maquina-tufting\/#primaryimage"},"thumbnailUrl":"https:\/\/tuftingaddicts.com\/wp-content\/uploads\/2025\/03\/226.png","datePublished":"2025-03-11T11:41:34+00:00","dateModified":"2025-10-08T09:16:04+00:00","breadcrumb":{"@id":"https:\/\/tuftingaddicts.com\/en\/Product\/carcasa-maquina-tufting\/#breadcrumb"},"inLanguage":"en-US","potentialAction":[{"@type":"ReadAction","target":["https:\/\/tuftingaddicts.com\/en\/Product\/carcasa-maquina-tufting\/"]}]},{"@type":"ImageObject","inLanguage":"en-US","@id":"https:\/\/tuftingaddicts.com\/en\/Product\/carcasa-maquina-tufting\/#primaryimage","url":"https:\/\/tuftingaddicts.com\/wp-content\/uploads\/2025\/03\/226.png","contentUrl":"https:\/\/tuftingaddicts.com\/wp-content\/uploads\/2025\/03\/226.png","width":1080,"height":1080},{"@type":"BreadcrumbList","@id":"https:\/\/tuftingaddicts.com\/en\/Product\/carcasa-maquina-tufting\/#breadcrumb","itemListElement":[{"@type":"ListItem","position":1,"name":"Portada","item":"https:\/\/tuftingaddicts.com\/en\/"},{"@type":"ListItem","position":2,"name":"Shop","item":"https:\/\/tuftingaddicts.com\/en\/shop\/"},{"@type":"ListItem","position":3,"name":"Outlet","item":"https:\/\/tuftingaddicts.com\/en\/family\/outlet-en\/"},{"@type":"ListItem","position":4,"name":"Cascasa m\u00e1quina de tufting AK-I o 2 en 1"}]},{"@type":"WebSite","@id":"https:\/\/tuftingaddicts.com\/en\/#website","url":"https:\/\/tuftingaddicts.com\/en\/","name":"Tufting Addicts Espa\u00f1a material TUFTING","description":"Proveedor de material para hacer alfombras por Tufting manual, lanas y tejidos.","publisher":{"@id":"https:\/\/tuftingaddicts.com\/en\/#organization"},"potentialAction":[{"@type":"SearchAction","target":{"@type":"EntryPoint","urlTemplate":"https:\/\/tuftingaddicts.com\/en\/?s={search_term_string}"},"query-input":{"@type":"PropertyValueSpecification","valueRequired":true,"valueName":"search_term_string"}}],"inLanguage":"en-US"},{"@type":"Organization","@id":"https:\/\/tuftingaddicts.com\/en\/#organization","name":"Tufting Addicts","url":"https:\/\/tuftingaddicts.com\/en\/","logo":{"@type":"ImageObject","inLanguage":"en-US","@id":"https:\/\/tuftingaddicts.com\/en\/#\/schema\/logo\/image\/","url":"https:\/\/tuftingaddicts.com\/wp-content\/uploads\/2021\/04\/Transparente-70x20mm.png","contentUrl":"https:\/\/tuftingaddicts.com\/wp-content\/uploads\/2021\/04\/Transparente-70x20mm.png","width":827,"height":236,"caption":"Tufting Addicts"},"image":{"@id":"https:\/\/tuftingaddicts.com\/en\/#\/schema\/logo\/image\/"},"sameAs":["https:\/\/www.facebook.com\/Tufting-Addicts-107650331396617\/","https:\/\/x.com\/TuftingAddicts","https:\/\/www.instagram.com\/tufting.addicts\/"]}]}},"jetpack_sharing_enabled":true,"_links":{"self":[{"href":"https:\/\/tuftingaddicts.com\/en\/wp-json\/wp\/v2\/product\/20325","targetHints":{"allow":["GET"]}}],"collection":[{"href":"https:\/\/tuftingaddicts.com\/en\/wp-json\/wp\/v2\/product"}],"about":[{"href":"https:\/\/tuftingaddicts.com\/en\/wp-json\/wp\/v2\/types\/product"}],"replies":[{"embeddable":true,"href":"https:\/\/tuftingaddicts.com\/en\/wp-json\/wp\/v2\/comments?post=20325"}],"version-history":[{"count":0,"href":"https:\/\/tuftingaddicts.com\/en\/wp-json\/wp\/v2\/product\/20325\/revisions"}],"wp:featuredmedia":[{"embeddable":true,"href":"https:\/\/tuftingaddicts.com\/en\/wp-json\/wp\/v2\/media\/21248"}],"wp:attachment":[{"href":"https:\/\/tuftingaddicts.com\/en\/wp-json\/wp\/v2\/media?parent=20325"}],"wp:term":[{"taxonomy":"product_brand","embeddable":true,"href":"https:\/\/tuftingaddicts.com\/en\/wp-json\/wp\/v2\/product_brand?post=20325"},{"taxonomy":"product_cat","embeddable":true,"href":"https:\/\/tuftingaddicts.com\/en\/wp-json\/wp\/v2\/product_cat?post=20325"},{"taxonomy":"product_tag","embeddable":true,"href":"https:\/\/tuftingaddicts.com\/en\/wp-json\/wp\/v2\/product_tag?post=20325"}],"curies":[{"name":"wp","href":"https:\/\/api.w.org\/{rel}","templated":true}]}}