{"id":20314,"date":"2025-03-11T12:30:12","date_gmt":"2025-03-11T11:30:12","guid":{"rendered":"https:\/\/tuftingaddicts.com\/?post_type=product&#038;p=20314"},"modified":"2026-02-03T13:56:17","modified_gmt":"2026-02-03T12:56:17","slug":"adhesivo-de-contacto-en-spray-outlet","status":"publish","type":"product","link":"https:\/\/tuftingaddicts.com\/en\/Product\/adhesivo-de-contacto-en-spray-outlet\/","title":{"rendered":"Adhesivo de contacto en spray con desperfecto en el envase"},"content":{"rendered":"<h4>Adhesivo de contacto en formato spray 500ml.<\/h4>\n<p>Agiliza tus trabajos con esta cola de contacto en formato spray y haz que el trabajo de acabar tus alfombras sea m\u00e1s sencillo, limpio y pr\u00e1ctico.<\/p>\n<p>Gracias a su aplicaci\u00f3n de pulverizado disperso, tendremos una aplicaci\u00f3n sencilla y limpia.<\/p>\n<p>Boquilla especialmente dise\u00f1ada, que crea una aplicaci\u00f3n con un abanico alargado de unos 12cm, podremos dirigir el producto a la parte que deseemos, evitando derrochar producto y conseguir una aplicaci\u00f3n de precisi\u00f3n.<img fetchpriority=\"high\" decoding=\"async\" class=\"wp-image-16637 alignleft\" src=\"https:\/\/tuftingaddicts.com\/wp-content\/uploads\/2022\/07\/bostik.gif\" alt=\"\" width=\"365\" height=\"365\" \/><\/p>\n<p>Adem\u00e1s, su boquilla es <em><strong>ajustable en el \u00e1ngulo de salida<\/strong><\/em>, por lo que te permite hacer el trazo de aplicaci\u00f3n <em><strong>tanto en vertical, horizontal como en \u00e1ngulo<\/strong><\/em>, adapt\u00e1ndose al m\u00e9todo de trabajo de cada artesano.<\/p>\n<p>&nbsp;<\/p>\n<p>A pesar de ser una cola de contacto, apenas tiene olor, pudiendo utilizarse en espacios mas &#8220;caseros&#8221; donde tenemos el taller como en la misma vivienda y sin una buena ventilaci\u00f3n, no por ello debemos olvidarnos que se trata de un producto qu\u00edmico con solventes con gas a presi\u00f3n y por ello recomendamos su uso en exteriores o sitios con buena ventilaci\u00f3n.<\/p>\n<p>Esta cola de contacto es ideal para rematar y fijar los bordes de la alfombra a la parte trasera de esta.<\/p>\n<p>Disponible en conjuntos de varias unidades para que puedas ahorrar.<\/p>\n<h5>APLICACI\u00d3N:<\/h5>\n<p>Una vez finalizada la alfombra, puesto y seco el tejido secundario. Corta la pieza dejando un margen de unos 10cm de tejido o a gusto. Aplica un par de pasadas generosas del producto en los bordes del tejido y la distancia proporcional hacia el interior de la alfombra (distancia de unos 15-20cm) y esperar 1 MINUTO. Pasado este tiempo, aplica una segunda capa para conseguir una uni\u00f3n fuerte y duradera. Dejar secar al menos 1 MINUTO m\u00e1s y doblar el tejido hacia el interior <em>ejerciendo presi\u00f3n<\/em> y asegurando el contacto de las dos superficies a unir <em>(se recomienda aplicar algo de aire caliente sobre las superficies aplicadas con adhesivo justo antes de unir ambas partes, sobre todo en climas fr\u00edos. esto facilita y mejora la uni\u00f3n entre ambas partes)<\/em>. Rematamos las esquinas o curvas con cortes para que queden perfectas y ya tendremos nuestros bordes fijados y rematados.<\/p>\n<p>La uni\u00f3n es pr\u00e1cticamente instant\u00e1nea, pero se recomienda dejar secar al menos 12 horas antes de manipular de nuevo la alfombra.<\/p>\n<p>&nbsp;<\/p>\n<h6><em>En caso de mancharse limpiar cuanto antes.<\/em><\/h6>\n<p>&nbsp;<\/p>\n","protected":false},"excerpt":{"rendered":"<p>Cola de contacto en spray con <span style=\"color: #ff0000;\"><strong>desperfecto en el envase<\/strong><\/span>.<\/p>\n<ul>\n<li>Formato spray 500ml.<\/li>\n<li>F\u00e1cil aplicaci\u00f3n.<\/li>\n<li>Rociado en abanico alargado de 12cm.<\/li>\n<li>Boquilla orientable a gusto.<\/li>\n<li>Descuento comprando varias unidades.<\/li>\n<li><a href=\"https:\/\/tuftingaddicts.com\/modo-de-empleo-y-consejos-de-uso-cola-contacto-spray\">Modo de empleo y consejos de utilizaci\u00f3n.<\/a><\/li>\n<\/ul>\n","protected":false},"featured_media":20391,"comment_status":"open","ping_status":"closed","template":"","meta":{"site-sidebar-layout":"default","site-content-layout":"default","ast-site-content-layout":"default","site-content-style":"default","site-sidebar-style":"default","ast-global-header-display":"","ast-banner-title-visibility":"","ast-main-header-display":"","ast-hfb-above-header-display":"","ast-hfb-below-header-display":"","ast-hfb-mobile-header-display":"","site-post-title":"","ast-breadcrumbs-content":"","ast-featured-img":"","footer-sml-layout":"","ast-disable-related-posts":"","theme-transparent-header-meta":"default","adv-header-id-meta":"","stick-header-meta":"","header-above-stick-meta":"","header-main-stick-meta":"","header-below-stick-meta":"","astra-migrate-meta-layouts":"set","ast-page-background-enabled":"default","ast-page-background-meta":{"desktop":{"background-color":"var(--ast-global-color-4)","background-image":"","background-repeat":"repeat","background-position":"center center","background-size":"auto","background-attachment":"scroll","background-type":"","background-media":"","overlay-type":"","overlay-color":"","overlay-opacity":"","overlay-gradient":""},"tablet":{"background-color":"","background-image":"","background-repeat":"repeat","background-position":"center center","background-size":"auto","background-attachment":"scroll","background-type":"","background-media":"","overlay-type":"","overlay-color":"","overlay-opacity":"","overlay-gradient":""},"mobile":{"background-color":"","background-image":"","background-repeat":"repeat","background-position":"center center","background-size":"auto","background-attachment":"scroll","background-type":"","background-media":"","overlay-type":"","overlay-color":"","overlay-opacity":"","overlay-gradient":""}},"ast-content-background-meta":{"desktop":{"background-color":"var(--ast-global-color-5)","background-image":"","background-repeat":"repeat","background-position":"center center","background-size":"auto","background-attachment":"scroll","background-type":"","background-media":"","overlay-type":"","overlay-color":"","overlay-opacity":"","overlay-gradient":""},"tablet":{"background-color":"var(--ast-global-color-5)","background-image":"","background-repeat":"repeat","background-position":"center center","background-size":"auto","background-attachment":"scroll","background-type":"","background-media":"","overlay-type":"","overlay-color":"","overlay-opacity":"","overlay-gradient":""},"mobile":{"background-color":"var(--ast-global-color-5)","background-image":"","background-repeat":"repeat","background-position":"center center","background-size":"auto","background-attachment":"scroll","background-type":"","background-media":"","overlay-type":"","overlay-color":"","overlay-opacity":"","overlay-gradient":""}}},"product_brand":[],"product_cat":[497],"product_tag":[475,477,476,147],"class_list":{"0":"post-20314","1":"product","2":"type-product","3":"status-publish","4":"has-post-thumbnail","6":"product_cat-outlet","7":"product_tag-adhesivo","8":"product_tag-adhesivo-spray","9":"product_tag-cola-de-contacto","10":"product_tag-tufting","11":"desktop-align-left","12":"tablet-align-left","13":"mobile-align-left","15":"first","16":"instock","17":"taxable","18":"shipping-taxable","19":"purchasable","20":"product-type-simple"},"yoast_head":"<!-- This site is optimized with the Yoast SEO plugin v27.1.1 - https:\/\/yoast.com\/product\/yoast-seo-wordpress\/ -->\n<title>Adhesivo de contacto en spray con desperfecto en el envase - Tufting Addicts Spain TUFTING stuff<\/title>\n<meta name=\"robots\" content=\"index, follow, max-snippet:-1, max-image-preview:large, max-video-preview:-1\" \/>\n<link rel=\"canonical\" href=\"https:\/\/tuftingaddicts.com\/en\/Product\/adhesivo-de-contacto-en-spray-outlet\/\" \/>\n<meta property=\"og:locale\" content=\"en_US\" \/>\n<meta property=\"og:type\" content=\"article\" \/>\n<meta property=\"og:title\" content=\"Adhesivo de contacto en spray con desperfecto en el envase - Tufting Addicts Spain TUFTING stuff\" \/>\n<meta property=\"og:description\" content=\"Cola de contacto en spray con desperfecto en el envase.   Formato spray 500ml.  F\u00e1cil aplicaci\u00f3n.  Rociado en abanico alargado de 12cm.  Boquilla orientable a gusto.  Descuento comprando varias unidades.  Modo de empleo y consejos de utilizaci\u00f3n.\" \/>\n<meta property=\"og:url\" content=\"https:\/\/tuftingaddicts.com\/en\/Product\/adhesivo-de-contacto-en-spray-outlet\/\" \/>\n<meta property=\"og:site_name\" content=\"Tufting Addicts Spain TUFTING stuff\" \/>\n<meta property=\"article:publisher\" content=\"https:\/\/www.facebook.com\/Tufting-Addicts-107650331396617\/\" \/>\n<meta property=\"article:modified_time\" content=\"2026-02-03T12:56:17+00:00\" \/>\n<meta property=\"og:image\" content=\"https:\/\/tuftingaddicts.com\/wp-content\/uploads\/2025\/03\/170mm-5.png\" \/>\n\t<meta property=\"og:image:width\" content=\"1080\" \/>\n\t<meta property=\"og:image:height\" content=\"1080\" \/>\n\t<meta property=\"og:image:type\" content=\"image\/png\" \/>\n<meta name=\"twitter:card\" content=\"summary_large_image\" \/>\n<meta name=\"twitter:site\" content=\"@TuftingAddicts\" \/>\n<meta name=\"twitter:label1\" content=\"Est. reading time\" \/>\n\t<meta name=\"twitter:data1\" content=\"3 minutes\" \/>\n<script type=\"application\/ld+json\" class=\"yoast-schema-graph\">{\"@context\":\"https:\/\/schema.org\",\"@graph\":[{\"@type\":\"WebPage\",\"@id\":\"https:\/\/tuftingaddicts.com\/en\/Product\/adhesivo-de-contacto-en-spray-outlet\/\",\"url\":\"https:\/\/tuftingaddicts.com\/en\/Product\/adhesivo-de-contacto-en-spray-outlet\/\",\"name\":\"Adhesivo de contacto en spray con desperfecto en el envase - Tufting Addicts Spain TUFTING stuff\",\"isPartOf\":{\"@id\":\"https:\/\/tuftingaddicts.com\/en\/#website\"},\"primaryImageOfPage\":{\"@id\":\"https:\/\/tuftingaddicts.com\/en\/Product\/adhesivo-de-contacto-en-spray-outlet\/#primaryimage\"},\"image\":{\"@id\":\"https:\/\/tuftingaddicts.com\/en\/Product\/adhesivo-de-contacto-en-spray-outlet\/#primaryimage\"},\"thumbnailUrl\":\"https:\/\/tuftingaddicts.com\/wp-content\/uploads\/2025\/03\/170mm-5.png\",\"datePublished\":\"2025-03-11T11:30:12+00:00\",\"dateModified\":\"2026-02-03T12:56:17+00:00\",\"breadcrumb\":{\"@id\":\"https:\/\/tuftingaddicts.com\/en\/Product\/adhesivo-de-contacto-en-spray-outlet\/#breadcrumb\"},\"inLanguage\":\"en-US\",\"potentialAction\":[{\"@type\":\"ReadAction\",\"target\":[\"https:\/\/tuftingaddicts.com\/en\/Product\/adhesivo-de-contacto-en-spray-outlet\/\"]}]},{\"@type\":\"ImageObject\",\"inLanguage\":\"en-US\",\"@id\":\"https:\/\/tuftingaddicts.com\/en\/Product\/adhesivo-de-contacto-en-spray-outlet\/#primaryimage\",\"url\":\"https:\/\/tuftingaddicts.com\/wp-content\/uploads\/2025\/03\/170mm-5.png\",\"contentUrl\":\"https:\/\/tuftingaddicts.com\/wp-content\/uploads\/2025\/03\/170mm-5.png\",\"width\":1080,\"height\":1080},{\"@type\":\"BreadcrumbList\",\"@id\":\"https:\/\/tuftingaddicts.com\/en\/Product\/adhesivo-de-contacto-en-spray-outlet\/#breadcrumb\",\"itemListElement\":[{\"@type\":\"ListItem\",\"position\":1,\"name\":\"Portada\",\"item\":\"https:\/\/tuftingaddicts.com\/en\/\"},{\"@type\":\"ListItem\",\"position\":2,\"name\":\"Shop\",\"item\":\"https:\/\/tuftingaddicts.com\/en\/shop\/\"},{\"@type\":\"ListItem\",\"position\":3,\"name\":\"Outlet\",\"item\":\"https:\/\/tuftingaddicts.com\/en\/family\/outlet-en\/\"},{\"@type\":\"ListItem\",\"position\":4,\"name\":\"Adhesivo de contacto en spray con desperfecto en el envase\"}]},{\"@type\":\"WebSite\",\"@id\":\"https:\/\/tuftingaddicts.com\/en\/#website\",\"url\":\"https:\/\/tuftingaddicts.com\/en\/\",\"name\":\"Tufting Addicts Espa\u00f1a material TUFTING\",\"description\":\"Proveedor de material para hacer alfombras por Tufting manual, lanas y tejidos.\",\"publisher\":{\"@id\":\"https:\/\/tuftingaddicts.com\/en\/#organization\"},\"potentialAction\":[{\"@type\":\"SearchAction\",\"target\":{\"@type\":\"EntryPoint\",\"urlTemplate\":\"https:\/\/tuftingaddicts.com\/en\/?s={search_term_string}\"},\"query-input\":{\"@type\":\"PropertyValueSpecification\",\"valueRequired\":true,\"valueName\":\"search_term_string\"}}],\"inLanguage\":\"en-US\"},{\"@type\":\"Organization\",\"@id\":\"https:\/\/tuftingaddicts.com\/en\/#organization\",\"name\":\"Tufting Addicts\",\"url\":\"https:\/\/tuftingaddicts.com\/en\/\",\"logo\":{\"@type\":\"ImageObject\",\"inLanguage\":\"en-US\",\"@id\":\"https:\/\/tuftingaddicts.com\/en\/#\/schema\/logo\/image\/\",\"url\":\"https:\/\/tuftingaddicts.com\/wp-content\/uploads\/2021\/04\/Transparente-70x20mm.png\",\"contentUrl\":\"https:\/\/tuftingaddicts.com\/wp-content\/uploads\/2021\/04\/Transparente-70x20mm.png\",\"width\":827,\"height\":236,\"caption\":\"Tufting Addicts\"},\"image\":{\"@id\":\"https:\/\/tuftingaddicts.com\/en\/#\/schema\/logo\/image\/\"},\"sameAs\":[\"https:\/\/www.facebook.com\/Tufting-Addicts-107650331396617\/\",\"https:\/\/x.com\/TuftingAddicts\",\"https:\/\/www.instagram.com\/tufting.addicts\/\"]}]}<\/script>\n<!-- \/ Yoast SEO plugin. -->","yoast_head_json":{"title":"Adhesivo de contacto en spray con desperfecto en el envase - Tufting Addicts Spain TUFTING stuff","robots":{"index":"index","follow":"follow","max-snippet":"max-snippet:-1","max-image-preview":"max-image-preview:large","max-video-preview":"max-video-preview:-1"},"canonical":"https:\/\/tuftingaddicts.com\/en\/Product\/adhesivo-de-contacto-en-spray-outlet\/","og_locale":"en_US","og_type":"article","og_title":"Adhesivo de contacto en spray con desperfecto en el envase - Tufting Addicts Spain TUFTING stuff","og_description":"Cola de contacto en spray con desperfecto en el envase.   Formato spray 500ml.  F\u00e1cil aplicaci\u00f3n.  Rociado en abanico alargado de 12cm.  Boquilla orientable a gusto.  Descuento comprando varias unidades.  Modo de empleo y consejos de utilizaci\u00f3n.","og_url":"https:\/\/tuftingaddicts.com\/en\/Product\/adhesivo-de-contacto-en-spray-outlet\/","og_site_name":"Tufting Addicts Spain TUFTING stuff","article_publisher":"https:\/\/www.facebook.com\/Tufting-Addicts-107650331396617\/","article_modified_time":"2026-02-03T12:56:17+00:00","og_image":[{"width":1080,"height":1080,"url":"https:\/\/tuftingaddicts.com\/wp-content\/uploads\/2025\/03\/170mm-5.png","type":"image\/png"}],"twitter_card":"summary_large_image","twitter_site":"@TuftingAddicts","twitter_misc":{"Est. reading time":"3 minutes"},"schema":{"@context":"https:\/\/schema.org","@graph":[{"@type":"WebPage","@id":"https:\/\/tuftingaddicts.com\/en\/Product\/adhesivo-de-contacto-en-spray-outlet\/","url":"https:\/\/tuftingaddicts.com\/en\/Product\/adhesivo-de-contacto-en-spray-outlet\/","name":"Adhesivo de contacto en spray con desperfecto en el envase - Tufting Addicts Spain TUFTING stuff","isPartOf":{"@id":"https:\/\/tuftingaddicts.com\/en\/#website"},"primaryImageOfPage":{"@id":"https:\/\/tuftingaddicts.com\/en\/Product\/adhesivo-de-contacto-en-spray-outlet\/#primaryimage"},"image":{"@id":"https:\/\/tuftingaddicts.com\/en\/Product\/adhesivo-de-contacto-en-spray-outlet\/#primaryimage"},"thumbnailUrl":"https:\/\/tuftingaddicts.com\/wp-content\/uploads\/2025\/03\/170mm-5.png","datePublished":"2025-03-11T11:30:12+00:00","dateModified":"2026-02-03T12:56:17+00:00","breadcrumb":{"@id":"https:\/\/tuftingaddicts.com\/en\/Product\/adhesivo-de-contacto-en-spray-outlet\/#breadcrumb"},"inLanguage":"en-US","potentialAction":[{"@type":"ReadAction","target":["https:\/\/tuftingaddicts.com\/en\/Product\/adhesivo-de-contacto-en-spray-outlet\/"]}]},{"@type":"ImageObject","inLanguage":"en-US","@id":"https:\/\/tuftingaddicts.com\/en\/Product\/adhesivo-de-contacto-en-spray-outlet\/#primaryimage","url":"https:\/\/tuftingaddicts.com\/wp-content\/uploads\/2025\/03\/170mm-5.png","contentUrl":"https:\/\/tuftingaddicts.com\/wp-content\/uploads\/2025\/03\/170mm-5.png","width":1080,"height":1080},{"@type":"BreadcrumbList","@id":"https:\/\/tuftingaddicts.com\/en\/Product\/adhesivo-de-contacto-en-spray-outlet\/#breadcrumb","itemListElement":[{"@type":"ListItem","position":1,"name":"Portada","item":"https:\/\/tuftingaddicts.com\/en\/"},{"@type":"ListItem","position":2,"name":"Shop","item":"https:\/\/tuftingaddicts.com\/en\/shop\/"},{"@type":"ListItem","position":3,"name":"Outlet","item":"https:\/\/tuftingaddicts.com\/en\/family\/outlet-en\/"},{"@type":"ListItem","position":4,"name":"Adhesivo de contacto en spray con desperfecto en el envase"}]},{"@type":"WebSite","@id":"https:\/\/tuftingaddicts.com\/en\/#website","url":"https:\/\/tuftingaddicts.com\/en\/","name":"Tufting Addicts Espa\u00f1a material TUFTING","description":"Proveedor de material para hacer alfombras por Tufting manual, lanas y tejidos.","publisher":{"@id":"https:\/\/tuftingaddicts.com\/en\/#organization"},"potentialAction":[{"@type":"SearchAction","target":{"@type":"EntryPoint","urlTemplate":"https:\/\/tuftingaddicts.com\/en\/?s={search_term_string}"},"query-input":{"@type":"PropertyValueSpecification","valueRequired":true,"valueName":"search_term_string"}}],"inLanguage":"en-US"},{"@type":"Organization","@id":"https:\/\/tuftingaddicts.com\/en\/#organization","name":"Tufting Addicts","url":"https:\/\/tuftingaddicts.com\/en\/","logo":{"@type":"ImageObject","inLanguage":"en-US","@id":"https:\/\/tuftingaddicts.com\/en\/#\/schema\/logo\/image\/","url":"https:\/\/tuftingaddicts.com\/wp-content\/uploads\/2021\/04\/Transparente-70x20mm.png","contentUrl":"https:\/\/tuftingaddicts.com\/wp-content\/uploads\/2021\/04\/Transparente-70x20mm.png","width":827,"height":236,"caption":"Tufting Addicts"},"image":{"@id":"https:\/\/tuftingaddicts.com\/en\/#\/schema\/logo\/image\/"},"sameAs":["https:\/\/www.facebook.com\/Tufting-Addicts-107650331396617\/","https:\/\/x.com\/TuftingAddicts","https:\/\/www.instagram.com\/tufting.addicts\/"]}]}},"jetpack_sharing_enabled":true,"_links":{"self":[{"href":"https:\/\/tuftingaddicts.com\/en\/wp-json\/wp\/v2\/product\/20314","targetHints":{"allow":["GET"]}}],"collection":[{"href":"https:\/\/tuftingaddicts.com\/en\/wp-json\/wp\/v2\/product"}],"about":[{"href":"https:\/\/tuftingaddicts.com\/en\/wp-json\/wp\/v2\/types\/product"}],"replies":[{"embeddable":true,"href":"https:\/\/tuftingaddicts.com\/en\/wp-json\/wp\/v2\/comments?post=20314"}],"version-history":[{"count":1,"href":"https:\/\/tuftingaddicts.com\/en\/wp-json\/wp\/v2\/product\/20314\/revisions"}],"predecessor-version":[{"id":21703,"href":"https:\/\/tuftingaddicts.com\/en\/wp-json\/wp\/v2\/product\/20314\/revisions\/21703"}],"wp:featuredmedia":[{"embeddable":true,"href":"https:\/\/tuftingaddicts.com\/en\/wp-json\/wp\/v2\/media\/20391"}],"wp:attachment":[{"href":"https:\/\/tuftingaddicts.com\/en\/wp-json\/wp\/v2\/media?parent=20314"}],"wp:term":[{"taxonomy":"product_brand","embeddable":true,"href":"https:\/\/tuftingaddicts.com\/en\/wp-json\/wp\/v2\/product_brand?post=20314"},{"taxonomy":"product_cat","embeddable":true,"href":"https:\/\/tuftingaddicts.com\/en\/wp-json\/wp\/v2\/product_cat?post=20314"},{"taxonomy":"product_tag","embeddable":true,"href":"https:\/\/tuftingaddicts.com\/en\/wp-json\/wp\/v2\/product_tag?post=20314"}],"curies":[{"name":"wp","href":"https:\/\/api.w.org\/{rel}","templated":true}]}}