{"id":20230,"date":"2025-03-11T11:47:05","date_gmt":"2025-03-11T10:47:05","guid":{"rendered":"https:\/\/tuftingaddicts.com\/?post_type=product&#038;p=20230"},"modified":"2025-09-26T13:58:12","modified_gmt":"2025-09-26T12:58:12","slug":"37cm-x-5-15m-blanco-primario-70-70-265gr-m2","status":"publish","type":"product","link":"https:\/\/tuftingaddicts.com\/en\/Product\/37cm-x-5-15m-blanco-primario-70-70-265gr-m2\/","title":{"rendered":"37cm x 5.15m Blanco Primario 70\/70 (265gr\/m2)"},"content":{"rendered":"<h3>Tejido primario de color blanco<\/h3>\n<h3><\/h3>\n<p>Este tejido esta especialmente dise\u00f1ado para el tufting. Con una densidad de 266g por m2 hara que el tufting sea una maravilla.\u00a0Es de poli\u00e9ster y esta formado por 70\/70 hilos cada 10cm.<\/p>\n<p>Sus gu\u00edas grises destacadas cada 50cm facilitan el trabajo y el planteamiento del dise\u00f1o a la hora de trabajar, al tiempo que nos gu\u00edan para no torcernos y nos sirven para practicar.<\/p>\n<p>Su material hace que el tufting sea f\u00e1cil y sencillo. Evitaremos rotos innecesarios y frustraciones indeseadas. Tu <a href=\"https:\/\/tuftingaddicts.com\/producto\/maquina-tufting-gun-corte\/\">tufting gun de corte<\/a> o tu <a href=\"https:\/\/tuftingaddicts.com\/producto\/maquina-tufting-gun-bucle\/\">tufting gun de loop<\/a> entrar\u00e1 perfectamente en este tejido sin da\u00f1arlo y dejando los hilos y <a href=\"https:\/\/tuftingaddicts.com\/producto\/cono-acrilico-tufting-fucsia\/\">lanas<\/a> bien ajustados.<\/p>\n<p>Ya seas principiante o profesional, te encantar\u00e1 este tejido.<\/p>\n<p>Tambi\u00e9n puede ver nuestro<a href=\"https:\/\/tuftingaddicts.com\/producto\/tejido-primario-tufting-gris\/\"> tejido primario gris<\/a> y nuestro<a href=\"https:\/\/tuftingaddicts.com\/producto\/tejido-secundario-tufting-malla\/\"> tejido secundario de malla de algod\u00f3n<\/a>.<\/p>\n","protected":false},"excerpt":{"rendered":"<p>Retal de tejido primario blanco &#8211; <strong><span style=\"color: #ff0000;\">medida: 37cm x 5,15m<\/span><\/strong><\/p>\n<ul>\n<li>Poli\u00e9ster.<b><\/b><\/li>\n<li>70\/70 hilos cada 10cm.<\/li>\n<li>Densidad de\u00a0 266g\/m2.<\/li>\n<li>L\u00ednea de gu\u00eda destacada cada 50cm.<\/li>\n<\/ul>\n<p>Se trata de un material dise\u00f1ado espec\u00edficamente para la utilizaci\u00f3n de las m\u00e1quinas de tufting. Evita los desperfectos con este tejido.<\/p>\n","protected":false},"featured_media":20395,"comment_status":"open","ping_status":"closed","template":"","meta":{"site-sidebar-layout":"default","site-content-layout":"default","ast-site-content-layout":"default","site-content-style":"default","site-sidebar-style":"default","ast-global-header-display":"","ast-banner-title-visibility":"","ast-main-header-display":"","ast-hfb-above-header-display":"","ast-hfb-below-header-display":"","ast-hfb-mobile-header-display":"","site-post-title":"","ast-breadcrumbs-content":"","ast-featured-img":"","footer-sml-layout":"","ast-disable-related-posts":"","theme-transparent-header-meta":"default","adv-header-id-meta":"","stick-header-meta":"","header-above-stick-meta":"","header-main-stick-meta":"","header-below-stick-meta":"","astra-migrate-meta-layouts":"set","ast-page-background-enabled":"default","ast-page-background-meta":{"desktop":{"background-color":"var(--ast-global-color-4)","background-image":"","background-repeat":"repeat","background-position":"center center","background-size":"auto","background-attachment":"scroll","background-type":"","background-media":"","overlay-type":"","overlay-color":"","overlay-opacity":"","overlay-gradient":""},"tablet":{"background-color":"","background-image":"","background-repeat":"repeat","background-position":"center center","background-size":"auto","background-attachment":"scroll","background-type":"","background-media":"","overlay-type":"","overlay-color":"","overlay-opacity":"","overlay-gradient":""},"mobile":{"background-color":"","background-image":"","background-repeat":"repeat","background-position":"center center","background-size":"auto","background-attachment":"scroll","background-type":"","background-media":"","overlay-type":"","overlay-color":"","overlay-opacity":"","overlay-gradient":""}},"ast-content-background-meta":{"desktop":{"background-color":"var(--ast-global-color-5)","background-image":"","background-repeat":"repeat","background-position":"center center","background-size":"auto","background-attachment":"scroll","background-type":"","background-media":"","overlay-type":"","overlay-color":"","overlay-opacity":"","overlay-gradient":""},"tablet":{"background-color":"var(--ast-global-color-5)","background-image":"","background-repeat":"repeat","background-position":"center center","background-size":"auto","background-attachment":"scroll","background-type":"","background-media":"","overlay-type":"","overlay-color":"","overlay-opacity":"","overlay-gradient":""},"mobile":{"background-color":"var(--ast-global-color-5)","background-image":"","background-repeat":"repeat","background-position":"center center","background-size":"auto","background-attachment":"scroll","background-type":"","background-media":"","overlay-type":"","overlay-color":"","overlay-opacity":"","overlay-gradient":""}}},"product_brand":[],"product_cat":[497],"product_tag":[],"class_list":{"0":"post-20230","1":"product","2":"type-product","3":"status-publish","4":"has-post-thumbnail","6":"product_cat-outlet","7":"desktop-align-left","8":"tablet-align-left","9":"mobile-align-left","11":"first","12":"instock","13":"taxable","14":"shipping-taxable","15":"purchasable","16":"product-type-simple"},"yoast_head":"<!-- This site is optimized with the Yoast SEO plugin v27.1.1 - https:\/\/yoast.com\/product\/yoast-seo-wordpress\/ -->\n<title>37cm x 5.15m Blanco Primario 70\/70 (265gr\/m2) - Tufting Addicts Spain TUFTING stuff<\/title>\n<meta name=\"robots\" content=\"index, follow, max-snippet:-1, max-image-preview:large, max-video-preview:-1\" \/>\n<link rel=\"canonical\" href=\"https:\/\/tuftingaddicts.com\/en\/Product\/37cm-x-5-15m-blanco-primario-70-70-265gr-m2\/\" \/>\n<meta property=\"og:locale\" content=\"en_US\" \/>\n<meta property=\"og:type\" content=\"article\" \/>\n<meta property=\"og:title\" content=\"37cm x 5.15m Blanco Primario 70\/70 (265gr\/m2) - Tufting Addicts Spain TUFTING stuff\" \/>\n<meta property=\"og:description\" content=\"Retal de tejido primario blanco - medida: 37cm x 5,15m   Poli\u00e9ster.  70\/70 hilos cada 10cm.  Densidad de\u00a0 266g\/m2.  L\u00ednea de gu\u00eda destacada cada 50cm.  Se trata de un material dise\u00f1ado espec\u00edficamente para la utilizaci\u00f3n de las m\u00e1quinas de tufting. Evita los desperfectos con este tejido.\" \/>\n<meta property=\"og:url\" content=\"https:\/\/tuftingaddicts.com\/en\/Product\/37cm-x-5-15m-blanco-primario-70-70-265gr-m2\/\" \/>\n<meta property=\"og:site_name\" content=\"Tufting Addicts Spain TUFTING stuff\" \/>\n<meta property=\"article:publisher\" content=\"https:\/\/www.facebook.com\/Tufting-Addicts-107650331396617\/\" \/>\n<meta property=\"article:modified_time\" content=\"2025-09-26T12:58:12+00:00\" \/>\n<meta property=\"og:image\" content=\"https:\/\/tuftingaddicts.com\/wp-content\/uploads\/2025\/03\/170mm-3.png\" \/>\n\t<meta property=\"og:image:width\" content=\"1080\" \/>\n\t<meta property=\"og:image:height\" content=\"1080\" \/>\n\t<meta property=\"og:image:type\" content=\"image\/png\" \/>\n<meta name=\"twitter:card\" content=\"summary_large_image\" \/>\n<meta name=\"twitter:site\" content=\"@TuftingAddicts\" \/>\n<meta name=\"twitter:label1\" content=\"Est. reading time\" \/>\n\t<meta name=\"twitter:data1\" content=\"1 minute\" \/>\n<script type=\"application\/ld+json\" class=\"yoast-schema-graph\">{\"@context\":\"https:\/\/schema.org\",\"@graph\":[{\"@type\":\"WebPage\",\"@id\":\"https:\/\/tuftingaddicts.com\/en\/Product\/37cm-x-5-15m-blanco-primario-70-70-265gr-m2\/\",\"url\":\"https:\/\/tuftingaddicts.com\/en\/Product\/37cm-x-5-15m-blanco-primario-70-70-265gr-m2\/\",\"name\":\"37cm x 5.15m Blanco Primario 70\/70 (265gr\/m2) - Tufting Addicts Spain TUFTING stuff\",\"isPartOf\":{\"@id\":\"https:\/\/tuftingaddicts.com\/en\/#website\"},\"primaryImageOfPage\":{\"@id\":\"https:\/\/tuftingaddicts.com\/en\/Product\/37cm-x-5-15m-blanco-primario-70-70-265gr-m2\/#primaryimage\"},\"image\":{\"@id\":\"https:\/\/tuftingaddicts.com\/en\/Product\/37cm-x-5-15m-blanco-primario-70-70-265gr-m2\/#primaryimage\"},\"thumbnailUrl\":\"https:\/\/tuftingaddicts.com\/wp-content\/uploads\/2025\/03\/170mm-3.png\",\"datePublished\":\"2025-03-11T10:47:05+00:00\",\"dateModified\":\"2025-09-26T12:58:12+00:00\",\"breadcrumb\":{\"@id\":\"https:\/\/tuftingaddicts.com\/en\/Product\/37cm-x-5-15m-blanco-primario-70-70-265gr-m2\/#breadcrumb\"},\"inLanguage\":\"en-US\",\"potentialAction\":[{\"@type\":\"ReadAction\",\"target\":[\"https:\/\/tuftingaddicts.com\/en\/Product\/37cm-x-5-15m-blanco-primario-70-70-265gr-m2\/\"]}]},{\"@type\":\"ImageObject\",\"inLanguage\":\"en-US\",\"@id\":\"https:\/\/tuftingaddicts.com\/en\/Product\/37cm-x-5-15m-blanco-primario-70-70-265gr-m2\/#primaryimage\",\"url\":\"https:\/\/tuftingaddicts.com\/wp-content\/uploads\/2025\/03\/170mm-3.png\",\"contentUrl\":\"https:\/\/tuftingaddicts.com\/wp-content\/uploads\/2025\/03\/170mm-3.png\",\"width\":1080,\"height\":1080},{\"@type\":\"BreadcrumbList\",\"@id\":\"https:\/\/tuftingaddicts.com\/en\/Product\/37cm-x-5-15m-blanco-primario-70-70-265gr-m2\/#breadcrumb\",\"itemListElement\":[{\"@type\":\"ListItem\",\"position\":1,\"name\":\"Portada\",\"item\":\"https:\/\/tuftingaddicts.com\/en\/\"},{\"@type\":\"ListItem\",\"position\":2,\"name\":\"Shop\",\"item\":\"https:\/\/tuftingaddicts.com\/en\/shop\/\"},{\"@type\":\"ListItem\",\"position\":3,\"name\":\"Outlet\",\"item\":\"https:\/\/tuftingaddicts.com\/en\/family\/outlet-en\/\"},{\"@type\":\"ListItem\",\"position\":4,\"name\":\"37cm x 5.15m Blanco Primario 70\/70 (265gr\/m2)\"}]},{\"@type\":\"WebSite\",\"@id\":\"https:\/\/tuftingaddicts.com\/en\/#website\",\"url\":\"https:\/\/tuftingaddicts.com\/en\/\",\"name\":\"Tufting Addicts Espa\u00f1a material TUFTING\",\"description\":\"Proveedor de material para hacer alfombras por Tufting manual, lanas y tejidos.\",\"publisher\":{\"@id\":\"https:\/\/tuftingaddicts.com\/en\/#organization\"},\"potentialAction\":[{\"@type\":\"SearchAction\",\"target\":{\"@type\":\"EntryPoint\",\"urlTemplate\":\"https:\/\/tuftingaddicts.com\/en\/?s={search_term_string}\"},\"query-input\":{\"@type\":\"PropertyValueSpecification\",\"valueRequired\":true,\"valueName\":\"search_term_string\"}}],\"inLanguage\":\"en-US\"},{\"@type\":\"Organization\",\"@id\":\"https:\/\/tuftingaddicts.com\/en\/#organization\",\"name\":\"Tufting Addicts\",\"url\":\"https:\/\/tuftingaddicts.com\/en\/\",\"logo\":{\"@type\":\"ImageObject\",\"inLanguage\":\"en-US\",\"@id\":\"https:\/\/tuftingaddicts.com\/en\/#\/schema\/logo\/image\/\",\"url\":\"https:\/\/tuftingaddicts.com\/wp-content\/uploads\/2021\/04\/Transparente-70x20mm.png\",\"contentUrl\":\"https:\/\/tuftingaddicts.com\/wp-content\/uploads\/2021\/04\/Transparente-70x20mm.png\",\"width\":827,\"height\":236,\"caption\":\"Tufting Addicts\"},\"image\":{\"@id\":\"https:\/\/tuftingaddicts.com\/en\/#\/schema\/logo\/image\/\"},\"sameAs\":[\"https:\/\/www.facebook.com\/Tufting-Addicts-107650331396617\/\",\"https:\/\/x.com\/TuftingAddicts\",\"https:\/\/www.instagram.com\/tufting.addicts\/\"]}]}<\/script>\n<!-- \/ Yoast SEO plugin. -->","yoast_head_json":{"title":"37cm x 5.15m Blanco Primario 70\/70 (265gr\/m2) - Tufting Addicts Spain TUFTING stuff","robots":{"index":"index","follow":"follow","max-snippet":"max-snippet:-1","max-image-preview":"max-image-preview:large","max-video-preview":"max-video-preview:-1"},"canonical":"https:\/\/tuftingaddicts.com\/en\/Product\/37cm-x-5-15m-blanco-primario-70-70-265gr-m2\/","og_locale":"en_US","og_type":"article","og_title":"37cm x 5.15m Blanco Primario 70\/70 (265gr\/m2) - Tufting Addicts Spain TUFTING stuff","og_description":"Retal de tejido primario blanco - medida: 37cm x 5,15m   Poli\u00e9ster.  70\/70 hilos cada 10cm.  Densidad de\u00a0 266g\/m2.  L\u00ednea de gu\u00eda destacada cada 50cm.  Se trata de un material dise\u00f1ado espec\u00edficamente para la utilizaci\u00f3n de las m\u00e1quinas de tufting. Evita los desperfectos con este tejido.","og_url":"https:\/\/tuftingaddicts.com\/en\/Product\/37cm-x-5-15m-blanco-primario-70-70-265gr-m2\/","og_site_name":"Tufting Addicts Spain TUFTING stuff","article_publisher":"https:\/\/www.facebook.com\/Tufting-Addicts-107650331396617\/","article_modified_time":"2025-09-26T12:58:12+00:00","og_image":[{"width":1080,"height":1080,"url":"https:\/\/tuftingaddicts.com\/wp-content\/uploads\/2025\/03\/170mm-3.png","type":"image\/png"}],"twitter_card":"summary_large_image","twitter_site":"@TuftingAddicts","twitter_misc":{"Est. reading time":"1 minute"},"schema":{"@context":"https:\/\/schema.org","@graph":[{"@type":"WebPage","@id":"https:\/\/tuftingaddicts.com\/en\/Product\/37cm-x-5-15m-blanco-primario-70-70-265gr-m2\/","url":"https:\/\/tuftingaddicts.com\/en\/Product\/37cm-x-5-15m-blanco-primario-70-70-265gr-m2\/","name":"37cm x 5.15m Blanco Primario 70\/70 (265gr\/m2) - Tufting Addicts Spain TUFTING stuff","isPartOf":{"@id":"https:\/\/tuftingaddicts.com\/en\/#website"},"primaryImageOfPage":{"@id":"https:\/\/tuftingaddicts.com\/en\/Product\/37cm-x-5-15m-blanco-primario-70-70-265gr-m2\/#primaryimage"},"image":{"@id":"https:\/\/tuftingaddicts.com\/en\/Product\/37cm-x-5-15m-blanco-primario-70-70-265gr-m2\/#primaryimage"},"thumbnailUrl":"https:\/\/tuftingaddicts.com\/wp-content\/uploads\/2025\/03\/170mm-3.png","datePublished":"2025-03-11T10:47:05+00:00","dateModified":"2025-09-26T12:58:12+00:00","breadcrumb":{"@id":"https:\/\/tuftingaddicts.com\/en\/Product\/37cm-x-5-15m-blanco-primario-70-70-265gr-m2\/#breadcrumb"},"inLanguage":"en-US","potentialAction":[{"@type":"ReadAction","target":["https:\/\/tuftingaddicts.com\/en\/Product\/37cm-x-5-15m-blanco-primario-70-70-265gr-m2\/"]}]},{"@type":"ImageObject","inLanguage":"en-US","@id":"https:\/\/tuftingaddicts.com\/en\/Product\/37cm-x-5-15m-blanco-primario-70-70-265gr-m2\/#primaryimage","url":"https:\/\/tuftingaddicts.com\/wp-content\/uploads\/2025\/03\/170mm-3.png","contentUrl":"https:\/\/tuftingaddicts.com\/wp-content\/uploads\/2025\/03\/170mm-3.png","width":1080,"height":1080},{"@type":"BreadcrumbList","@id":"https:\/\/tuftingaddicts.com\/en\/Product\/37cm-x-5-15m-blanco-primario-70-70-265gr-m2\/#breadcrumb","itemListElement":[{"@type":"ListItem","position":1,"name":"Portada","item":"https:\/\/tuftingaddicts.com\/en\/"},{"@type":"ListItem","position":2,"name":"Shop","item":"https:\/\/tuftingaddicts.com\/en\/shop\/"},{"@type":"ListItem","position":3,"name":"Outlet","item":"https:\/\/tuftingaddicts.com\/en\/family\/outlet-en\/"},{"@type":"ListItem","position":4,"name":"37cm x 5.15m Blanco Primario 70\/70 (265gr\/m2)"}]},{"@type":"WebSite","@id":"https:\/\/tuftingaddicts.com\/en\/#website","url":"https:\/\/tuftingaddicts.com\/en\/","name":"Tufting Addicts Espa\u00f1a material TUFTING","description":"Proveedor de material para hacer alfombras por Tufting manual, lanas y tejidos.","publisher":{"@id":"https:\/\/tuftingaddicts.com\/en\/#organization"},"potentialAction":[{"@type":"SearchAction","target":{"@type":"EntryPoint","urlTemplate":"https:\/\/tuftingaddicts.com\/en\/?s={search_term_string}"},"query-input":{"@type":"PropertyValueSpecification","valueRequired":true,"valueName":"search_term_string"}}],"inLanguage":"en-US"},{"@type":"Organization","@id":"https:\/\/tuftingaddicts.com\/en\/#organization","name":"Tufting Addicts","url":"https:\/\/tuftingaddicts.com\/en\/","logo":{"@type":"ImageObject","inLanguage":"en-US","@id":"https:\/\/tuftingaddicts.com\/en\/#\/schema\/logo\/image\/","url":"https:\/\/tuftingaddicts.com\/wp-content\/uploads\/2021\/04\/Transparente-70x20mm.png","contentUrl":"https:\/\/tuftingaddicts.com\/wp-content\/uploads\/2021\/04\/Transparente-70x20mm.png","width":827,"height":236,"caption":"Tufting Addicts"},"image":{"@id":"https:\/\/tuftingaddicts.com\/en\/#\/schema\/logo\/image\/"},"sameAs":["https:\/\/www.facebook.com\/Tufting-Addicts-107650331396617\/","https:\/\/x.com\/TuftingAddicts","https:\/\/www.instagram.com\/tufting.addicts\/"]}]}},"jetpack_sharing_enabled":true,"_links":{"self":[{"href":"https:\/\/tuftingaddicts.com\/en\/wp-json\/wp\/v2\/product\/20230","targetHints":{"allow":["GET"]}}],"collection":[{"href":"https:\/\/tuftingaddicts.com\/en\/wp-json\/wp\/v2\/product"}],"about":[{"href":"https:\/\/tuftingaddicts.com\/en\/wp-json\/wp\/v2\/types\/product"}],"replies":[{"embeddable":true,"href":"https:\/\/tuftingaddicts.com\/en\/wp-json\/wp\/v2\/comments?post=20230"}],"version-history":[{"count":0,"href":"https:\/\/tuftingaddicts.com\/en\/wp-json\/wp\/v2\/product\/20230\/revisions"}],"wp:featuredmedia":[{"embeddable":true,"href":"https:\/\/tuftingaddicts.com\/en\/wp-json\/wp\/v2\/media\/20395"}],"wp:attachment":[{"href":"https:\/\/tuftingaddicts.com\/en\/wp-json\/wp\/v2\/media?parent=20230"}],"wp:term":[{"taxonomy":"product_brand","embeddable":true,"href":"https:\/\/tuftingaddicts.com\/en\/wp-json\/wp\/v2\/product_brand?post=20230"},{"taxonomy":"product_cat","embeddable":true,"href":"https:\/\/tuftingaddicts.com\/en\/wp-json\/wp\/v2\/product_cat?post=20230"},{"taxonomy":"product_tag","embeddable":true,"href":"https:\/\/tuftingaddicts.com\/en\/wp-json\/wp\/v2\/product_tag?post=20230"}],"curies":[{"name":"wp","href":"https:\/\/api.w.org\/{rel}","templated":true}]}}