{"id":19956,"date":"2024-11-18T11:36:00","date_gmt":"2024-11-18T10:36:00","guid":{"rendered":"https:\/\/tuftingaddicts.com\/?post_type=product&#038;p=19956"},"modified":"2026-01-26T08:16:28","modified_gmt":"2026-01-26T07:16:28","slug":"tufting-tejido-secundario-antideslizante-fieltro","status":"publish","type":"product","link":"https:\/\/tuftingaddicts.com\/en\/Product\/tufting-tejido-secundario-antideslizante-fieltro\/","title":{"rendered":"Secundario &#8211; Tejido antideslizante"},"content":{"rendered":"<h4>Tejido Secundario Antideslizante tipo fieltro<\/h4>\n<p>&nbsp;<\/p>\n<p>El tejido secundario antideslizante est\u00e1 dise\u00f1ado espec\u00edficamente para dar un toque final profesional y funcional a tus alfombras de tufting. Este producto, en combinaci\u00f3n con nuestros <a href=\"https:\/\/tuftingaddicts.com\/categor%C3%ADa\/adhesivos-tufting\/\">adhesivos especial tufting<\/a>, proporciona una mayor rigidez estructural y un acabado antideslizante que mejora tanto la seguridad como la calidad de tus trabajos.<\/p>\n<h6>Caracter\u00edsticas Principales<\/h6>\n<p>\u00b7Acabado Antideslizante: Su textura gomosa evita resbalones, asegurando la estabilidad de la alfombra sobre cualquier superficie.<br \/>\n\u00b7Estructura y Durabilidad: A\u00f1ade rigidez y resistencia, garantizando un acabado de alta calidad.<br \/>\n\u00b7Material de fieltro suave pero resistente.<br \/>\n\u00b7F\u00e1cil de Trabajar: Compatible con las t\u00e9cnicas de tufting tradicionales.<\/p>\n<h6>Modo de Uso:<\/h6>\n<p><strong>\u00b7Preparaci\u00f3n:<\/strong> Una vez terminada la alfombra, con los remates del tejido primario realizados, limpia cuidadosamente la parte trasera, eliminando cualquier exceso de hilo o restos.<br \/>\n\u00b7 Uso de adhesivos compatibles con este tejido, <a href=\"https:\/\/tuftingaddicts.com\/producto\/adhesivo-fijador-tufting\/\">adhesivo 2 en 1<\/a> y<a href=\"https:\/\/tuftingaddicts.com\/producto\/adhesivo-de-contacto-en-spray\/\"> spray de contacto<\/a><br \/>\n<strong>\u00b7Capa de <a href=\"https:\/\/tuftingaddicts.com\/producto\/adhesivo-fijador-tufting\/\">Adhesivo 2 en 1<\/a> :<\/strong> Aplica una capa uniforme de <a href=\"https:\/\/tuftingaddicts.com\/producto\/adhesivo-fijador-tufting\/\">adhesivo<\/a> a toda la superficie que ocupe el tejido antideslizante.<br \/>\n<strong>\u00b7Adhesivo de contacto<\/strong> (Recomendado): Aplica con el <a href=\"https:\/\/tuftingaddicts.com\/producto\/adhesivo-de-contacto-en-spray\/\">spray adhesivo de contacto transparente<\/a> en ambas superficies, en la parte trasera de la alfombra y en la parte trasera del tejido antideslizante previamente cortado a la forma deseada, espera 1-3 minutos a que el adhesivo est\u00e9 seco al tacto y vuelve a aplicar una segunda capa de <a href=\"https:\/\/tuftingaddicts.com\/producto\/adhesivo-de-contacto-en-spray\/\">adhesivo de contacto en spray<\/a>, una vez pasados nuevamente 1-3 minutos, el adhesivo ya est\u00e1 listo para unir ambas superficies.<br \/>\n<strong>\u00b7Colocaci\u00f3n del Tejido:<\/strong> A continuaci\u00f3n, coloca el tejido antideslizante aline\u00e1ndolo sobre la superficie y f\u00edjalo presionando suavemente (en caso de usar <a href=\"https:\/\/tuftingaddicts.com\/producto\/adhesivo-de-contacto-en-spray\/\">cola de contacto<\/a>, aplicar calor con un secador de pelo a todas las zonas y presionar firmemente en toda la superficie para asegurar la uni\u00f3n en todas las partes).<br \/>\n<strong>\u00b7Secado Final:<\/strong> Deja que el adhesivo se seque completamente antes de retirar la alfombra del bastidor (2 en 1 tarda en secar 12-24h) (adhesivo de contacto garantiza la uni\u00f3n en minutos). Una vez seco, tu alfombra estar\u00e1 lista para los acabados finales.<\/p>\n<p>Resultados Inigualables<br \/>\nCon este tejido secundario, tus alfombras no solo tendr\u00e1n un acabado impecable, sino que tambi\u00e9n ser\u00e1n seguras y duraderas. Comb\u00ednalo con nuestro tejido primario gris y tu tufting gun para crear alfombras de calidad profesional, dise\u00f1adas para durar.<\/p>\n<p>Haz que tus proyectos sean \u00fanicos y funcionales con este complemento esencial para el tufting.<\/p>\n","protected":false},"excerpt":{"rendered":"<p>&nbsp;<\/p>\n<ul>\n<li>Patron de estampaciones de goma antideslizante.<\/li>\n<li>Ancho del tejido con margen extra (+-190cm), m\u00ednimo 180cm.<\/li>\n<li>F\u00e1cil instalaci\u00f3n.<\/li>\n<li>Protege la alfombra y el suelo.<\/li>\n<li>Seguridad antica\u00eddas y resbalones.<\/li>\n<\/ul>\n<p>Material dise\u00f1ado para dar un acabado \u00f3ptimo a la alfombra. Consigue una est\u00e9tica profesional con este tejido.<\/p>\n<p><span style=\"color: #0000ff;\"><em>Si selecciona varias unidades de un art\u00edculo, se enviar\u00e1n sin cortar a no ser que se solicite.\u00a0<\/em><\/span><\/p>\n","protected":false},"featured_media":19970,"comment_status":"open","ping_status":"closed","template":"","meta":{"site-sidebar-layout":"default","site-content-layout":"default","ast-site-content-layout":"default","site-content-style":"default","site-sidebar-style":"default","ast-global-header-display":"","ast-banner-title-visibility":"","ast-main-header-display":"","ast-hfb-above-header-display":"","ast-hfb-below-header-display":"","ast-hfb-mobile-header-display":"","site-post-title":"","ast-breadcrumbs-content":"","ast-featured-img":"","footer-sml-layout":"","ast-disable-related-posts":"","theme-transparent-header-meta":"default","adv-header-id-meta":"","stick-header-meta":"","header-above-stick-meta":"","header-main-stick-meta":"","header-below-stick-meta":"","astra-migrate-meta-layouts":"set","ast-page-background-enabled":"default","ast-page-background-meta":{"desktop":{"background-color":"var(--ast-global-color-4)","background-image":"","background-repeat":"repeat","background-position":"center center","background-size":"auto","background-attachment":"scroll","background-type":"","background-media":"","overlay-type":"","overlay-color":"","overlay-opacity":"","overlay-gradient":""},"tablet":{"background-color":"","background-image":"","background-repeat":"repeat","background-position":"center center","background-size":"auto","background-attachment":"scroll","background-type":"","background-media":"","overlay-type":"","overlay-color":"","overlay-opacity":"","overlay-gradient":""},"mobile":{"background-color":"","background-image":"","background-repeat":"repeat","background-position":"center center","background-size":"auto","background-attachment":"scroll","background-type":"","background-media":"","overlay-type":"","overlay-color":"","overlay-opacity":"","overlay-gradient":""}},"ast-content-background-meta":{"desktop":{"background-color":"var(--ast-global-color-5)","background-image":"","background-repeat":"repeat","background-position":"center center","background-size":"auto","background-attachment":"scroll","background-type":"","background-media":"","overlay-type":"","overlay-color":"","overlay-opacity":"","overlay-gradient":""},"tablet":{"background-color":"var(--ast-global-color-5)","background-image":"","background-repeat":"repeat","background-position":"center center","background-size":"auto","background-attachment":"scroll","background-type":"","background-media":"","overlay-type":"","overlay-color":"","overlay-opacity":"","overlay-gradient":""},"mobile":{"background-color":"var(--ast-global-color-5)","background-image":"","background-repeat":"repeat","background-position":"center center","background-size":"auto","background-attachment":"scroll","background-type":"","background-media":"","overlay-type":"","overlay-color":"","overlay-opacity":"","overlay-gradient":""}}},"product_brand":[],"product_cat":[68,58],"product_tag":[142,150,154,141,152,153,155,149,156,143,137,139,145,144,140,146,147,148,138],"class_list":{"0":"post-19956","1":"product","2":"type-product","3":"status-publish","4":"has-post-thumbnail","6":"product_cat-novedades","7":"product_cat-tejidos-tufting","8":"product_tag-aida","9":"product_tag-alfombra-2","10":"product_tag-algodon","11":"product_tag-monks","12":"product_tag-moqueta","13":"product_tag-poliester","14":"product_tag-primary","15":"product_tag-rugs","16":"product_tag-secondary","17":"product_tag-tejido","18":"product_tag-tejido-tufting-2","19":"product_tag-tejido-tufting","20":"product_tag-tejidos","21":"product_tag-tela","22":"product_tag-tela-tufting","23":"product_tag-telas","24":"product_tag-tufting","25":"product_tag-tufting-gun","26":"product_tag-tufting-tejido","27":"desktop-align-left","28":"tablet-align-left","29":"mobile-align-left","31":"first","32":"instock","33":"taxable","34":"shipping-taxable","35":"purchasable","36":"product-type-variable","37":"has-default-attributes"},"yoast_head":"<!-- This site is optimized with the Yoast SEO plugin v27.1.1 - https:\/\/yoast.com\/product\/yoast-seo-wordpress\/ -->\n<title>tejido secundario fieltro antideslizante<\/title>\n<meta name=\"robots\" content=\"index, follow, max-snippet:-1, max-image-preview:large, max-video-preview:-1\" \/>\n<link rel=\"canonical\" href=\"https:\/\/tuftingaddicts.com\/en\/Product\/tufting-tejido-secundario-antideslizante-fieltro\/\" \/>\n<meta property=\"og:locale\" content=\"en_US\" \/>\n<meta property=\"og:type\" content=\"article\" \/>\n<meta property=\"og:title\" content=\"tejido secundario fieltro antideslizante\" \/>\n<meta property=\"og:description\" content=\"&nbsp;   Patron de estampaciones de goma antideslizante.  Ancho del tejido con margen extra (+-190cm), m\u00ednimo 180cm.  F\u00e1cil instalaci\u00f3n.  Protege la alfombra y el suelo.  Seguridad antica\u00eddas y resbalones.  Material dise\u00f1ado para dar un acabado \u00f3ptimo a la alfombra. Consigue una est\u00e9tica profesional con este tejido.  Si selecciona varias unidades de un art\u00edculo, se enviar\u00e1n sin cortar a no ser que se solicite.\u00a0\" \/>\n<meta property=\"og:url\" content=\"https:\/\/tuftingaddicts.com\/en\/Product\/tufting-tejido-secundario-antideslizante-fieltro\/\" \/>\n<meta property=\"og:site_name\" content=\"Tufting Addicts Spain TUFTING stuff\" \/>\n<meta property=\"article:publisher\" content=\"https:\/\/www.facebook.com\/Tufting-Addicts-107650331396617\/\" \/>\n<meta property=\"article:modified_time\" content=\"2026-01-26T07:16:28+00:00\" \/>\n<meta property=\"og:image\" content=\"https:\/\/tuftingaddicts.com\/wp-content\/uploads\/2024\/11\/167.png\" \/>\n\t<meta property=\"og:image:width\" content=\"1080\" \/>\n\t<meta property=\"og:image:height\" content=\"1080\" \/>\n\t<meta property=\"og:image:type\" content=\"image\/png\" \/>\n<meta name=\"twitter:card\" content=\"summary_large_image\" \/>\n<meta name=\"twitter:site\" content=\"@TuftingAddicts\" \/>\n<meta name=\"twitter:label1\" content=\"Est. reading time\" \/>\n\t<meta name=\"twitter:data1\" content=\"2 minutes\" \/>\n<script type=\"application\/ld+json\" class=\"yoast-schema-graph\">{\"@context\":\"https:\/\/schema.org\",\"@graph\":[{\"@type\":\"WebPage\",\"@id\":\"https:\/\/tuftingaddicts.com\/en\/Product\/tufting-tejido-secundario-antideslizante-fieltro\/\",\"url\":\"https:\/\/tuftingaddicts.com\/en\/Product\/tufting-tejido-secundario-antideslizante-fieltro\/\",\"name\":\"tejido secundario fieltro antideslizante\",\"isPartOf\":{\"@id\":\"https:\/\/tuftingaddicts.com\/en\/#website\"},\"primaryImageOfPage\":{\"@id\":\"https:\/\/tuftingaddicts.com\/en\/Product\/tufting-tejido-secundario-antideslizante-fieltro\/#primaryimage\"},\"image\":{\"@id\":\"https:\/\/tuftingaddicts.com\/en\/Product\/tufting-tejido-secundario-antideslizante-fieltro\/#primaryimage\"},\"thumbnailUrl\":\"https:\/\/tuftingaddicts.com\/wp-content\/uploads\/2024\/11\/167.png\",\"datePublished\":\"2024-11-18T10:36:00+00:00\",\"dateModified\":\"2026-01-26T07:16:28+00:00\",\"breadcrumb\":{\"@id\":\"https:\/\/tuftingaddicts.com\/en\/Product\/tufting-tejido-secundario-antideslizante-fieltro\/#breadcrumb\"},\"inLanguage\":\"en-US\",\"potentialAction\":[{\"@type\":\"ReadAction\",\"target\":[\"https:\/\/tuftingaddicts.com\/en\/Product\/tufting-tejido-secundario-antideslizante-fieltro\/\"]}]},{\"@type\":\"ImageObject\",\"inLanguage\":\"en-US\",\"@id\":\"https:\/\/tuftingaddicts.com\/en\/Product\/tufting-tejido-secundario-antideslizante-fieltro\/#primaryimage\",\"url\":\"https:\/\/tuftingaddicts.com\/wp-content\/uploads\/2024\/11\/167.png\",\"contentUrl\":\"https:\/\/tuftingaddicts.com\/wp-content\/uploads\/2024\/11\/167.png\",\"width\":1080,\"height\":1080},{\"@type\":\"BreadcrumbList\",\"@id\":\"https:\/\/tuftingaddicts.com\/en\/Product\/tufting-tejido-secundario-antideslizante-fieltro\/#breadcrumb\",\"itemListElement\":[{\"@type\":\"ListItem\",\"position\":1,\"name\":\"Portada\",\"item\":\"https:\/\/tuftingaddicts.com\/en\/\"},{\"@type\":\"ListItem\",\"position\":2,\"name\":\"Shop\",\"item\":\"https:\/\/tuftingaddicts.com\/en\/shop\/\"},{\"@type\":\"ListItem\",\"position\":3,\"name\":\"News\",\"item\":\"https:\/\/tuftingaddicts.com\/en\/family\/news-en\/\"},{\"@type\":\"ListItem\",\"position\":4,\"name\":\"Secundario &#8211; Tejido antideslizante\"}]},{\"@type\":\"WebSite\",\"@id\":\"https:\/\/tuftingaddicts.com\/en\/#website\",\"url\":\"https:\/\/tuftingaddicts.com\/en\/\",\"name\":\"Tufting Addicts Espa\u00f1a material TUFTING\",\"description\":\"Proveedor de material para hacer alfombras por Tufting manual, lanas y tejidos.\",\"publisher\":{\"@id\":\"https:\/\/tuftingaddicts.com\/en\/#organization\"},\"potentialAction\":[{\"@type\":\"SearchAction\",\"target\":{\"@type\":\"EntryPoint\",\"urlTemplate\":\"https:\/\/tuftingaddicts.com\/en\/?s={search_term_string}\"},\"query-input\":{\"@type\":\"PropertyValueSpecification\",\"valueRequired\":true,\"valueName\":\"search_term_string\"}}],\"inLanguage\":\"en-US\"},{\"@type\":\"Organization\",\"@id\":\"https:\/\/tuftingaddicts.com\/en\/#organization\",\"name\":\"Tufting Addicts\",\"url\":\"https:\/\/tuftingaddicts.com\/en\/\",\"logo\":{\"@type\":\"ImageObject\",\"inLanguage\":\"en-US\",\"@id\":\"https:\/\/tuftingaddicts.com\/en\/#\/schema\/logo\/image\/\",\"url\":\"https:\/\/tuftingaddicts.com\/wp-content\/uploads\/2021\/04\/Transparente-70x20mm.png\",\"contentUrl\":\"https:\/\/tuftingaddicts.com\/wp-content\/uploads\/2021\/04\/Transparente-70x20mm.png\",\"width\":827,\"height\":236,\"caption\":\"Tufting Addicts\"},\"image\":{\"@id\":\"https:\/\/tuftingaddicts.com\/en\/#\/schema\/logo\/image\/\"},\"sameAs\":[\"https:\/\/www.facebook.com\/Tufting-Addicts-107650331396617\/\",\"https:\/\/x.com\/TuftingAddicts\",\"https:\/\/www.instagram.com\/tufting.addicts\/\"]}]}<\/script>\n<!-- \/ Yoast SEO plugin. -->","yoast_head_json":{"title":"tejido secundario fieltro antideslizante","robots":{"index":"index","follow":"follow","max-snippet":"max-snippet:-1","max-image-preview":"max-image-preview:large","max-video-preview":"max-video-preview:-1"},"canonical":"https:\/\/tuftingaddicts.com\/en\/Product\/tufting-tejido-secundario-antideslizante-fieltro\/","og_locale":"en_US","og_type":"article","og_title":"tejido secundario fieltro antideslizante","og_description":"&nbsp;   Patron de estampaciones de goma antideslizante.  Ancho del tejido con margen extra (+-190cm), m\u00ednimo 180cm.  F\u00e1cil instalaci\u00f3n.  Protege la alfombra y el suelo.  Seguridad antica\u00eddas y resbalones.  Material dise\u00f1ado para dar un acabado \u00f3ptimo a la alfombra. Consigue una est\u00e9tica profesional con este tejido.  Si selecciona varias unidades de un art\u00edculo, se enviar\u00e1n sin cortar a no ser que se solicite.\u00a0","og_url":"https:\/\/tuftingaddicts.com\/en\/Product\/tufting-tejido-secundario-antideslizante-fieltro\/","og_site_name":"Tufting Addicts Spain TUFTING stuff","article_publisher":"https:\/\/www.facebook.com\/Tufting-Addicts-107650331396617\/","article_modified_time":"2026-01-26T07:16:28+00:00","og_image":[{"width":1080,"height":1080,"url":"https:\/\/tuftingaddicts.com\/wp-content\/uploads\/2024\/11\/167.png","type":"image\/png"}],"twitter_card":"summary_large_image","twitter_site":"@TuftingAddicts","twitter_misc":{"Est. reading time":"2 minutes"},"schema":{"@context":"https:\/\/schema.org","@graph":[{"@type":"WebPage","@id":"https:\/\/tuftingaddicts.com\/en\/Product\/tufting-tejido-secundario-antideslizante-fieltro\/","url":"https:\/\/tuftingaddicts.com\/en\/Product\/tufting-tejido-secundario-antideslizante-fieltro\/","name":"tejido secundario fieltro antideslizante","isPartOf":{"@id":"https:\/\/tuftingaddicts.com\/en\/#website"},"primaryImageOfPage":{"@id":"https:\/\/tuftingaddicts.com\/en\/Product\/tufting-tejido-secundario-antideslizante-fieltro\/#primaryimage"},"image":{"@id":"https:\/\/tuftingaddicts.com\/en\/Product\/tufting-tejido-secundario-antideslizante-fieltro\/#primaryimage"},"thumbnailUrl":"https:\/\/tuftingaddicts.com\/wp-content\/uploads\/2024\/11\/167.png","datePublished":"2024-11-18T10:36:00+00:00","dateModified":"2026-01-26T07:16:28+00:00","breadcrumb":{"@id":"https:\/\/tuftingaddicts.com\/en\/Product\/tufting-tejido-secundario-antideslizante-fieltro\/#breadcrumb"},"inLanguage":"en-US","potentialAction":[{"@type":"ReadAction","target":["https:\/\/tuftingaddicts.com\/en\/Product\/tufting-tejido-secundario-antideslizante-fieltro\/"]}]},{"@type":"ImageObject","inLanguage":"en-US","@id":"https:\/\/tuftingaddicts.com\/en\/Product\/tufting-tejido-secundario-antideslizante-fieltro\/#primaryimage","url":"https:\/\/tuftingaddicts.com\/wp-content\/uploads\/2024\/11\/167.png","contentUrl":"https:\/\/tuftingaddicts.com\/wp-content\/uploads\/2024\/11\/167.png","width":1080,"height":1080},{"@type":"BreadcrumbList","@id":"https:\/\/tuftingaddicts.com\/en\/Product\/tufting-tejido-secundario-antideslizante-fieltro\/#breadcrumb","itemListElement":[{"@type":"ListItem","position":1,"name":"Portada","item":"https:\/\/tuftingaddicts.com\/en\/"},{"@type":"ListItem","position":2,"name":"Shop","item":"https:\/\/tuftingaddicts.com\/en\/shop\/"},{"@type":"ListItem","position":3,"name":"News","item":"https:\/\/tuftingaddicts.com\/en\/family\/news-en\/"},{"@type":"ListItem","position":4,"name":"Secundario &#8211; Tejido antideslizante"}]},{"@type":"WebSite","@id":"https:\/\/tuftingaddicts.com\/en\/#website","url":"https:\/\/tuftingaddicts.com\/en\/","name":"Tufting Addicts Espa\u00f1a material TUFTING","description":"Proveedor de material para hacer alfombras por Tufting manual, lanas y tejidos.","publisher":{"@id":"https:\/\/tuftingaddicts.com\/en\/#organization"},"potentialAction":[{"@type":"SearchAction","target":{"@type":"EntryPoint","urlTemplate":"https:\/\/tuftingaddicts.com\/en\/?s={search_term_string}"},"query-input":{"@type":"PropertyValueSpecification","valueRequired":true,"valueName":"search_term_string"}}],"inLanguage":"en-US"},{"@type":"Organization","@id":"https:\/\/tuftingaddicts.com\/en\/#organization","name":"Tufting Addicts","url":"https:\/\/tuftingaddicts.com\/en\/","logo":{"@type":"ImageObject","inLanguage":"en-US","@id":"https:\/\/tuftingaddicts.com\/en\/#\/schema\/logo\/image\/","url":"https:\/\/tuftingaddicts.com\/wp-content\/uploads\/2021\/04\/Transparente-70x20mm.png","contentUrl":"https:\/\/tuftingaddicts.com\/wp-content\/uploads\/2021\/04\/Transparente-70x20mm.png","width":827,"height":236,"caption":"Tufting Addicts"},"image":{"@id":"https:\/\/tuftingaddicts.com\/en\/#\/schema\/logo\/image\/"},"sameAs":["https:\/\/www.facebook.com\/Tufting-Addicts-107650331396617\/","https:\/\/x.com\/TuftingAddicts","https:\/\/www.instagram.com\/tufting.addicts\/"]}]}},"jetpack_sharing_enabled":true,"_links":{"self":[{"href":"https:\/\/tuftingaddicts.com\/en\/wp-json\/wp\/v2\/product\/19956","targetHints":{"allow":["GET"]}}],"collection":[{"href":"https:\/\/tuftingaddicts.com\/en\/wp-json\/wp\/v2\/product"}],"about":[{"href":"https:\/\/tuftingaddicts.com\/en\/wp-json\/wp\/v2\/types\/product"}],"replies":[{"embeddable":true,"href":"https:\/\/tuftingaddicts.com\/en\/wp-json\/wp\/v2\/comments?post=19956"}],"version-history":[{"count":0,"href":"https:\/\/tuftingaddicts.com\/en\/wp-json\/wp\/v2\/product\/19956\/revisions"}],"wp:featuredmedia":[{"embeddable":true,"href":"https:\/\/tuftingaddicts.com\/en\/wp-json\/wp\/v2\/media\/19970"}],"wp:attachment":[{"href":"https:\/\/tuftingaddicts.com\/en\/wp-json\/wp\/v2\/media?parent=19956"}],"wp:term":[{"taxonomy":"product_brand","embeddable":true,"href":"https:\/\/tuftingaddicts.com\/en\/wp-json\/wp\/v2\/product_brand?post=19956"},{"taxonomy":"product_cat","embeddable":true,"href":"https:\/\/tuftingaddicts.com\/en\/wp-json\/wp\/v2\/product_cat?post=19956"},{"taxonomy":"product_tag","embeddable":true,"href":"https:\/\/tuftingaddicts.com\/en\/wp-json\/wp\/v2\/product_tag?post=19956"}],"curies":[{"name":"wp","href":"https:\/\/api.w.org\/{rel}","templated":true}]}}