{"id":19458,"date":"2024-06-17T18:23:00","date_gmt":"2024-06-17T17:23:00","guid":{"rendered":"https:\/\/tuftingaddicts.com\/?post_type=product&#038;p=19458"},"modified":"2026-01-05T01:05:18","modified_gmt":"2026-01-05T00:05:18","slug":"muestras-materiales-tufting","status":"publish","type":"product","link":"https:\/\/tuftingaddicts.com\/en\/Product\/muestras-materiales-tufting\/","title":{"rendered":"Muestras"},"content":{"rendered":"<p>Conoce ya las muestras de material para Alfombras Artesanales, nuestra lana acr\u00edlica 100% con nuestra carta de colores de esta lana especialmente dise\u00f1ada para el tufting. Con esta carta de colores siempre contigo podr\u00e1s comparar y seleccionar el color que mejor se adapte a tu trabajo en cada ocasi\u00f3n y teniendo claro que color ser\u00e1 el que mejor se adapte a cada trabajo.<\/p>\n<p>Y conoce de cerca nuestro producto estrella, el <a href=\"https:\/\/tuftingaddicts.com\/categor%C3%ADa\/tejidos-tufting\/\">tejido de tufting<\/a> primario y el tejido de tufting secundario antes de comprar un tramo m\u00e1s grande y selecciona el que mejor se adapte a ti. Con estas muestras de 15cm x 15cm podr\u00e1s observar su tramado y su grosos sinti\u00e9ndolo en tus manos y vi\u00e9ndolo con tus propios ojos. Te enviaremos un tramo de nuestro <a href=\"https:\/\/tuftingaddicts.com\/producto\/tejido-primario-tufting-blanco\/\">tejido primario blanco de 70\/70<\/a>, un tramo del <a href=\"https:\/\/tuftingaddicts.com\/producto\/tejido-primario-tufting-gris\/\">tejido primario gris 60\/60<\/a> y un tramo de nuestro<a href=\"https:\/\/tuftingaddicts.com\/producto\/tejido-secundario-tufting-malla\/\"> tejido secundario malla de algod\u00f3n<\/a>.<\/p>\n<p>Y para una conveniencia a\u00fan mayor, ofrecemos un pack que incluye tanto la carta de colores de lana acr\u00edlica 100% como la selecci\u00f3n de tejidos especiales para tufting. Con esta combinaci\u00f3n, tendr\u00e1s todo lo necesario para comenzar a orientarntus proyectos de tufting de inmediato, permiti\u00e9ndote explorar y experimentar con una variedad de texturas y estilos.<\/p>\n<p><span style=\"font-size: 16px; font-style: normal; font-weight: 400;\">Con una gama de tonos variados y cautivadores, esta colecci\u00f3n de\u00a0<\/span><a style=\"background-color: #ffffff; font-size: 16px; font-style: normal; font-weight: 400;\" href=\"https:\/\/tuftingaddicts.com\/categor%C3%ADa\/hilatura-lanas-tufting\/acrilico-100\/\">lana acr\u00edlica 100%<\/a><span style=\"font-size: 16px; font-style: normal; font-weight: 400;\">\u00a0te ofrece todo lo que necesitas para dar vida a tus proyectos de tejido con la t\u00e9cnica del tufting. Desde los primarios audaces hasta los tonos secundarios sutiles, cada color ha sido cuidadosamente seleccionado para inspirar tu imaginaci\u00f3n y llevar tus creaciones al siguiente nivel.\u00a0<\/span><\/p>\n<p>\u00a1Descubre el poder del tufting con nuestras muestras de material para Alfombras Artesanales!<\/p>\n","protected":false},"excerpt":{"rendered":"<p>Muestras de lanas y tejidos<\/p>\n<ul>\n<li>Carta de colores de nuestra lana acr\u00edlica 100%.<\/li>\n<li>Muestra de 3 tejidos para tufting (cuadrados de 15cm x 15cm)<\/li>\n<li>Pack conjunto carta de color + tejidos.<\/li>\n<\/ul>\n<p>Conoce nuestros productos con estas muestras y comprueba que es lo que mejor se adapta a tu trabajo antes de realizar tu compra. Con la carta de colores en tu estudio podr\u00e1s tener siempre a mano una imagen fiel de cada color pudiendo seleccionar el ideal en cada momento.<\/p>\n","protected":false},"featured_media":19464,"comment_status":"open","ping_status":"closed","template":"","meta":{"site-sidebar-layout":"default","site-content-layout":"","ast-site-content-layout":"default","site-content-style":"default","site-sidebar-style":"default","ast-global-header-display":"","ast-banner-title-visibility":"","ast-main-header-display":"","ast-hfb-above-header-display":"","ast-hfb-below-header-display":"","ast-hfb-mobile-header-display":"","site-post-title":"","ast-breadcrumbs-content":"","ast-featured-img":"","footer-sml-layout":"","ast-disable-related-posts":"","theme-transparent-header-meta":"default","adv-header-id-meta":"","stick-header-meta":"","header-above-stick-meta":"","header-main-stick-meta":"","header-below-stick-meta":"","astra-migrate-meta-layouts":"set","ast-page-background-enabled":"default","ast-page-background-meta":{"desktop":{"background-color":"var(--ast-global-color-4)","background-image":"","background-repeat":"repeat","background-position":"center center","background-size":"auto","background-attachment":"scroll","background-type":"","background-media":"","overlay-type":"","overlay-color":"","overlay-opacity":"","overlay-gradient":""},"tablet":{"background-color":"","background-image":"","background-repeat":"repeat","background-position":"center center","background-size":"auto","background-attachment":"scroll","background-type":"","background-media":"","overlay-type":"","overlay-color":"","overlay-opacity":"","overlay-gradient":""},"mobile":{"background-color":"","background-image":"","background-repeat":"repeat","background-position":"center center","background-size":"auto","background-attachment":"scroll","background-type":"","background-media":"","overlay-type":"","overlay-color":"","overlay-opacity":"","overlay-gradient":""}},"ast-content-background-meta":{"desktop":{"background-color":"var(--ast-global-color-5)","background-image":"","background-repeat":"repeat","background-position":"center center","background-size":"auto","background-attachment":"scroll","background-type":"","background-media":"","overlay-type":"","overlay-color":"","overlay-opacity":"","overlay-gradient":""},"tablet":{"background-color":"var(--ast-global-color-5)","background-image":"","background-repeat":"repeat","background-position":"center center","background-size":"auto","background-attachment":"scroll","background-type":"","background-media":"","overlay-type":"","overlay-color":"","overlay-opacity":"","overlay-gradient":""},"mobile":{"background-color":"var(--ast-global-color-5)","background-image":"","background-repeat":"repeat","background-position":"center center","background-size":"auto","background-attachment":"scroll","background-type":"","background-media":"","overlay-type":"","overlay-color":"","overlay-opacity":"","overlay-gradient":""}}},"product_brand":[],"product_cat":[510,60,71,426,58],"product_tag":[],"class_list":{"0":"post-19458","1":"product","2":"type-product","3":"status-publish","4":"has-post-thumbnail","6":"product_cat-muestras-tufting","7":"product_cat-accesorios-tufting","8":"product_cat-hilatura-lanas-tufting","9":"product_cat-acrilico-100","10":"product_cat-tejidos-tufting","11":"desktop-align-left","12":"tablet-align-left","13":"mobile-align-left","15":"first","16":"instock","17":"taxable","18":"shipping-taxable","19":"purchasable","20":"product-type-variable"},"yoast_head":"<!-- This site is optimized with the Yoast SEO plugin v27.1.1 - https:\/\/yoast.com\/product\/yoast-seo-wordpress\/ -->\n<title>Muestras de material para Alfombras tufting<\/title>\n<meta name=\"description\" content=\"Descubre nuestra colecci\u00f3n de Muestras de material para Alfombras Artesanales de tufting. Calidad suprema para proyectos aut\u00e9nticos y duraderos.\" \/>\n<meta name=\"robots\" content=\"index, follow, max-snippet:-1, max-image-preview:large, max-video-preview:-1\" \/>\n<link rel=\"canonical\" href=\"https:\/\/tuftingaddicts.com\/en\/Product\/muestras-materiales-tufting\/\" \/>\n<meta property=\"og:locale\" content=\"en_US\" \/>\n<meta property=\"og:type\" content=\"article\" \/>\n<meta property=\"og:title\" content=\"Muestras de material para Alfombras tufting\" \/>\n<meta property=\"og:description\" content=\"Descubre nuestra colecci\u00f3n de Muestras de material para Alfombras Artesanales de tufting. Calidad suprema para proyectos aut\u00e9nticos y duraderos.\" \/>\n<meta property=\"og:url\" content=\"https:\/\/tuftingaddicts.com\/en\/Product\/muestras-materiales-tufting\/\" \/>\n<meta property=\"og:site_name\" content=\"Tufting Addicts Spain TUFTING stuff\" \/>\n<meta property=\"article:publisher\" content=\"https:\/\/www.facebook.com\/Tufting-Addicts-107650331396617\/\" \/>\n<meta property=\"article:modified_time\" content=\"2026-01-05T00:05:18+00:00\" \/>\n<meta property=\"og:image\" content=\"https:\/\/tuftingaddicts.com\/wp-content\/uploads\/2024\/04\/61.png\" \/>\n\t<meta property=\"og:image:width\" content=\"1080\" \/>\n\t<meta property=\"og:image:height\" content=\"1080\" \/>\n\t<meta property=\"og:image:type\" content=\"image\/png\" \/>\n<meta name=\"twitter:card\" content=\"summary_large_image\" \/>\n<meta name=\"twitter:site\" content=\"@TuftingAddicts\" \/>\n<meta name=\"twitter:label1\" content=\"Est. reading time\" \/>\n\t<meta name=\"twitter:data1\" content=\"2 minutes\" \/>\n<script type=\"application\/ld+json\" class=\"yoast-schema-graph\">{\"@context\":\"https:\/\/schema.org\",\"@graph\":[{\"@type\":\"WebPage\",\"@id\":\"https:\/\/tuftingaddicts.com\/en\/Product\/muestras-materiales-tufting\/\",\"url\":\"https:\/\/tuftingaddicts.com\/en\/Product\/muestras-materiales-tufting\/\",\"name\":\"Muestras de material para Alfombras tufting\",\"isPartOf\":{\"@id\":\"https:\/\/tuftingaddicts.com\/en\/#website\"},\"primaryImageOfPage\":{\"@id\":\"https:\/\/tuftingaddicts.com\/en\/Product\/muestras-materiales-tufting\/#primaryimage\"},\"image\":{\"@id\":\"https:\/\/tuftingaddicts.com\/en\/Product\/muestras-materiales-tufting\/#primaryimage\"},\"thumbnailUrl\":\"https:\/\/tuftingaddicts.com\/wp-content\/uploads\/2024\/04\/61.png\",\"datePublished\":\"2024-06-17T17:23:00+00:00\",\"dateModified\":\"2026-01-05T00:05:18+00:00\",\"description\":\"Descubre nuestra colecci\u00f3n de Muestras de material para Alfombras Artesanales de tufting. Calidad suprema para proyectos aut\u00e9nticos y duraderos.\",\"breadcrumb\":{\"@id\":\"https:\/\/tuftingaddicts.com\/en\/Product\/muestras-materiales-tufting\/#breadcrumb\"},\"inLanguage\":\"en-US\",\"potentialAction\":[{\"@type\":\"ReadAction\",\"target\":[\"https:\/\/tuftingaddicts.com\/en\/Product\/muestras-materiales-tufting\/\"]}]},{\"@type\":\"ImageObject\",\"inLanguage\":\"en-US\",\"@id\":\"https:\/\/tuftingaddicts.com\/en\/Product\/muestras-materiales-tufting\/#primaryimage\",\"url\":\"https:\/\/tuftingaddicts.com\/wp-content\/uploads\/2024\/04\/61.png\",\"contentUrl\":\"https:\/\/tuftingaddicts.com\/wp-content\/uploads\/2024\/04\/61.png\",\"width\":1080,\"height\":1080,\"caption\":\"muestras de material para Alfombras Artesanales\"},{\"@type\":\"BreadcrumbList\",\"@id\":\"https:\/\/tuftingaddicts.com\/en\/Product\/muestras-materiales-tufting\/#breadcrumb\",\"itemListElement\":[{\"@type\":\"ListItem\",\"position\":1,\"name\":\"Portada\",\"item\":\"https:\/\/tuftingaddicts.com\/en\/\"},{\"@type\":\"ListItem\",\"position\":2,\"name\":\"Shop\",\"item\":\"https:\/\/tuftingaddicts.com\/en\/shop\/\"},{\"@type\":\"ListItem\",\"position\":3,\"name\":\"Accessories\",\"item\":\"https:\/\/tuftingaddicts.com\/en\/family\/accessories-tufting\/\"},{\"@type\":\"ListItem\",\"position\":4,\"name\":\"Samples\",\"item\":\"https:\/\/tuftingaddicts.com\/en\/family\/accessories-tufting\/samples-tufting\/\"},{\"@type\":\"ListItem\",\"position\":5,\"name\":\"Muestras\"}]},{\"@type\":\"WebSite\",\"@id\":\"https:\/\/tuftingaddicts.com\/en\/#website\",\"url\":\"https:\/\/tuftingaddicts.com\/en\/\",\"name\":\"Tufting Addicts Espa\u00f1a material TUFTING\",\"description\":\"Proveedor de material para hacer alfombras por Tufting manual, lanas y tejidos.\",\"publisher\":{\"@id\":\"https:\/\/tuftingaddicts.com\/en\/#organization\"},\"potentialAction\":[{\"@type\":\"SearchAction\",\"target\":{\"@type\":\"EntryPoint\",\"urlTemplate\":\"https:\/\/tuftingaddicts.com\/en\/?s={search_term_string}\"},\"query-input\":{\"@type\":\"PropertyValueSpecification\",\"valueRequired\":true,\"valueName\":\"search_term_string\"}}],\"inLanguage\":\"en-US\"},{\"@type\":\"Organization\",\"@id\":\"https:\/\/tuftingaddicts.com\/en\/#organization\",\"name\":\"Tufting Addicts\",\"url\":\"https:\/\/tuftingaddicts.com\/en\/\",\"logo\":{\"@type\":\"ImageObject\",\"inLanguage\":\"en-US\",\"@id\":\"https:\/\/tuftingaddicts.com\/en\/#\/schema\/logo\/image\/\",\"url\":\"https:\/\/tuftingaddicts.com\/wp-content\/uploads\/2021\/04\/Transparente-70x20mm.png\",\"contentUrl\":\"https:\/\/tuftingaddicts.com\/wp-content\/uploads\/2021\/04\/Transparente-70x20mm.png\",\"width\":827,\"height\":236,\"caption\":\"Tufting Addicts\"},\"image\":{\"@id\":\"https:\/\/tuftingaddicts.com\/en\/#\/schema\/logo\/image\/\"},\"sameAs\":[\"https:\/\/www.facebook.com\/Tufting-Addicts-107650331396617\/\",\"https:\/\/x.com\/TuftingAddicts\",\"https:\/\/www.instagram.com\/tufting.addicts\/\"]}]}<\/script>\n<!-- \/ Yoast SEO plugin. -->","yoast_head_json":{"title":"Muestras de material para Alfombras tufting","description":"Descubre nuestra colecci\u00f3n de Muestras de material para Alfombras Artesanales de tufting. Calidad suprema para proyectos aut\u00e9nticos y duraderos.","robots":{"index":"index","follow":"follow","max-snippet":"max-snippet:-1","max-image-preview":"max-image-preview:large","max-video-preview":"max-video-preview:-1"},"canonical":"https:\/\/tuftingaddicts.com\/en\/Product\/muestras-materiales-tufting\/","og_locale":"en_US","og_type":"article","og_title":"Muestras de material para Alfombras tufting","og_description":"Descubre nuestra colecci\u00f3n de Muestras de material para Alfombras Artesanales de tufting. Calidad suprema para proyectos aut\u00e9nticos y duraderos.","og_url":"https:\/\/tuftingaddicts.com\/en\/Product\/muestras-materiales-tufting\/","og_site_name":"Tufting Addicts Spain TUFTING stuff","article_publisher":"https:\/\/www.facebook.com\/Tufting-Addicts-107650331396617\/","article_modified_time":"2026-01-05T00:05:18+00:00","og_image":[{"width":1080,"height":1080,"url":"https:\/\/tuftingaddicts.com\/wp-content\/uploads\/2024\/04\/61.png","type":"image\/png"}],"twitter_card":"summary_large_image","twitter_site":"@TuftingAddicts","twitter_misc":{"Est. reading time":"2 minutes"},"schema":{"@context":"https:\/\/schema.org","@graph":[{"@type":"WebPage","@id":"https:\/\/tuftingaddicts.com\/en\/Product\/muestras-materiales-tufting\/","url":"https:\/\/tuftingaddicts.com\/en\/Product\/muestras-materiales-tufting\/","name":"Muestras de material para Alfombras tufting","isPartOf":{"@id":"https:\/\/tuftingaddicts.com\/en\/#website"},"primaryImageOfPage":{"@id":"https:\/\/tuftingaddicts.com\/en\/Product\/muestras-materiales-tufting\/#primaryimage"},"image":{"@id":"https:\/\/tuftingaddicts.com\/en\/Product\/muestras-materiales-tufting\/#primaryimage"},"thumbnailUrl":"https:\/\/tuftingaddicts.com\/wp-content\/uploads\/2024\/04\/61.png","datePublished":"2024-06-17T17:23:00+00:00","dateModified":"2026-01-05T00:05:18+00:00","description":"Descubre nuestra colecci\u00f3n de Muestras de material para Alfombras Artesanales de tufting. Calidad suprema para proyectos aut\u00e9nticos y duraderos.","breadcrumb":{"@id":"https:\/\/tuftingaddicts.com\/en\/Product\/muestras-materiales-tufting\/#breadcrumb"},"inLanguage":"en-US","potentialAction":[{"@type":"ReadAction","target":["https:\/\/tuftingaddicts.com\/en\/Product\/muestras-materiales-tufting\/"]}]},{"@type":"ImageObject","inLanguage":"en-US","@id":"https:\/\/tuftingaddicts.com\/en\/Product\/muestras-materiales-tufting\/#primaryimage","url":"https:\/\/tuftingaddicts.com\/wp-content\/uploads\/2024\/04\/61.png","contentUrl":"https:\/\/tuftingaddicts.com\/wp-content\/uploads\/2024\/04\/61.png","width":1080,"height":1080,"caption":"muestras de material para Alfombras Artesanales"},{"@type":"BreadcrumbList","@id":"https:\/\/tuftingaddicts.com\/en\/Product\/muestras-materiales-tufting\/#breadcrumb","itemListElement":[{"@type":"ListItem","position":1,"name":"Portada","item":"https:\/\/tuftingaddicts.com\/en\/"},{"@type":"ListItem","position":2,"name":"Shop","item":"https:\/\/tuftingaddicts.com\/en\/shop\/"},{"@type":"ListItem","position":3,"name":"Accessories","item":"https:\/\/tuftingaddicts.com\/en\/family\/accessories-tufting\/"},{"@type":"ListItem","position":4,"name":"Samples","item":"https:\/\/tuftingaddicts.com\/en\/family\/accessories-tufting\/samples-tufting\/"},{"@type":"ListItem","position":5,"name":"Muestras"}]},{"@type":"WebSite","@id":"https:\/\/tuftingaddicts.com\/en\/#website","url":"https:\/\/tuftingaddicts.com\/en\/","name":"Tufting Addicts Espa\u00f1a material TUFTING","description":"Proveedor de material para hacer alfombras por Tufting manual, lanas y tejidos.","publisher":{"@id":"https:\/\/tuftingaddicts.com\/en\/#organization"},"potentialAction":[{"@type":"SearchAction","target":{"@type":"EntryPoint","urlTemplate":"https:\/\/tuftingaddicts.com\/en\/?s={search_term_string}"},"query-input":{"@type":"PropertyValueSpecification","valueRequired":true,"valueName":"search_term_string"}}],"inLanguage":"en-US"},{"@type":"Organization","@id":"https:\/\/tuftingaddicts.com\/en\/#organization","name":"Tufting Addicts","url":"https:\/\/tuftingaddicts.com\/en\/","logo":{"@type":"ImageObject","inLanguage":"en-US","@id":"https:\/\/tuftingaddicts.com\/en\/#\/schema\/logo\/image\/","url":"https:\/\/tuftingaddicts.com\/wp-content\/uploads\/2021\/04\/Transparente-70x20mm.png","contentUrl":"https:\/\/tuftingaddicts.com\/wp-content\/uploads\/2021\/04\/Transparente-70x20mm.png","width":827,"height":236,"caption":"Tufting Addicts"},"image":{"@id":"https:\/\/tuftingaddicts.com\/en\/#\/schema\/logo\/image\/"},"sameAs":["https:\/\/www.facebook.com\/Tufting-Addicts-107650331396617\/","https:\/\/x.com\/TuftingAddicts","https:\/\/www.instagram.com\/tufting.addicts\/"]}]}},"jetpack_sharing_enabled":true,"_links":{"self":[{"href":"https:\/\/tuftingaddicts.com\/en\/wp-json\/wp\/v2\/product\/19458","targetHints":{"allow":["GET"]}}],"collection":[{"href":"https:\/\/tuftingaddicts.com\/en\/wp-json\/wp\/v2\/product"}],"about":[{"href":"https:\/\/tuftingaddicts.com\/en\/wp-json\/wp\/v2\/types\/product"}],"replies":[{"embeddable":true,"href":"https:\/\/tuftingaddicts.com\/en\/wp-json\/wp\/v2\/comments?post=19458"}],"version-history":[{"count":0,"href":"https:\/\/tuftingaddicts.com\/en\/wp-json\/wp\/v2\/product\/19458\/revisions"}],"wp:featuredmedia":[{"embeddable":true,"href":"https:\/\/tuftingaddicts.com\/en\/wp-json\/wp\/v2\/media\/19464"}],"wp:attachment":[{"href":"https:\/\/tuftingaddicts.com\/en\/wp-json\/wp\/v2\/media?parent=19458"}],"wp:term":[{"taxonomy":"product_brand","embeddable":true,"href":"https:\/\/tuftingaddicts.com\/en\/wp-json\/wp\/v2\/product_brand?post=19458"},{"taxonomy":"product_cat","embeddable":true,"href":"https:\/\/tuftingaddicts.com\/en\/wp-json\/wp\/v2\/product_cat?post=19458"},{"taxonomy":"product_tag","embeddable":true,"href":"https:\/\/tuftingaddicts.com\/en\/wp-json\/wp\/v2\/product_tag?post=19458"}],"curies":[{"name":"wp","href":"https:\/\/api.w.org\/{rel}","templated":true}]}}