{"id":19437,"date":"2024-06-17T18:24:00","date_gmt":"2024-06-17T17:24:00","guid":{"rendered":"https:\/\/tuftingaddicts.com\/?post_type=product&#038;p=19437"},"modified":"2026-03-09T12:28:22","modified_gmt":"2026-03-09T11:28:22","slug":"adhesivo-contacto-transparente-tufting","status":"publish","type":"product","link":"https:\/\/tuftingaddicts.com\/en\/Product\/adhesivo-contacto-transparente-tufting\/","title":{"rendered":"Cola de contacto transparente"},"content":{"rendered":"<div id=\"chat_conversation\" class=\"flex flex-col items-center text-sm dark:bg-gray-800 w-full\">\n<div class=\"w-full border-b border-black\/10 dark:border-gray-900\/50 text-gray-800 dark:text-gray-100 group dark:bg-gray-800\">\n<div class=\"text-base gap-4 md:gap-6 m-auto md:max-w-2xl lg:max-w-2xl xl:max-w-3xl p-4 md:py-6 flex lg:px-0\">\n<div class=\"w-[calc(100%-50px)] \">\n<div class=\"relative flex flex-col gap-1 md:gap-3 lg:w-[calc(100%-115px)]\">\n<div id=\"copy_339\" class=\"markdown prose w-full break-words dark:prose-invert dark system_write\">\n<p>Adhesivo de contacto transparente para alfombras de Tufting\u00a0 en formato tubo .<\/p>\n<p>Es un producto pr\u00e1ctico y eficiente que garantiza acabados impecables en tus trabajos de tufting. Su presentaci\u00f3n en dos tama\u00f1os, 55ml y 125ml, lo convierte en una opci\u00f3n vers\u00e1til y conveniente para proyectos de diferentes tama\u00f1os, adapt\u00e1ndose perfectamente a todas tus necesidades a la hora de trabajar el tufting.<\/p>\n<p>Este adhesivo de contacto es ideal para aquellos que buscan un producto que ocupe poco espacio pero que ofrezca resultados profesionales. Su f\u00f3rmula especial garantiza una fuerte adherencia y durabilidad, asegurando acabados buenos y duraderos.<\/p>\n<p>Es ideal para fijar entre tejidos, por ejemplo, el dobladillo para embellecer los acabados de los extremos del tejido primario. Tambi\u00e9n es ideal para fijar el tejido final o darle forma manual a los bordes con un acabado mas limpio que el adhesivo en spray ya que el aplicador en tubo es mucho mas preciso. cabe destacar que es completamente transparente y no amarillea, permitiendo trabajar al limite de los tejidos.<\/p>\n<p>Adem\u00e1s, este Adhesivo de contacto transparente para alfombras de Tufting \u00a0es perfecto para combinar con el resto de nuestros <a href=\"https:\/\/tuftingaddicts.com\/categor%C3%ADa\/adhesivos-tufting\/\">productos adhesivos<\/a> o el <a href=\"https:\/\/tuftingaddicts.com\/producto\/fijador-tufting-latex\/\">fijador estilo l\u00e1tex<\/a>, creando un sistema completo y eficaz para la realizaci\u00f3n de trabajos de tufting. Con este producto, podr\u00e1s lograr acabados perfectos y duraderos en tus proyectos de tufting.<\/p>\n<\/div>\n<div class=\"flex justify-end gap-2 w-full mt-2\">\n<div class=\"text-gray-400 flex self-end lg:self-center justify-center gap-3 md:gap-4 visible\"><\/div>\n<\/div>\n<\/div>\n<\/div>\n<\/div>\n<\/div>\n<\/div>\n<div id=\"humanchat_conversation\" class=\"flex flex-col items-center text-sm dark:bg-gray-800 w-full\"><\/div>\n","protected":false},"excerpt":{"rendered":"<p>Adhesivo de contacto en formato tradicional<\/p>\n<ul>\n<li>F\u00e1cil manejo.<\/li>\n<li>2 tama\u00f1os: 55 ml y 125 ml.<\/li>\n<li>gel transparente.<\/li>\n<li>Boquilla cl\u00e1sica.<\/li>\n<\/ul>\n<p>Este formato cl\u00e1sico es perfecto para el acabado y todos los remates finales.<\/p>\n","protected":false},"featured_media":19442,"comment_status":"open","ping_status":"closed","template":"","meta":{"site-sidebar-layout":"default","site-content-layout":"","ast-site-content-layout":"default","site-content-style":"default","site-sidebar-style":"default","ast-global-header-display":"","ast-banner-title-visibility":"","ast-main-header-display":"","ast-hfb-above-header-display":"","ast-hfb-below-header-display":"","ast-hfb-mobile-header-display":"","site-post-title":"","ast-breadcrumbs-content":"","ast-featured-img":"","footer-sml-layout":"","ast-disable-related-posts":"","theme-transparent-header-meta":"default","adv-header-id-meta":"","stick-header-meta":"","header-above-stick-meta":"","header-main-stick-meta":"","header-below-stick-meta":"","astra-migrate-meta-layouts":"set","ast-page-background-enabled":"default","ast-page-background-meta":{"desktop":{"background-color":"var(--ast-global-color-4)","background-image":"","background-repeat":"repeat","background-position":"center center","background-size":"auto","background-attachment":"scroll","background-type":"","background-media":"","overlay-type":"","overlay-color":"","overlay-opacity":"","overlay-gradient":""},"tablet":{"background-color":"","background-image":"","background-repeat":"repeat","background-position":"center center","background-size":"auto","background-attachment":"scroll","background-type":"","background-media":"","overlay-type":"","overlay-color":"","overlay-opacity":"","overlay-gradient":""},"mobile":{"background-color":"","background-image":"","background-repeat":"repeat","background-position":"center center","background-size":"auto","background-attachment":"scroll","background-type":"","background-media":"","overlay-type":"","overlay-color":"","overlay-opacity":"","overlay-gradient":""}},"ast-content-background-meta":{"desktop":{"background-color":"var(--ast-global-color-5)","background-image":"","background-repeat":"repeat","background-position":"center center","background-size":"auto","background-attachment":"scroll","background-type":"","background-media":"","overlay-type":"","overlay-color":"","overlay-opacity":"","overlay-gradient":""},"tablet":{"background-color":"var(--ast-global-color-5)","background-image":"","background-repeat":"repeat","background-position":"center center","background-size":"auto","background-attachment":"scroll","background-type":"","background-media":"","overlay-type":"","overlay-color":"","overlay-opacity":"","overlay-gradient":""},"mobile":{"background-color":"var(--ast-global-color-5)","background-image":"","background-repeat":"repeat","background-position":"center center","background-size":"auto","background-attachment":"scroll","background-type":"","background-media":"","overlay-type":"","overlay-color":"","overlay-opacity":"","overlay-gradient":""}}},"product_brand":[],"product_cat":[124],"product_tag":[],"class_list":{"0":"post-19437","1":"product","2":"type-product","3":"status-publish","4":"has-post-thumbnail","6":"product_cat-adhesivos-tufting","7":"desktop-align-left","8":"tablet-align-left","9":"mobile-align-left","11":"first","12":"instock","13":"taxable","14":"shipping-taxable","15":"purchasable","16":"product-type-variable","17":"has-default-attributes"},"yoast_head":"<!-- This site is optimized with the Yoast SEO plugin v27.1.1 - https:\/\/yoast.com\/product\/yoast-seo-wordpress\/ -->\n<title>Adhesivo de contacto transparente para alfombras de Tufting<\/title>\n<meta name=\"description\" content=\"Descubre el Adhesivo de contacto transparente para alfombras artesanales de Tufting. Calidad suprema para proyectos aut\u00e9nticos y duraderos.\" \/>\n<meta name=\"robots\" content=\"index, follow, max-snippet:-1, max-image-preview:large, max-video-preview:-1\" \/>\n<link rel=\"canonical\" href=\"https:\/\/tuftingaddicts.com\/en\/Product\/adhesivo-contacto-transparente-tufting\/\" \/>\n<meta property=\"og:locale\" content=\"en_US\" \/>\n<meta property=\"og:type\" content=\"article\" \/>\n<meta property=\"og:title\" content=\"Adhesivo de contacto transparente para alfombras de Tufting\" \/>\n<meta property=\"og:description\" content=\"Descubre el Adhesivo de contacto transparente para alfombras artesanales de Tufting. Calidad suprema para proyectos aut\u00e9nticos y duraderos.\" \/>\n<meta property=\"og:url\" content=\"https:\/\/tuftingaddicts.com\/en\/Product\/adhesivo-contacto-transparente-tufting\/\" \/>\n<meta property=\"og:site_name\" content=\"Tufting Addicts Spain TUFTING stuff\" \/>\n<meta property=\"article:publisher\" content=\"https:\/\/www.facebook.com\/Tufting-Addicts-107650331396617\/\" \/>\n<meta property=\"article:modified_time\" content=\"2026-03-09T11:28:22+00:00\" \/>\n<meta property=\"og:image\" content=\"https:\/\/tuftingaddicts.com\/wp-content\/uploads\/2024\/04\/63.png\" \/>\n\t<meta property=\"og:image:width\" content=\"1080\" \/>\n\t<meta property=\"og:image:height\" content=\"1080\" \/>\n\t<meta property=\"og:image:type\" content=\"image\/png\" \/>\n<meta name=\"twitter:card\" content=\"summary_large_image\" \/>\n<meta name=\"twitter:site\" content=\"@TuftingAddicts\" \/>\n<meta name=\"twitter:label1\" content=\"Est. reading time\" \/>\n\t<meta name=\"twitter:data1\" content=\"2 minutes\" \/>\n<script type=\"application\/ld+json\" class=\"yoast-schema-graph\">{\"@context\":\"https:\/\/schema.org\",\"@graph\":[{\"@type\":\"WebPage\",\"@id\":\"https:\/\/tuftingaddicts.com\/en\/Product\/adhesivo-contacto-transparente-tufting\/\",\"url\":\"https:\/\/tuftingaddicts.com\/en\/Product\/adhesivo-contacto-transparente-tufting\/\",\"name\":\"Adhesivo de contacto transparente para alfombras de Tufting\",\"isPartOf\":{\"@id\":\"https:\/\/tuftingaddicts.com\/en\/#website\"},\"primaryImageOfPage\":{\"@id\":\"https:\/\/tuftingaddicts.com\/en\/Product\/adhesivo-contacto-transparente-tufting\/#primaryimage\"},\"image\":{\"@id\":\"https:\/\/tuftingaddicts.com\/en\/Product\/adhesivo-contacto-transparente-tufting\/#primaryimage\"},\"thumbnailUrl\":\"https:\/\/tuftingaddicts.com\/wp-content\/uploads\/2024\/04\/63.png\",\"datePublished\":\"2024-06-17T17:24:00+00:00\",\"dateModified\":\"2026-03-09T11:28:22+00:00\",\"description\":\"Descubre el Adhesivo de contacto transparente para alfombras artesanales de Tufting. Calidad suprema para proyectos aut\u00e9nticos y duraderos.\",\"breadcrumb\":{\"@id\":\"https:\/\/tuftingaddicts.com\/en\/Product\/adhesivo-contacto-transparente-tufting\/#breadcrumb\"},\"inLanguage\":\"en-US\",\"potentialAction\":[{\"@type\":\"ReadAction\",\"target\":[\"https:\/\/tuftingaddicts.com\/en\/Product\/adhesivo-contacto-transparente-tufting\/\"]}]},{\"@type\":\"ImageObject\",\"inLanguage\":\"en-US\",\"@id\":\"https:\/\/tuftingaddicts.com\/en\/Product\/adhesivo-contacto-transparente-tufting\/#primaryimage\",\"url\":\"https:\/\/tuftingaddicts.com\/wp-content\/uploads\/2024\/04\/63.png\",\"contentUrl\":\"https:\/\/tuftingaddicts.com\/wp-content\/uploads\/2024\/04\/63.png\",\"width\":1080,\"height\":1080,\"caption\":\"Adhesivo de contacto transparente para alfombras de Tufting\"},{\"@type\":\"BreadcrumbList\",\"@id\":\"https:\/\/tuftingaddicts.com\/en\/Product\/adhesivo-contacto-transparente-tufting\/#breadcrumb\",\"itemListElement\":[{\"@type\":\"ListItem\",\"position\":1,\"name\":\"Portada\",\"item\":\"https:\/\/tuftingaddicts.com\/en\/\"},{\"@type\":\"ListItem\",\"position\":2,\"name\":\"Shop\",\"item\":\"https:\/\/tuftingaddicts.com\/en\/shop\/\"},{\"@type\":\"ListItem\",\"position\":3,\"name\":\"Adhesives\",\"item\":\"https:\/\/tuftingaddicts.com\/en\/family\/adhesives-tufting\/\"},{\"@type\":\"ListItem\",\"position\":4,\"name\":\"Cola de contacto transparente\"}]},{\"@type\":\"WebSite\",\"@id\":\"https:\/\/tuftingaddicts.com\/en\/#website\",\"url\":\"https:\/\/tuftingaddicts.com\/en\/\",\"name\":\"Tufting Addicts Espa\u00f1a material TUFTING\",\"description\":\"Proveedor de material para hacer alfombras por Tufting manual, lanas y tejidos.\",\"publisher\":{\"@id\":\"https:\/\/tuftingaddicts.com\/en\/#organization\"},\"potentialAction\":[{\"@type\":\"SearchAction\",\"target\":{\"@type\":\"EntryPoint\",\"urlTemplate\":\"https:\/\/tuftingaddicts.com\/en\/?s={search_term_string}\"},\"query-input\":{\"@type\":\"PropertyValueSpecification\",\"valueRequired\":true,\"valueName\":\"search_term_string\"}}],\"inLanguage\":\"en-US\"},{\"@type\":\"Organization\",\"@id\":\"https:\/\/tuftingaddicts.com\/en\/#organization\",\"name\":\"Tufting Addicts\",\"url\":\"https:\/\/tuftingaddicts.com\/en\/\",\"logo\":{\"@type\":\"ImageObject\",\"inLanguage\":\"en-US\",\"@id\":\"https:\/\/tuftingaddicts.com\/en\/#\/schema\/logo\/image\/\",\"url\":\"https:\/\/tuftingaddicts.com\/wp-content\/uploads\/2021\/04\/Transparente-70x20mm.png\",\"contentUrl\":\"https:\/\/tuftingaddicts.com\/wp-content\/uploads\/2021\/04\/Transparente-70x20mm.png\",\"width\":827,\"height\":236,\"caption\":\"Tufting Addicts\"},\"image\":{\"@id\":\"https:\/\/tuftingaddicts.com\/en\/#\/schema\/logo\/image\/\"},\"sameAs\":[\"https:\/\/www.facebook.com\/Tufting-Addicts-107650331396617\/\",\"https:\/\/x.com\/TuftingAddicts\",\"https:\/\/www.instagram.com\/tufting.addicts\/\"]}]}<\/script>\n<!-- \/ Yoast SEO plugin. -->","yoast_head_json":{"title":"Adhesivo de contacto transparente para alfombras de Tufting","description":"Descubre el Adhesivo de contacto transparente para alfombras artesanales de Tufting. Calidad suprema para proyectos aut\u00e9nticos y duraderos.","robots":{"index":"index","follow":"follow","max-snippet":"max-snippet:-1","max-image-preview":"max-image-preview:large","max-video-preview":"max-video-preview:-1"},"canonical":"https:\/\/tuftingaddicts.com\/en\/Product\/adhesivo-contacto-transparente-tufting\/","og_locale":"en_US","og_type":"article","og_title":"Adhesivo de contacto transparente para alfombras de Tufting","og_description":"Descubre el Adhesivo de contacto transparente para alfombras artesanales de Tufting. Calidad suprema para proyectos aut\u00e9nticos y duraderos.","og_url":"https:\/\/tuftingaddicts.com\/en\/Product\/adhesivo-contacto-transparente-tufting\/","og_site_name":"Tufting Addicts Spain TUFTING stuff","article_publisher":"https:\/\/www.facebook.com\/Tufting-Addicts-107650331396617\/","article_modified_time":"2026-03-09T11:28:22+00:00","og_image":[{"url":"https:\/\/tuftingaddicts.com\/wp-content\/uploads\/2024\/04\/63.png","width":1080,"height":1080,"type":"image\/png"}],"twitter_card":"summary_large_image","twitter_site":"@TuftingAddicts","twitter_misc":{"Est. reading time":"2 minutes"},"schema":{"@context":"https:\/\/schema.org","@graph":[{"@type":"WebPage","@id":"https:\/\/tuftingaddicts.com\/en\/Product\/adhesivo-contacto-transparente-tufting\/","url":"https:\/\/tuftingaddicts.com\/en\/Product\/adhesivo-contacto-transparente-tufting\/","name":"Adhesivo de contacto transparente para alfombras de Tufting","isPartOf":{"@id":"https:\/\/tuftingaddicts.com\/en\/#website"},"primaryImageOfPage":{"@id":"https:\/\/tuftingaddicts.com\/en\/Product\/adhesivo-contacto-transparente-tufting\/#primaryimage"},"image":{"@id":"https:\/\/tuftingaddicts.com\/en\/Product\/adhesivo-contacto-transparente-tufting\/#primaryimage"},"thumbnailUrl":"https:\/\/tuftingaddicts.com\/wp-content\/uploads\/2024\/04\/63.png","datePublished":"2024-06-17T17:24:00+00:00","dateModified":"2026-03-09T11:28:22+00:00","description":"Descubre el Adhesivo de contacto transparente para alfombras artesanales de Tufting. Calidad suprema para proyectos aut\u00e9nticos y duraderos.","breadcrumb":{"@id":"https:\/\/tuftingaddicts.com\/en\/Product\/adhesivo-contacto-transparente-tufting\/#breadcrumb"},"inLanguage":"en-US","potentialAction":[{"@type":"ReadAction","target":["https:\/\/tuftingaddicts.com\/en\/Product\/adhesivo-contacto-transparente-tufting\/"]}]},{"@type":"ImageObject","inLanguage":"en-US","@id":"https:\/\/tuftingaddicts.com\/en\/Product\/adhesivo-contacto-transparente-tufting\/#primaryimage","url":"https:\/\/tuftingaddicts.com\/wp-content\/uploads\/2024\/04\/63.png","contentUrl":"https:\/\/tuftingaddicts.com\/wp-content\/uploads\/2024\/04\/63.png","width":1080,"height":1080,"caption":"Adhesivo de contacto transparente para alfombras de Tufting"},{"@type":"BreadcrumbList","@id":"https:\/\/tuftingaddicts.com\/en\/Product\/adhesivo-contacto-transparente-tufting\/#breadcrumb","itemListElement":[{"@type":"ListItem","position":1,"name":"Portada","item":"https:\/\/tuftingaddicts.com\/en\/"},{"@type":"ListItem","position":2,"name":"Shop","item":"https:\/\/tuftingaddicts.com\/en\/shop\/"},{"@type":"ListItem","position":3,"name":"Adhesives","item":"https:\/\/tuftingaddicts.com\/en\/family\/adhesives-tufting\/"},{"@type":"ListItem","position":4,"name":"Cola de contacto transparente"}]},{"@type":"WebSite","@id":"https:\/\/tuftingaddicts.com\/en\/#website","url":"https:\/\/tuftingaddicts.com\/en\/","name":"Tufting Addicts Espa\u00f1a material TUFTING","description":"Proveedor de material para hacer alfombras por Tufting manual, lanas y tejidos.","publisher":{"@id":"https:\/\/tuftingaddicts.com\/en\/#organization"},"potentialAction":[{"@type":"SearchAction","target":{"@type":"EntryPoint","urlTemplate":"https:\/\/tuftingaddicts.com\/en\/?s={search_term_string}"},"query-input":{"@type":"PropertyValueSpecification","valueRequired":true,"valueName":"search_term_string"}}],"inLanguage":"en-US"},{"@type":"Organization","@id":"https:\/\/tuftingaddicts.com\/en\/#organization","name":"Tufting Addicts","url":"https:\/\/tuftingaddicts.com\/en\/","logo":{"@type":"ImageObject","inLanguage":"en-US","@id":"https:\/\/tuftingaddicts.com\/en\/#\/schema\/logo\/image\/","url":"https:\/\/tuftingaddicts.com\/wp-content\/uploads\/2021\/04\/Transparente-70x20mm.png","contentUrl":"https:\/\/tuftingaddicts.com\/wp-content\/uploads\/2021\/04\/Transparente-70x20mm.png","width":827,"height":236,"caption":"Tufting Addicts"},"image":{"@id":"https:\/\/tuftingaddicts.com\/en\/#\/schema\/logo\/image\/"},"sameAs":["https:\/\/www.facebook.com\/Tufting-Addicts-107650331396617\/","https:\/\/x.com\/TuftingAddicts","https:\/\/www.instagram.com\/tufting.addicts\/"]}]}},"jetpack_sharing_enabled":true,"_links":{"self":[{"href":"https:\/\/tuftingaddicts.com\/en\/wp-json\/wp\/v2\/product\/19437","targetHints":{"allow":["GET"]}}],"collection":[{"href":"https:\/\/tuftingaddicts.com\/en\/wp-json\/wp\/v2\/product"}],"about":[{"href":"https:\/\/tuftingaddicts.com\/en\/wp-json\/wp\/v2\/types\/product"}],"replies":[{"embeddable":true,"href":"https:\/\/tuftingaddicts.com\/en\/wp-json\/wp\/v2\/comments?post=19437"}],"version-history":[{"count":1,"href":"https:\/\/tuftingaddicts.com\/en\/wp-json\/wp\/v2\/product\/19437\/revisions"}],"predecessor-version":[{"id":21802,"href":"https:\/\/tuftingaddicts.com\/en\/wp-json\/wp\/v2\/product\/19437\/revisions\/21802"}],"wp:featuredmedia":[{"embeddable":true,"href":"https:\/\/tuftingaddicts.com\/en\/wp-json\/wp\/v2\/media\/19442"}],"wp:attachment":[{"href":"https:\/\/tuftingaddicts.com\/en\/wp-json\/wp\/v2\/media?parent=19437"}],"wp:term":[{"taxonomy":"product_brand","embeddable":true,"href":"https:\/\/tuftingaddicts.com\/en\/wp-json\/wp\/v2\/product_brand?post=19437"},{"taxonomy":"product_cat","embeddable":true,"href":"https:\/\/tuftingaddicts.com\/en\/wp-json\/wp\/v2\/product_cat?post=19437"},{"taxonomy":"product_tag","embeddable":true,"href":"https:\/\/tuftingaddicts.com\/en\/wp-json\/wp\/v2\/product_tag?post=19437"}],"curies":[{"name":"wp","href":"https:\/\/api.w.org\/{rel}","templated":true}]}}