{"id":19425,"date":"2024-06-17T18:24:00","date_gmt":"2024-06-17T17:24:00","guid":{"rendered":"https:\/\/tuftingaddicts.com\/?post_type=product&#038;p=19425"},"modified":"2026-02-19T20:00:46","modified_gmt":"2026-02-19T19:00:46","slug":"esquiladora-para-alfombras-tufting","status":"publish","type":"product","link":"https:\/\/tuftingaddicts.com\/en\/Product\/esquiladora-para-alfombras-tufting\/","title":{"rendered":"Esquiladora regulable Tufting"},"content":{"rendered":"<p>Esta <strong>Esquiladora para alfombras de tufting<\/strong> es una herramienta imprescindible para aquellos que buscan dar un acabado impecable a sus creaciones.<br \/>\nSu dise\u00f1o combina la resistencia del metal con la calidez de la madera, ofreciendo durabilidad y estilo en un solo producto.<br \/>\nCon esta esquiladora, podr\u00e1s dar forma y textura a tus alfombras de manera precisa y eficiente, logrando acabados de alta calidad que destacar\u00e1n en cualquier espacio. especialmente los perfilados y peque\u00f1os detalles.<\/p>\n<p>Adem\u00e1s de su funcionalidad para dar acabados perfectos, esta esquiladora te permite experimentar con diferentes formas y texturas para crear piezas \u00fanicas y personalizadas. Su versatilidad te da la oportunidad de explorar tu creatividad y llevar tus dise\u00f1os al siguiente nivel, a\u00f1adiendo un toque de originalidad a tus proyectos pudiendo crear <strong>alfombras estilo 3D<\/strong>.<\/p>\n<p>Es el complemento perfecto para aquellos que buscan calidad, practicidad y versatilidad.<\/p>\n<p>Dispone de una <a href=\"https:\/\/tuftingaddicts.com\/producto\/cuchilla-esquiladora-tufting\/\">cuchilla de cer\u00e1mica<\/a> la cual asegura una buena disipaci\u00f3n del calor generado por la fricci\u00f3n de la cuchilla .<br \/>\n<strong><em>esta pieza es intercambiable y puedes <a href=\"https:\/\/tuftingaddicts.com\/producto\/cuchilla-esquiladora-tufting\/\">comprar una nueva<\/a> cuando est\u00e9 desgastada o da\u00f1ada ya que simplemente se coloca con un sistema fiable de &#8220;click&#8221;.<\/em><\/strong><\/p>\n<p>Este modelo consta de un <strong>interruptor fijo<\/strong> para poder dejar encendida la maquina mientras trabajamos sin tener que mantenerlo pulsado y dispone de un motor de corriente continua con un alto par y velocidad suficiente para trabajar en diversos materiales, desde lana, acr\u00edlico incluso algod\u00f3n.<br \/>\nCabe destacar la funci\u00f3n de <strong>regulaci\u00f3n de la velocidad<\/strong>, esta se encuentra en el transformador el\u00e9ctrico y supone un ajuste preciso para seg\u00fan que trabajo a realizar.<br \/>\nLa parte central donde se une el metal con la madera est\u00e1 protegida con un &#8220;Grip&#8221; de silicona (azul en este caso) que su funci\u00f3n aparte de ofrecer una empu\u00f1adura c\u00f3moda, este a\u00edsla del calor generado por el motor durante un funcionamiento continuado. si la maquina est\u00e1 muy caliente tras un uso continuado, recomendamos dejarla enfriar para volver a trabajar ya que el dise\u00f1o de la misma solo permite el refrigerado del motor mediante el metal sin disponer de ventilaci\u00f3n como lo hace una Tufting Gun<\/p>\n<p>Combinada con las <a href=\"https:\/\/tuftingaddicts.com\/producto\/detalles-perfectos-tufting-kretzer\/\">tijeras pico de pato<\/a> y nuestro <a href=\"https:\/\/tuftingaddicts.com\/producto\/adhesivo-de-contacto-en-spray\/\">adhesivo de contacto en spray<\/a> podr\u00e1s obtener los mejores acabados.<\/p>\n","protected":false},"excerpt":{"rendered":"<p>Esquiladora para tufting<\/p>\n<ul>\n<li>Velocidad regulable<\/li>\n<li>Incluye: Malet\u00edn, 2 peines, un cepillo de limpieza y un bote de aceite.<\/li>\n<li>200w<\/li>\n<li>Voltaje universal 100-240v<\/li>\n<li>Enchufe europeo.<\/li>\n<\/ul>\n<p>Ofrece un acabado impecable en tus trabajos con esta herramienta.<\/p>\n","protected":false},"featured_media":19430,"comment_status":"open","ping_status":"closed","template":"","meta":{"site-sidebar-layout":"default","site-content-layout":"","ast-site-content-layout":"default","site-content-style":"default","site-sidebar-style":"default","ast-global-header-display":"","ast-banner-title-visibility":"","ast-main-header-display":"","ast-hfb-above-header-display":"","ast-hfb-below-header-display":"","ast-hfb-mobile-header-display":"","site-post-title":"","ast-breadcrumbs-content":"","ast-featured-img":"","footer-sml-layout":"","ast-disable-related-posts":"","theme-transparent-header-meta":"default","adv-header-id-meta":"","stick-header-meta":"","header-above-stick-meta":"","header-main-stick-meta":"","header-below-stick-meta":"","astra-migrate-meta-layouts":"set","ast-page-background-enabled":"default","ast-page-background-meta":{"desktop":{"background-color":"var(--ast-global-color-4)","background-image":"","background-repeat":"repeat","background-position":"center center","background-size":"auto","background-attachment":"scroll","background-type":"","background-media":"","overlay-type":"","overlay-color":"","overlay-opacity":"","overlay-gradient":""},"tablet":{"background-color":"","background-image":"","background-repeat":"repeat","background-position":"center center","background-size":"auto","background-attachment":"scroll","background-type":"","background-media":"","overlay-type":"","overlay-color":"","overlay-opacity":"","overlay-gradient":""},"mobile":{"background-color":"","background-image":"","background-repeat":"repeat","background-position":"center center","background-size":"auto","background-attachment":"scroll","background-type":"","background-media":"","overlay-type":"","overlay-color":"","overlay-opacity":"","overlay-gradient":""}},"ast-content-background-meta":{"desktop":{"background-color":"var(--ast-global-color-5)","background-image":"","background-repeat":"repeat","background-position":"center center","background-size":"auto","background-attachment":"scroll","background-type":"","background-media":"","overlay-type":"","overlay-color":"","overlay-opacity":"","overlay-gradient":""},"tablet":{"background-color":"var(--ast-global-color-5)","background-image":"","background-repeat":"repeat","background-position":"center center","background-size":"auto","background-attachment":"scroll","background-type":"","background-media":"","overlay-type":"","overlay-color":"","overlay-opacity":"","overlay-gradient":""},"mobile":{"background-color":"var(--ast-global-color-5)","background-image":"","background-repeat":"repeat","background-position":"center center","background-size":"auto","background-attachment":"scroll","background-type":"","background-media":"","overlay-type":"","overlay-color":"","overlay-opacity":"","overlay-gradient":""}}},"product_brand":[],"product_cat":[511,60],"product_tag":[],"class_list":{"0":"post-19425","1":"product","2":"type-product","3":"status-publish","4":"has-post-thumbnail","6":"product_cat-esquiladoras-perfiladoras","7":"product_cat-accesorios-tufting","8":"desktop-align-left","9":"tablet-align-left","10":"mobile-align-left","12":"first","13":"onbackorder","14":"taxable","15":"shipping-taxable","16":"purchasable","17":"product-type-simple"},"yoast_head":"<!-- This site is optimized with the Yoast SEO plugin v27.1.1 - https:\/\/yoast.com\/product\/yoast-seo-wordpress\/ -->\n<title>Esquiladora para alfombras artesanales de tufting<\/title>\n<meta name=\"description\" content=\"Descubre la Esquiladora para alfombras artesanales de tufting. Calidad suprema para proyectos aut\u00e9nticos y duraderos. \u00a1Eleva tu creatividad hoy!\" \/>\n<meta name=\"robots\" content=\"index, follow, max-snippet:-1, max-image-preview:large, max-video-preview:-1\" \/>\n<link rel=\"canonical\" href=\"https:\/\/tuftingaddicts.com\/en\/Product\/esquiladora-para-alfombras-tufting\/\" \/>\n<meta property=\"og:locale\" content=\"en_US\" \/>\n<meta property=\"og:type\" content=\"article\" \/>\n<meta property=\"og:title\" content=\"Esquiladora para alfombras artesanales de tufting\" \/>\n<meta property=\"og:description\" content=\"Descubre la Esquiladora para alfombras artesanales de tufting. Calidad suprema para proyectos aut\u00e9nticos y duraderos. \u00a1Eleva tu creatividad hoy!\" \/>\n<meta property=\"og:url\" content=\"https:\/\/tuftingaddicts.com\/en\/Product\/esquiladora-para-alfombras-tufting\/\" \/>\n<meta property=\"og:site_name\" content=\"Tufting Addicts Spain TUFTING stuff\" \/>\n<meta property=\"article:publisher\" content=\"https:\/\/www.facebook.com\/Tufting-Addicts-107650331396617\/\" \/>\n<meta property=\"article:modified_time\" content=\"2026-02-19T19:00:46+00:00\" \/>\n<meta property=\"og:image\" content=\"https:\/\/tuftingaddicts.com\/wp-content\/uploads\/2024\/04\/70.png\" \/>\n\t<meta property=\"og:image:width\" content=\"1080\" \/>\n\t<meta property=\"og:image:height\" content=\"1080\" \/>\n\t<meta property=\"og:image:type\" content=\"image\/png\" \/>\n<meta name=\"twitter:card\" content=\"summary_large_image\" \/>\n<meta name=\"twitter:site\" content=\"@TuftingAddicts\" \/>\n<meta name=\"twitter:label1\" content=\"Est. reading time\" \/>\n\t<meta name=\"twitter:data1\" content=\"2 minutes\" \/>\n<script type=\"application\/ld+json\" class=\"yoast-schema-graph\">{\"@context\":\"https:\/\/schema.org\",\"@graph\":[{\"@type\":\"WebPage\",\"@id\":\"https:\/\/tuftingaddicts.com\/en\/Product\/esquiladora-para-alfombras-tufting\/\",\"url\":\"https:\/\/tuftingaddicts.com\/en\/Product\/esquiladora-para-alfombras-tufting\/\",\"name\":\"Esquiladora para alfombras artesanales de tufting\",\"isPartOf\":{\"@id\":\"https:\/\/tuftingaddicts.com\/en\/#website\"},\"primaryImageOfPage\":{\"@id\":\"https:\/\/tuftingaddicts.com\/en\/Product\/esquiladora-para-alfombras-tufting\/#primaryimage\"},\"image\":{\"@id\":\"https:\/\/tuftingaddicts.com\/en\/Product\/esquiladora-para-alfombras-tufting\/#primaryimage\"},\"thumbnailUrl\":\"https:\/\/tuftingaddicts.com\/wp-content\/uploads\/2024\/04\/70.png\",\"datePublished\":\"2024-06-17T17:24:00+00:00\",\"dateModified\":\"2026-02-19T19:00:46+00:00\",\"description\":\"Descubre la Esquiladora para alfombras artesanales de tufting. Calidad suprema para proyectos aut\u00e9nticos y duraderos. \u00a1Eleva tu creatividad hoy!\",\"breadcrumb\":{\"@id\":\"https:\/\/tuftingaddicts.com\/en\/Product\/esquiladora-para-alfombras-tufting\/#breadcrumb\"},\"inLanguage\":\"en-US\",\"potentialAction\":[{\"@type\":\"ReadAction\",\"target\":[\"https:\/\/tuftingaddicts.com\/en\/Product\/esquiladora-para-alfombras-tufting\/\"]}]},{\"@type\":\"ImageObject\",\"inLanguage\":\"en-US\",\"@id\":\"https:\/\/tuftingaddicts.com\/en\/Product\/esquiladora-para-alfombras-tufting\/#primaryimage\",\"url\":\"https:\/\/tuftingaddicts.com\/wp-content\/uploads\/2024\/04\/70.png\",\"contentUrl\":\"https:\/\/tuftingaddicts.com\/wp-content\/uploads\/2024\/04\/70.png\",\"width\":1080,\"height\":1080,\"caption\":\"Esquiladora para alfombras artesanales de tufting\"},{\"@type\":\"BreadcrumbList\",\"@id\":\"https:\/\/tuftingaddicts.com\/en\/Product\/esquiladora-para-alfombras-tufting\/#breadcrumb\",\"itemListElement\":[{\"@type\":\"ListItem\",\"position\":1,\"name\":\"Portada\",\"item\":\"https:\/\/tuftingaddicts.com\/en\/\"},{\"@type\":\"ListItem\",\"position\":2,\"name\":\"Shop\",\"item\":\"https:\/\/tuftingaddicts.com\/en\/shop\/\"},{\"@type\":\"ListItem\",\"position\":3,\"name\":\"Accessories\",\"item\":\"https:\/\/tuftingaddicts.com\/en\/family\/accessories-tufting\/\"},{\"@type\":\"ListItem\",\"position\":4,\"name\":\"Esquiladora regulable Tufting\"}]},{\"@type\":\"WebSite\",\"@id\":\"https:\/\/tuftingaddicts.com\/en\/#website\",\"url\":\"https:\/\/tuftingaddicts.com\/en\/\",\"name\":\"Tufting Addicts Espa\u00f1a material TUFTING\",\"description\":\"Proveedor de material para hacer alfombras por Tufting manual, lanas y tejidos.\",\"publisher\":{\"@id\":\"https:\/\/tuftingaddicts.com\/en\/#organization\"},\"potentialAction\":[{\"@type\":\"SearchAction\",\"target\":{\"@type\":\"EntryPoint\",\"urlTemplate\":\"https:\/\/tuftingaddicts.com\/en\/?s={search_term_string}\"},\"query-input\":{\"@type\":\"PropertyValueSpecification\",\"valueRequired\":true,\"valueName\":\"search_term_string\"}}],\"inLanguage\":\"en-US\"},{\"@type\":\"Organization\",\"@id\":\"https:\/\/tuftingaddicts.com\/en\/#organization\",\"name\":\"Tufting Addicts\",\"url\":\"https:\/\/tuftingaddicts.com\/en\/\",\"logo\":{\"@type\":\"ImageObject\",\"inLanguage\":\"en-US\",\"@id\":\"https:\/\/tuftingaddicts.com\/en\/#\/schema\/logo\/image\/\",\"url\":\"https:\/\/tuftingaddicts.com\/wp-content\/uploads\/2021\/04\/Transparente-70x20mm.png\",\"contentUrl\":\"https:\/\/tuftingaddicts.com\/wp-content\/uploads\/2021\/04\/Transparente-70x20mm.png\",\"width\":827,\"height\":236,\"caption\":\"Tufting Addicts\"},\"image\":{\"@id\":\"https:\/\/tuftingaddicts.com\/en\/#\/schema\/logo\/image\/\"},\"sameAs\":[\"https:\/\/www.facebook.com\/Tufting-Addicts-107650331396617\/\",\"https:\/\/x.com\/TuftingAddicts\",\"https:\/\/www.instagram.com\/tufting.addicts\/\"]}]}<\/script>\n<!-- \/ Yoast SEO plugin. -->","yoast_head_json":{"title":"Esquiladora para alfombras artesanales de tufting","description":"Descubre la Esquiladora para alfombras artesanales de tufting. Calidad suprema para proyectos aut\u00e9nticos y duraderos. \u00a1Eleva tu creatividad hoy!","robots":{"index":"index","follow":"follow","max-snippet":"max-snippet:-1","max-image-preview":"max-image-preview:large","max-video-preview":"max-video-preview:-1"},"canonical":"https:\/\/tuftingaddicts.com\/en\/Product\/esquiladora-para-alfombras-tufting\/","og_locale":"en_US","og_type":"article","og_title":"Esquiladora para alfombras artesanales de tufting","og_description":"Descubre la Esquiladora para alfombras artesanales de tufting. Calidad suprema para proyectos aut\u00e9nticos y duraderos. \u00a1Eleva tu creatividad hoy!","og_url":"https:\/\/tuftingaddicts.com\/en\/Product\/esquiladora-para-alfombras-tufting\/","og_site_name":"Tufting Addicts Spain TUFTING stuff","article_publisher":"https:\/\/www.facebook.com\/Tufting-Addicts-107650331396617\/","article_modified_time":"2026-02-19T19:00:46+00:00","og_image":[{"width":1080,"height":1080,"url":"https:\/\/tuftingaddicts.com\/wp-content\/uploads\/2024\/04\/70.png","type":"image\/png"}],"twitter_card":"summary_large_image","twitter_site":"@TuftingAddicts","twitter_misc":{"Est. reading time":"2 minutes"},"schema":{"@context":"https:\/\/schema.org","@graph":[{"@type":"WebPage","@id":"https:\/\/tuftingaddicts.com\/en\/Product\/esquiladora-para-alfombras-tufting\/","url":"https:\/\/tuftingaddicts.com\/en\/Product\/esquiladora-para-alfombras-tufting\/","name":"Esquiladora para alfombras artesanales de tufting","isPartOf":{"@id":"https:\/\/tuftingaddicts.com\/en\/#website"},"primaryImageOfPage":{"@id":"https:\/\/tuftingaddicts.com\/en\/Product\/esquiladora-para-alfombras-tufting\/#primaryimage"},"image":{"@id":"https:\/\/tuftingaddicts.com\/en\/Product\/esquiladora-para-alfombras-tufting\/#primaryimage"},"thumbnailUrl":"https:\/\/tuftingaddicts.com\/wp-content\/uploads\/2024\/04\/70.png","datePublished":"2024-06-17T17:24:00+00:00","dateModified":"2026-02-19T19:00:46+00:00","description":"Descubre la Esquiladora para alfombras artesanales de tufting. Calidad suprema para proyectos aut\u00e9nticos y duraderos. \u00a1Eleva tu creatividad hoy!","breadcrumb":{"@id":"https:\/\/tuftingaddicts.com\/en\/Product\/esquiladora-para-alfombras-tufting\/#breadcrumb"},"inLanguage":"en-US","potentialAction":[{"@type":"ReadAction","target":["https:\/\/tuftingaddicts.com\/en\/Product\/esquiladora-para-alfombras-tufting\/"]}]},{"@type":"ImageObject","inLanguage":"en-US","@id":"https:\/\/tuftingaddicts.com\/en\/Product\/esquiladora-para-alfombras-tufting\/#primaryimage","url":"https:\/\/tuftingaddicts.com\/wp-content\/uploads\/2024\/04\/70.png","contentUrl":"https:\/\/tuftingaddicts.com\/wp-content\/uploads\/2024\/04\/70.png","width":1080,"height":1080,"caption":"Esquiladora para alfombras artesanales de tufting"},{"@type":"BreadcrumbList","@id":"https:\/\/tuftingaddicts.com\/en\/Product\/esquiladora-para-alfombras-tufting\/#breadcrumb","itemListElement":[{"@type":"ListItem","position":1,"name":"Portada","item":"https:\/\/tuftingaddicts.com\/en\/"},{"@type":"ListItem","position":2,"name":"Shop","item":"https:\/\/tuftingaddicts.com\/en\/shop\/"},{"@type":"ListItem","position":3,"name":"Accessories","item":"https:\/\/tuftingaddicts.com\/en\/family\/accessories-tufting\/"},{"@type":"ListItem","position":4,"name":"Esquiladora regulable Tufting"}]},{"@type":"WebSite","@id":"https:\/\/tuftingaddicts.com\/en\/#website","url":"https:\/\/tuftingaddicts.com\/en\/","name":"Tufting Addicts Espa\u00f1a material TUFTING","description":"Proveedor de material para hacer alfombras por Tufting manual, lanas y tejidos.","publisher":{"@id":"https:\/\/tuftingaddicts.com\/en\/#organization"},"potentialAction":[{"@type":"SearchAction","target":{"@type":"EntryPoint","urlTemplate":"https:\/\/tuftingaddicts.com\/en\/?s={search_term_string}"},"query-input":{"@type":"PropertyValueSpecification","valueRequired":true,"valueName":"search_term_string"}}],"inLanguage":"en-US"},{"@type":"Organization","@id":"https:\/\/tuftingaddicts.com\/en\/#organization","name":"Tufting Addicts","url":"https:\/\/tuftingaddicts.com\/en\/","logo":{"@type":"ImageObject","inLanguage":"en-US","@id":"https:\/\/tuftingaddicts.com\/en\/#\/schema\/logo\/image\/","url":"https:\/\/tuftingaddicts.com\/wp-content\/uploads\/2021\/04\/Transparente-70x20mm.png","contentUrl":"https:\/\/tuftingaddicts.com\/wp-content\/uploads\/2021\/04\/Transparente-70x20mm.png","width":827,"height":236,"caption":"Tufting Addicts"},"image":{"@id":"https:\/\/tuftingaddicts.com\/en\/#\/schema\/logo\/image\/"},"sameAs":["https:\/\/www.facebook.com\/Tufting-Addicts-107650331396617\/","https:\/\/x.com\/TuftingAddicts","https:\/\/www.instagram.com\/tufting.addicts\/"]}]}},"jetpack_sharing_enabled":true,"_links":{"self":[{"href":"https:\/\/tuftingaddicts.com\/en\/wp-json\/wp\/v2\/product\/19425","targetHints":{"allow":["GET"]}}],"collection":[{"href":"https:\/\/tuftingaddicts.com\/en\/wp-json\/wp\/v2\/product"}],"about":[{"href":"https:\/\/tuftingaddicts.com\/en\/wp-json\/wp\/v2\/types\/product"}],"replies":[{"embeddable":true,"href":"https:\/\/tuftingaddicts.com\/en\/wp-json\/wp\/v2\/comments?post=19425"}],"version-history":[{"count":1,"href":"https:\/\/tuftingaddicts.com\/en\/wp-json\/wp\/v2\/product\/19425\/revisions"}],"predecessor-version":[{"id":21728,"href":"https:\/\/tuftingaddicts.com\/en\/wp-json\/wp\/v2\/product\/19425\/revisions\/21728"}],"wp:featuredmedia":[{"embeddable":true,"href":"https:\/\/tuftingaddicts.com\/en\/wp-json\/wp\/v2\/media\/19430"}],"wp:attachment":[{"href":"https:\/\/tuftingaddicts.com\/en\/wp-json\/wp\/v2\/media?parent=19425"}],"wp:term":[{"taxonomy":"product_brand","embeddable":true,"href":"https:\/\/tuftingaddicts.com\/en\/wp-json\/wp\/v2\/product_brand?post=19425"},{"taxonomy":"product_cat","embeddable":true,"href":"https:\/\/tuftingaddicts.com\/en\/wp-json\/wp\/v2\/product_cat?post=19425"},{"taxonomy":"product_tag","embeddable":true,"href":"https:\/\/tuftingaddicts.com\/en\/wp-json\/wp\/v2\/product_tag?post=19425"}],"curies":[{"name":"wp","href":"https:\/\/api.w.org\/{rel}","templated":true}]}}