{"id":19211,"date":"2024-04-11T11:42:00","date_gmt":"2024-04-11T10:42:00","guid":{"rendered":"https:\/\/tuftingaddicts.com\/?post_type=product&#038;p=19211"},"modified":"2026-01-05T01:05:20","modified_gmt":"2026-01-05T00:05:20","slug":"lana-100-malvaopera","status":"publish","type":"product","link":"https:\/\/tuftingaddicts.com\/en\/Product\/lana-100-malvaopera\/","title":{"rendered":"Lana 100% &#8211; Malva \u00f3pera"},"content":{"rendered":"<p>Descubre la nueva variedad de Lana Natural Malva \u00f3pera para Alfombras Artesanales, un tesoro textil proveniente de Alicante, Espa\u00f1a. Elaborada por una empresa familiar con d\u00e9cadas de tradici\u00f3n, esta lana se hila con cuidado y pasi\u00f3n para convertirse en la materia prima perfecta para tus alfombras.<\/p>\n<p>Nuestra lana Malva \u00f3pera de dos cabos entrelazados ofrece un manejo suave y sencillo en tu maquinaria, adem\u00e1s de un brillo natural incomparable. Colores obtenidos con pigmentos naturales, cada hebra cuenta una historia de artesan\u00eda y autenticidad. Aunque ocasionalmente puedas encontrar alguna uni\u00f3n en las bobinas, es parte de su encanto inigualable.<\/p>\n<p>Nuestro stock es limitado y exclusivo, ya que proviene de excedentes de una f\u00e1brica local con telares industriales de alfombras de muy alta calidad. Esto nos permite ofrecerte un precio especial y un formato \u00fanico: las bobinas vienen en diferentes tama\u00f1os (seg\u00fan el cambio de color del telar), pero t\u00fa eliges el peso exacto que deseas, garantizando que recibas la cantidad precisa de esta joya textil para tus proyectos de tejido.<\/p>\n<p>Si ordenas 10kg de lana Malva \u00f3pera recibir\u00e1s un paquete de m\u00e1s de 10 kilos, pues las bobinas de pl\u00e1stico que contienen el bobinado de la lana tratamos de descontarlo del peso total enviado, pero ten en cuenta que este peso s\u00ed se valora para el c\u00e1lculo del env\u00edo.<\/p>\n<p>Nuestra Lana Natural Malva \u00f3pera para Alfombras Artesanales es ideal para elevar tus proyectos de tejido a nuevos niveles de belleza y durabilidad. Convierte tus proyectos en obras maestras con nuestra lana natural, \u00a1el alma de la artesan\u00eda tejida!<\/p>\n<p>Ideal para utilizar con el <a href=\"https:\/\/tuftingaddicts.com\/producto\/tejido-primario-tufting-blanco\/\">tejido especial tufting 70\/70<\/a>.<\/p>\n","protected":false},"excerpt":{"rendered":"<p>Bobina de lana 100% natural.<\/p>\n<ul>\n<li style=\"font-size: 16px;\">Grosor de 3,5-4,5.<\/li>\n<li>2 Cabos.<\/li>\n<li>Fabricado 100% en Alicante, Espa\u00f1a.<\/li>\n<\/ul>\n<p>Este material es ideal para a creaci\u00f3n de alfombras artesanales.<\/p>\n<p><span style=\"color: #ff0000;\"><em>Stock limitado.\u00a0<\/em><\/span><\/p>\n","protected":false},"featured_media":19217,"comment_status":"open","ping_status":"closed","template":"","meta":{"site-sidebar-layout":"default","site-content-layout":"","ast-site-content-layout":"default","site-content-style":"default","site-sidebar-style":"default","ast-global-header-display":"","ast-banner-title-visibility":"","ast-main-header-display":"","ast-hfb-above-header-display":"","ast-hfb-below-header-display":"","ast-hfb-mobile-header-display":"","site-post-title":"","ast-breadcrumbs-content":"","ast-featured-img":"","footer-sml-layout":"","ast-disable-related-posts":"","theme-transparent-header-meta":"default","adv-header-id-meta":"","stick-header-meta":"","header-above-stick-meta":"","header-main-stick-meta":"","header-below-stick-meta":"","astra-migrate-meta-layouts":"set","ast-page-background-enabled":"default","ast-page-background-meta":{"desktop":{"background-color":"var(--ast-global-color-4)","background-image":"","background-repeat":"repeat","background-position":"center center","background-size":"auto","background-attachment":"scroll","background-type":"","background-media":"","overlay-type":"","overlay-color":"","overlay-opacity":"","overlay-gradient":""},"tablet":{"background-color":"","background-image":"","background-repeat":"repeat","background-position":"center center","background-size":"auto","background-attachment":"scroll","background-type":"","background-media":"","overlay-type":"","overlay-color":"","overlay-opacity":"","overlay-gradient":""},"mobile":{"background-color":"","background-image":"","background-repeat":"repeat","background-position":"center center","background-size":"auto","background-attachment":"scroll","background-type":"","background-media":"","overlay-type":"","overlay-color":"","overlay-opacity":"","overlay-gradient":""}},"ast-content-background-meta":{"desktop":{"background-color":"var(--ast-global-color-5)","background-image":"","background-repeat":"repeat","background-position":"center center","background-size":"auto","background-attachment":"scroll","background-type":"","background-media":"","overlay-type":"","overlay-color":"","overlay-opacity":"","overlay-gradient":""},"tablet":{"background-color":"var(--ast-global-color-5)","background-image":"","background-repeat":"repeat","background-position":"center center","background-size":"auto","background-attachment":"scroll","background-type":"","background-media":"","overlay-type":"","overlay-color":"","overlay-opacity":"","overlay-gradient":""},"mobile":{"background-color":"var(--ast-global-color-5)","background-image":"","background-repeat":"repeat","background-position":"center center","background-size":"auto","background-attachment":"scroll","background-type":"","background-media":"","overlay-type":"","overlay-color":"","overlay-opacity":"","overlay-gradient":""}}},"product_brand":[],"product_cat":[496,71],"product_tag":[],"class_list":{"0":"post-19211","1":"product","2":"type-product","3":"status-publish","4":"has-post-thumbnail","6":"product_cat-lana-natural-alfombras","7":"product_cat-hilatura-lanas-tufting","8":"desktop-align-left","9":"tablet-align-left","10":"mobile-align-left","12":"first","13":"instock","14":"taxable","15":"shipping-taxable","16":"purchasable","17":"product-type-variable","18":"has-default-attributes"},"yoast_head":"<!-- This site is optimized with the Yoast SEO plugin v27.1.1 - https:\/\/yoast.com\/product\/yoast-seo-wordpress\/ -->\n<title>Lana Natural Malva \u00f3pera para Alfombras Artesanales<\/title>\n<meta name=\"description\" content=\"Descubre nuestra colecci\u00f3n de Lana Natural Malva \u00d3pera para Alfombras Artesanales de tufting. Calidad suprema para proyectos aut\u00e9nticos y duraderos.\" \/>\n<meta name=\"robots\" content=\"index, follow, max-snippet:-1, max-image-preview:large, max-video-preview:-1\" \/>\n<link rel=\"canonical\" href=\"https:\/\/tuftingaddicts.com\/en\/Product\/lana-100-malvaopera\/\" \/>\n<meta property=\"og:locale\" content=\"en_US\" \/>\n<meta property=\"og:type\" content=\"article\" \/>\n<meta property=\"og:title\" content=\"Lana Natural Malva \u00f3pera para Alfombras Artesanales\" \/>\n<meta property=\"og:description\" content=\"Descubre nuestra colecci\u00f3n de Lana Natural Malva \u00d3pera para Alfombras Artesanales de tufting. Calidad suprema para proyectos aut\u00e9nticos y duraderos.\" \/>\n<meta property=\"og:url\" content=\"https:\/\/tuftingaddicts.com\/en\/Product\/lana-100-malvaopera\/\" \/>\n<meta property=\"og:site_name\" content=\"Tufting Addicts Spain TUFTING stuff\" \/>\n<meta property=\"article:publisher\" content=\"https:\/\/www.facebook.com\/Tufting-Addicts-107650331396617\/\" \/>\n<meta property=\"article:modified_time\" content=\"2026-01-05T00:05:20+00:00\" \/>\n<meta property=\"og:image\" content=\"https:\/\/tuftingaddicts.com\/wp-content\/uploads\/2024\/04\/Malva-I.png\" \/>\n\t<meta property=\"og:image:width\" content=\"1080\" \/>\n\t<meta property=\"og:image:height\" content=\"1080\" \/>\n\t<meta property=\"og:image:type\" content=\"image\/png\" \/>\n<meta name=\"twitter:card\" content=\"summary_large_image\" \/>\n<meta name=\"twitter:site\" content=\"@TuftingAddicts\" \/>\n<meta name=\"twitter:label1\" content=\"Est. reading time\" \/>\n\t<meta name=\"twitter:data1\" content=\"2 minutes\" \/>\n<script type=\"application\/ld+json\" class=\"yoast-schema-graph\">{\"@context\":\"https:\/\/schema.org\",\"@graph\":[{\"@type\":\"WebPage\",\"@id\":\"https:\/\/tuftingaddicts.com\/en\/Product\/lana-100-malvaopera\/\",\"url\":\"https:\/\/tuftingaddicts.com\/en\/Product\/lana-100-malvaopera\/\",\"name\":\"Lana Natural Malva \u00f3pera para Alfombras Artesanales\",\"isPartOf\":{\"@id\":\"https:\/\/tuftingaddicts.com\/en\/#website\"},\"primaryImageOfPage\":{\"@id\":\"https:\/\/tuftingaddicts.com\/en\/Product\/lana-100-malvaopera\/#primaryimage\"},\"image\":{\"@id\":\"https:\/\/tuftingaddicts.com\/en\/Product\/lana-100-malvaopera\/#primaryimage\"},\"thumbnailUrl\":\"https:\/\/tuftingaddicts.com\/wp-content\/uploads\/2024\/04\/Malva-I.png\",\"datePublished\":\"2024-04-11T10:42:00+00:00\",\"dateModified\":\"2026-01-05T00:05:20+00:00\",\"description\":\"Descubre nuestra colecci\u00f3n de Lana Natural Malva \u00d3pera para Alfombras Artesanales de tufting. Calidad suprema para proyectos aut\u00e9nticos y duraderos.\",\"breadcrumb\":{\"@id\":\"https:\/\/tuftingaddicts.com\/en\/Product\/lana-100-malvaopera\/#breadcrumb\"},\"inLanguage\":\"en-US\",\"potentialAction\":[{\"@type\":\"ReadAction\",\"target\":[\"https:\/\/tuftingaddicts.com\/en\/Product\/lana-100-malvaopera\/\"]}]},{\"@type\":\"ImageObject\",\"inLanguage\":\"en-US\",\"@id\":\"https:\/\/tuftingaddicts.com\/en\/Product\/lana-100-malvaopera\/#primaryimage\",\"url\":\"https:\/\/tuftingaddicts.com\/wp-content\/uploads\/2024\/04\/Malva-I.png\",\"contentUrl\":\"https:\/\/tuftingaddicts.com\/wp-content\/uploads\/2024\/04\/Malva-I.png\",\"width\":1080,\"height\":1080,\"caption\":\"Lana Natural Malva \u00f3pera para Alfombras Artesanales\"},{\"@type\":\"BreadcrumbList\",\"@id\":\"https:\/\/tuftingaddicts.com\/en\/Product\/lana-100-malvaopera\/#breadcrumb\",\"itemListElement\":[{\"@type\":\"ListItem\",\"position\":1,\"name\":\"Portada\",\"item\":\"https:\/\/tuftingaddicts.com\/en\/\"},{\"@type\":\"ListItem\",\"position\":2,\"name\":\"Shop\",\"item\":\"https:\/\/tuftingaddicts.com\/en\/shop\/\"},{\"@type\":\"ListItem\",\"position\":3,\"name\":\"Yarns \/ Wools\",\"item\":\"https:\/\/tuftingaddicts.com\/en\/family\/yarns-wools-en\/\"},{\"@type\":\"ListItem\",\"position\":4,\"name\":\"Lana 100% &#8211; Malva \u00f3pera\"}]},{\"@type\":\"WebSite\",\"@id\":\"https:\/\/tuftingaddicts.com\/en\/#website\",\"url\":\"https:\/\/tuftingaddicts.com\/en\/\",\"name\":\"Tufting Addicts Espa\u00f1a material TUFTING\",\"description\":\"Proveedor de material para hacer alfombras por Tufting manual, lanas y tejidos.\",\"publisher\":{\"@id\":\"https:\/\/tuftingaddicts.com\/en\/#organization\"},\"potentialAction\":[{\"@type\":\"SearchAction\",\"target\":{\"@type\":\"EntryPoint\",\"urlTemplate\":\"https:\/\/tuftingaddicts.com\/en\/?s={search_term_string}\"},\"query-input\":{\"@type\":\"PropertyValueSpecification\",\"valueRequired\":true,\"valueName\":\"search_term_string\"}}],\"inLanguage\":\"en-US\"},{\"@type\":\"Organization\",\"@id\":\"https:\/\/tuftingaddicts.com\/en\/#organization\",\"name\":\"Tufting Addicts\",\"url\":\"https:\/\/tuftingaddicts.com\/en\/\",\"logo\":{\"@type\":\"ImageObject\",\"inLanguage\":\"en-US\",\"@id\":\"https:\/\/tuftingaddicts.com\/en\/#\/schema\/logo\/image\/\",\"url\":\"https:\/\/tuftingaddicts.com\/wp-content\/uploads\/2021\/04\/Transparente-70x20mm.png\",\"contentUrl\":\"https:\/\/tuftingaddicts.com\/wp-content\/uploads\/2021\/04\/Transparente-70x20mm.png\",\"width\":827,\"height\":236,\"caption\":\"Tufting Addicts\"},\"image\":{\"@id\":\"https:\/\/tuftingaddicts.com\/en\/#\/schema\/logo\/image\/\"},\"sameAs\":[\"https:\/\/www.facebook.com\/Tufting-Addicts-107650331396617\/\",\"https:\/\/x.com\/TuftingAddicts\",\"https:\/\/www.instagram.com\/tufting.addicts\/\"]}]}<\/script>\n<!-- \/ Yoast SEO plugin. -->","yoast_head_json":{"title":"Lana Natural Malva \u00f3pera para Alfombras Artesanales","description":"Descubre nuestra colecci\u00f3n de Lana Natural Malva \u00d3pera para Alfombras Artesanales de tufting. Calidad suprema para proyectos aut\u00e9nticos y duraderos.","robots":{"index":"index","follow":"follow","max-snippet":"max-snippet:-1","max-image-preview":"max-image-preview:large","max-video-preview":"max-video-preview:-1"},"canonical":"https:\/\/tuftingaddicts.com\/en\/Product\/lana-100-malvaopera\/","og_locale":"en_US","og_type":"article","og_title":"Lana Natural Malva \u00f3pera para Alfombras Artesanales","og_description":"Descubre nuestra colecci\u00f3n de Lana Natural Malva \u00d3pera para Alfombras Artesanales de tufting. Calidad suprema para proyectos aut\u00e9nticos y duraderos.","og_url":"https:\/\/tuftingaddicts.com\/en\/Product\/lana-100-malvaopera\/","og_site_name":"Tufting Addicts Spain TUFTING stuff","article_publisher":"https:\/\/www.facebook.com\/Tufting-Addicts-107650331396617\/","article_modified_time":"2026-01-05T00:05:20+00:00","og_image":[{"width":1080,"height":1080,"url":"https:\/\/tuftingaddicts.com\/wp-content\/uploads\/2024\/04\/Malva-I.png","type":"image\/png"}],"twitter_card":"summary_large_image","twitter_site":"@TuftingAddicts","twitter_misc":{"Est. reading time":"2 minutes"},"schema":{"@context":"https:\/\/schema.org","@graph":[{"@type":"WebPage","@id":"https:\/\/tuftingaddicts.com\/en\/Product\/lana-100-malvaopera\/","url":"https:\/\/tuftingaddicts.com\/en\/Product\/lana-100-malvaopera\/","name":"Lana Natural Malva \u00f3pera para Alfombras Artesanales","isPartOf":{"@id":"https:\/\/tuftingaddicts.com\/en\/#website"},"primaryImageOfPage":{"@id":"https:\/\/tuftingaddicts.com\/en\/Product\/lana-100-malvaopera\/#primaryimage"},"image":{"@id":"https:\/\/tuftingaddicts.com\/en\/Product\/lana-100-malvaopera\/#primaryimage"},"thumbnailUrl":"https:\/\/tuftingaddicts.com\/wp-content\/uploads\/2024\/04\/Malva-I.png","datePublished":"2024-04-11T10:42:00+00:00","dateModified":"2026-01-05T00:05:20+00:00","description":"Descubre nuestra colecci\u00f3n de Lana Natural Malva \u00d3pera para Alfombras Artesanales de tufting. Calidad suprema para proyectos aut\u00e9nticos y duraderos.","breadcrumb":{"@id":"https:\/\/tuftingaddicts.com\/en\/Product\/lana-100-malvaopera\/#breadcrumb"},"inLanguage":"en-US","potentialAction":[{"@type":"ReadAction","target":["https:\/\/tuftingaddicts.com\/en\/Product\/lana-100-malvaopera\/"]}]},{"@type":"ImageObject","inLanguage":"en-US","@id":"https:\/\/tuftingaddicts.com\/en\/Product\/lana-100-malvaopera\/#primaryimage","url":"https:\/\/tuftingaddicts.com\/wp-content\/uploads\/2024\/04\/Malva-I.png","contentUrl":"https:\/\/tuftingaddicts.com\/wp-content\/uploads\/2024\/04\/Malva-I.png","width":1080,"height":1080,"caption":"Lana Natural Malva \u00f3pera para Alfombras Artesanales"},{"@type":"BreadcrumbList","@id":"https:\/\/tuftingaddicts.com\/en\/Product\/lana-100-malvaopera\/#breadcrumb","itemListElement":[{"@type":"ListItem","position":1,"name":"Portada","item":"https:\/\/tuftingaddicts.com\/en\/"},{"@type":"ListItem","position":2,"name":"Shop","item":"https:\/\/tuftingaddicts.com\/en\/shop\/"},{"@type":"ListItem","position":3,"name":"Yarns \/ Wools","item":"https:\/\/tuftingaddicts.com\/en\/family\/yarns-wools-en\/"},{"@type":"ListItem","position":4,"name":"Lana 100% &#8211; Malva \u00f3pera"}]},{"@type":"WebSite","@id":"https:\/\/tuftingaddicts.com\/en\/#website","url":"https:\/\/tuftingaddicts.com\/en\/","name":"Tufting Addicts Espa\u00f1a material TUFTING","description":"Proveedor de material para hacer alfombras por Tufting manual, lanas y tejidos.","publisher":{"@id":"https:\/\/tuftingaddicts.com\/en\/#organization"},"potentialAction":[{"@type":"SearchAction","target":{"@type":"EntryPoint","urlTemplate":"https:\/\/tuftingaddicts.com\/en\/?s={search_term_string}"},"query-input":{"@type":"PropertyValueSpecification","valueRequired":true,"valueName":"search_term_string"}}],"inLanguage":"en-US"},{"@type":"Organization","@id":"https:\/\/tuftingaddicts.com\/en\/#organization","name":"Tufting Addicts","url":"https:\/\/tuftingaddicts.com\/en\/","logo":{"@type":"ImageObject","inLanguage":"en-US","@id":"https:\/\/tuftingaddicts.com\/en\/#\/schema\/logo\/image\/","url":"https:\/\/tuftingaddicts.com\/wp-content\/uploads\/2021\/04\/Transparente-70x20mm.png","contentUrl":"https:\/\/tuftingaddicts.com\/wp-content\/uploads\/2021\/04\/Transparente-70x20mm.png","width":827,"height":236,"caption":"Tufting Addicts"},"image":{"@id":"https:\/\/tuftingaddicts.com\/en\/#\/schema\/logo\/image\/"},"sameAs":["https:\/\/www.facebook.com\/Tufting-Addicts-107650331396617\/","https:\/\/x.com\/TuftingAddicts","https:\/\/www.instagram.com\/tufting.addicts\/"]}]}},"jetpack_sharing_enabled":true,"_links":{"self":[{"href":"https:\/\/tuftingaddicts.com\/en\/wp-json\/wp\/v2\/product\/19211","targetHints":{"allow":["GET"]}}],"collection":[{"href":"https:\/\/tuftingaddicts.com\/en\/wp-json\/wp\/v2\/product"}],"about":[{"href":"https:\/\/tuftingaddicts.com\/en\/wp-json\/wp\/v2\/types\/product"}],"replies":[{"embeddable":true,"href":"https:\/\/tuftingaddicts.com\/en\/wp-json\/wp\/v2\/comments?post=19211"}],"version-history":[{"count":0,"href":"https:\/\/tuftingaddicts.com\/en\/wp-json\/wp\/v2\/product\/19211\/revisions"}],"wp:featuredmedia":[{"embeddable":true,"href":"https:\/\/tuftingaddicts.com\/en\/wp-json\/wp\/v2\/media\/19217"}],"wp:attachment":[{"href":"https:\/\/tuftingaddicts.com\/en\/wp-json\/wp\/v2\/media?parent=19211"}],"wp:term":[{"taxonomy":"product_brand","embeddable":true,"href":"https:\/\/tuftingaddicts.com\/en\/wp-json\/wp\/v2\/product_brand?post=19211"},{"taxonomy":"product_cat","embeddable":true,"href":"https:\/\/tuftingaddicts.com\/en\/wp-json\/wp\/v2\/product_cat?post=19211"},{"taxonomy":"product_tag","embeddable":true,"href":"https:\/\/tuftingaddicts.com\/en\/wp-json\/wp\/v2\/product_tag?post=19211"}],"curies":[{"name":"wp","href":"https:\/\/api.w.org\/{rel}","templated":true}]}}