{"id":18791,"date":"2023-11-23T20:23:46","date_gmt":"2023-11-23T19:23:46","guid":{"rendered":"https:\/\/tuftingaddicts.com\/?post_type=product&#038;p=18791"},"modified":"2025-12-23T12:56:45","modified_gmt":"2025-12-23T11:56:45","slug":"aceite-especial-tufting","status":"publish","type":"product","link":"https:\/\/tuftingaddicts.com\/en\/Product\/aceite-especial-tufting\/","title":{"rendered":"Aceite especial para m\u00e1quinas de tufting"},"content":{"rendered":"<p>Mant\u00e9n tus <a href=\"https:\/\/tuftingaddicts.com\/categor%C3%ADa\/maquinas-tufting-gun\/\">m\u00e1quinas de tufting<\/a> en \u00f3ptimo rendimiento con el bote de aceite para m\u00e1quinas de tufting. Este l\u00edquido transparente, cuidadosamente formulado, es la clave para alargar la vida \u00fatil de todos los componentes de tu maquinaria. Dise\u00f1ado espec\u00edficamente para reducir la fricci\u00f3n de los componentes y aliviar el motor, evitando recalentamientos y garantizando un funcionamiento suave.<\/p>\n<p>La caracter\u00edstica distintiva de este aceite para m\u00e1quinas de tufting es su total transparencia, almacenado en un bote opaco que lo protege de los rayos UV. La punta de aplicaci\u00f3n facilita la lubricaci\u00f3n precisa de las partes cr\u00edticas de la maquinaria, haciendo que el mantenimiento sea r\u00e1pido y efectivo. Este aceite no solo es ideal para m\u00e1quinas de tufting, sino que su calidad superior tambi\u00e9n lo hace recomendable para maquinaria de costura y bordado.<\/p>\n<p>&nbsp;<\/p>\n<p>\u00fasalo en tu <a href=\"https:\/\/tuftingaddicts.com\/producto\/maquina-tufting-corte-y-bucle\/\">pistola de tufting<\/a>, en <a href=\"https:\/\/tuftingaddicts.com\/producto\/esquiladora-para-alfombras-tufting\/\">la esquiladora<\/a> o en maquinas de recortado y perfilado<\/p>\n","protected":false},"excerpt":{"rendered":"<p>Aceite especial para m\u00e1quinas de tufting<\/p>\n<ul>\n<li>30ml<\/li>\n<li>Transparente<\/li>\n<li>Bote opaco para su mejor conservaci\u00f3n<\/li>\n<li>Aplicador en punta<\/li>\n<\/ul>\n<p>\u00a1Mant\u00e9n tu <a href=\"https:\/\/tuftingaddicts.com\/categor%C3%ADa\/maquinas-tufting-gun\/\">maquinaria<\/a> en su mejor forma! El bote de aceite especial para tufting es la clave del rendimiento \u00f3ptimo. Transparente, de alta calidad y con aplicador preciso. \u00a1Prolonga la vida \u00fatil de tus m\u00e1quinas y disfruta de un tufting suave y duradero!<\/p>\n","protected":false},"featured_media":18798,"comment_status":"open","ping_status":"closed","template":"","meta":{"site-sidebar-layout":"default","site-content-layout":"","ast-site-content-layout":"default","site-content-style":"default","site-sidebar-style":"default","ast-global-header-display":"","ast-banner-title-visibility":"","ast-main-header-display":"","ast-hfb-above-header-display":"","ast-hfb-below-header-display":"","ast-hfb-mobile-header-display":"","site-post-title":"","ast-breadcrumbs-content":"","ast-featured-img":"","footer-sml-layout":"","ast-disable-related-posts":"","theme-transparent-header-meta":"default","adv-header-id-meta":"","stick-header-meta":"","header-above-stick-meta":"","header-main-stick-meta":"","header-below-stick-meta":"","astra-migrate-meta-layouts":"set","ast-page-background-enabled":"default","ast-page-background-meta":{"desktop":{"background-color":"var(--ast-global-color-4)","background-image":"","background-repeat":"repeat","background-position":"center center","background-size":"auto","background-attachment":"scroll","background-type":"","background-media":"","overlay-type":"","overlay-color":"","overlay-opacity":"","overlay-gradient":""},"tablet":{"background-color":"","background-image":"","background-repeat":"repeat","background-position":"center center","background-size":"auto","background-attachment":"scroll","background-type":"","background-media":"","overlay-type":"","overlay-color":"","overlay-opacity":"","overlay-gradient":""},"mobile":{"background-color":"","background-image":"","background-repeat":"repeat","background-position":"center center","background-size":"auto","background-attachment":"scroll","background-type":"","background-media":"","overlay-type":"","overlay-color":"","overlay-opacity":"","overlay-gradient":""}},"ast-content-background-meta":{"desktop":{"background-color":"var(--ast-global-color-5)","background-image":"","background-repeat":"repeat","background-position":"center center","background-size":"auto","background-attachment":"scroll","background-type":"","background-media":"","overlay-type":"","overlay-color":"","overlay-opacity":"","overlay-gradient":""},"tablet":{"background-color":"var(--ast-global-color-5)","background-image":"","background-repeat":"repeat","background-position":"center center","background-size":"auto","background-attachment":"scroll","background-type":"","background-media":"","overlay-type":"","overlay-color":"","overlay-opacity":"","overlay-gradient":""},"mobile":{"background-color":"var(--ast-global-color-5)","background-image":"","background-repeat":"repeat","background-position":"center center","background-size":"auto","background-attachment":"scroll","background-type":"","background-media":"","overlay-type":"","overlay-color":"","overlay-opacity":"","overlay-gradient":""}}},"product_brand":[],"product_cat":[511,60,429,57],"product_tag":[],"class_list":{"0":"post-18791","1":"product","2":"type-product","3":"status-publish","4":"has-post-thumbnail","6":"product_cat-esquiladoras-perfiladoras","7":"product_cat-accesorios-tufting","8":"product_cat-recambios-piezas-tufting","9":"product_cat-maquinas-tufting-gun","10":"desktop-align-left","11":"tablet-align-left","12":"mobile-align-left","14":"first","15":"instock","16":"taxable","17":"shipping-taxable","18":"purchasable","19":"product-type-simple"},"yoast_head":"<!-- This site is optimized with the Yoast SEO plugin v27.1.1 - https:\/\/yoast.com\/product\/yoast-seo-wordpress\/ -->\n<title>Bote de Aceite Especial para M\u00e1quinas de Tufting<\/title>\n<meta name=\"description\" content=\"Optimiza con Bote de Aceite Especial para M\u00e1quinas de Tufting. Transparente y de alta calidad, alarga la vida \u00fatil de tus m\u00e1quinas y previene desgastes.\" \/>\n<meta name=\"robots\" content=\"index, follow, max-snippet:-1, max-image-preview:large, max-video-preview:-1\" \/>\n<link rel=\"canonical\" href=\"https:\/\/tuftingaddicts.com\/en\/Product\/aceite-especial-tufting\/\" \/>\n<meta property=\"og:locale\" content=\"en_US\" \/>\n<meta property=\"og:type\" content=\"article\" \/>\n<meta property=\"og:title\" content=\"Bote de Aceite Especial para M\u00e1quinas de Tufting\" \/>\n<meta property=\"og:description\" content=\"Optimiza con Bote de Aceite Especial para M\u00e1quinas de Tufting. Transparente y de alta calidad, alarga la vida \u00fatil de tus m\u00e1quinas y previene desgastes.\" \/>\n<meta property=\"og:url\" content=\"https:\/\/tuftingaddicts.com\/en\/Product\/aceite-especial-tufting\/\" \/>\n<meta property=\"og:site_name\" content=\"Tufting Addicts Spain TUFTING stuff\" \/>\n<meta property=\"article:publisher\" content=\"https:\/\/www.facebook.com\/Tufting-Addicts-107650331396617\/\" \/>\n<meta property=\"article:modified_time\" content=\"2025-12-23T11:56:45+00:00\" \/>\n<meta property=\"og:image\" content=\"https:\/\/tuftingaddicts.com\/wp-content\/uploads\/2023\/11\/Aceite-Especial-para-Maquinas-de-Tufting.jpg\" \/>\n\t<meta property=\"og:image:width\" content=\"1564\" \/>\n\t<meta property=\"og:image:height\" content=\"1814\" \/>\n\t<meta property=\"og:image:type\" content=\"image\/jpeg\" \/>\n<meta name=\"twitter:card\" content=\"summary_large_image\" \/>\n<meta name=\"twitter:site\" content=\"@TuftingAddicts\" \/>\n<meta name=\"twitter:label1\" content=\"Est. reading time\" \/>\n\t<meta name=\"twitter:data1\" content=\"1 minute\" \/>\n<script type=\"application\/ld+json\" class=\"yoast-schema-graph\">{\"@context\":\"https:\/\/schema.org\",\"@graph\":[{\"@type\":\"WebPage\",\"@id\":\"https:\/\/tuftingaddicts.com\/en\/Product\/aceite-especial-tufting\/\",\"url\":\"https:\/\/tuftingaddicts.com\/en\/Product\/aceite-especial-tufting\/\",\"name\":\"Bote de Aceite Especial para M\u00e1quinas de Tufting\",\"isPartOf\":{\"@id\":\"https:\/\/tuftingaddicts.com\/en\/#website\"},\"primaryImageOfPage\":{\"@id\":\"https:\/\/tuftingaddicts.com\/en\/Product\/aceite-especial-tufting\/#primaryimage\"},\"image\":{\"@id\":\"https:\/\/tuftingaddicts.com\/en\/Product\/aceite-especial-tufting\/#primaryimage\"},\"thumbnailUrl\":\"https:\/\/tuftingaddicts.com\/wp-content\/uploads\/2023\/11\/Aceite-Especial-para-Maquinas-de-Tufting.jpg\",\"datePublished\":\"2023-11-23T19:23:46+00:00\",\"dateModified\":\"2025-12-23T11:56:45+00:00\",\"description\":\"Optimiza con Bote de Aceite Especial para M\u00e1quinas de Tufting. Transparente y de alta calidad, alarga la vida \u00fatil de tus m\u00e1quinas y previene desgastes.\",\"breadcrumb\":{\"@id\":\"https:\/\/tuftingaddicts.com\/en\/Product\/aceite-especial-tufting\/#breadcrumb\"},\"inLanguage\":\"en-US\",\"potentialAction\":[{\"@type\":\"ReadAction\",\"target\":[\"https:\/\/tuftingaddicts.com\/en\/Product\/aceite-especial-tufting\/\"]}]},{\"@type\":\"ImageObject\",\"inLanguage\":\"en-US\",\"@id\":\"https:\/\/tuftingaddicts.com\/en\/Product\/aceite-especial-tufting\/#primaryimage\",\"url\":\"https:\/\/tuftingaddicts.com\/wp-content\/uploads\/2023\/11\/Aceite-Especial-para-Maquinas-de-Tufting.jpg\",\"contentUrl\":\"https:\/\/tuftingaddicts.com\/wp-content\/uploads\/2023\/11\/Aceite-Especial-para-Maquinas-de-Tufting.jpg\",\"width\":1564,\"height\":1814},{\"@type\":\"BreadcrumbList\",\"@id\":\"https:\/\/tuftingaddicts.com\/en\/Product\/aceite-especial-tufting\/#breadcrumb\",\"itemListElement\":[{\"@type\":\"ListItem\",\"position\":1,\"name\":\"Portada\",\"item\":\"https:\/\/tuftingaddicts.com\/en\/\"},{\"@type\":\"ListItem\",\"position\":2,\"name\":\"Shop\",\"item\":\"https:\/\/tuftingaddicts.com\/en\/shop\/\"},{\"@type\":\"ListItem\",\"position\":3,\"name\":\"Accessories\",\"item\":\"https:\/\/tuftingaddicts.com\/en\/family\/accessories-tufting\/\"},{\"@type\":\"ListItem\",\"position\":4,\"name\":\"Aceite especial para m\u00e1quinas de tufting\"}]},{\"@type\":\"WebSite\",\"@id\":\"https:\/\/tuftingaddicts.com\/en\/#website\",\"url\":\"https:\/\/tuftingaddicts.com\/en\/\",\"name\":\"Tufting Addicts Espa\u00f1a material TUFTING\",\"description\":\"Proveedor de material para hacer alfombras por Tufting manual, lanas y tejidos.\",\"publisher\":{\"@id\":\"https:\/\/tuftingaddicts.com\/en\/#organization\"},\"potentialAction\":[{\"@type\":\"SearchAction\",\"target\":{\"@type\":\"EntryPoint\",\"urlTemplate\":\"https:\/\/tuftingaddicts.com\/en\/?s={search_term_string}\"},\"query-input\":{\"@type\":\"PropertyValueSpecification\",\"valueRequired\":true,\"valueName\":\"search_term_string\"}}],\"inLanguage\":\"en-US\"},{\"@type\":\"Organization\",\"@id\":\"https:\/\/tuftingaddicts.com\/en\/#organization\",\"name\":\"Tufting Addicts\",\"url\":\"https:\/\/tuftingaddicts.com\/en\/\",\"logo\":{\"@type\":\"ImageObject\",\"inLanguage\":\"en-US\",\"@id\":\"https:\/\/tuftingaddicts.com\/en\/#\/schema\/logo\/image\/\",\"url\":\"https:\/\/tuftingaddicts.com\/wp-content\/uploads\/2021\/04\/Transparente-70x20mm.png\",\"contentUrl\":\"https:\/\/tuftingaddicts.com\/wp-content\/uploads\/2021\/04\/Transparente-70x20mm.png\",\"width\":827,\"height\":236,\"caption\":\"Tufting Addicts\"},\"image\":{\"@id\":\"https:\/\/tuftingaddicts.com\/en\/#\/schema\/logo\/image\/\"},\"sameAs\":[\"https:\/\/www.facebook.com\/Tufting-Addicts-107650331396617\/\",\"https:\/\/x.com\/TuftingAddicts\",\"https:\/\/www.instagram.com\/tufting.addicts\/\"]}]}<\/script>\n<!-- \/ Yoast SEO plugin. -->","yoast_head_json":{"title":"Bote de Aceite Especial para M\u00e1quinas de Tufting","description":"Optimiza con Bote de Aceite Especial para M\u00e1quinas de Tufting. Transparente y de alta calidad, alarga la vida \u00fatil de tus m\u00e1quinas y previene desgastes.","robots":{"index":"index","follow":"follow","max-snippet":"max-snippet:-1","max-image-preview":"max-image-preview:large","max-video-preview":"max-video-preview:-1"},"canonical":"https:\/\/tuftingaddicts.com\/en\/Product\/aceite-especial-tufting\/","og_locale":"en_US","og_type":"article","og_title":"Bote de Aceite Especial para M\u00e1quinas de Tufting","og_description":"Optimiza con Bote de Aceite Especial para M\u00e1quinas de Tufting. Transparente y de alta calidad, alarga la vida \u00fatil de tus m\u00e1quinas y previene desgastes.","og_url":"https:\/\/tuftingaddicts.com\/en\/Product\/aceite-especial-tufting\/","og_site_name":"Tufting Addicts Spain TUFTING stuff","article_publisher":"https:\/\/www.facebook.com\/Tufting-Addicts-107650331396617\/","article_modified_time":"2025-12-23T11:56:45+00:00","og_image":[{"width":1564,"height":1814,"url":"https:\/\/tuftingaddicts.com\/wp-content\/uploads\/2023\/11\/Aceite-Especial-para-Maquinas-de-Tufting.jpg","type":"image\/jpeg"}],"twitter_card":"summary_large_image","twitter_site":"@TuftingAddicts","twitter_misc":{"Est. reading time":"1 minute"},"schema":{"@context":"https:\/\/schema.org","@graph":[{"@type":"WebPage","@id":"https:\/\/tuftingaddicts.com\/en\/Product\/aceite-especial-tufting\/","url":"https:\/\/tuftingaddicts.com\/en\/Product\/aceite-especial-tufting\/","name":"Bote de Aceite Especial para M\u00e1quinas de Tufting","isPartOf":{"@id":"https:\/\/tuftingaddicts.com\/en\/#website"},"primaryImageOfPage":{"@id":"https:\/\/tuftingaddicts.com\/en\/Product\/aceite-especial-tufting\/#primaryimage"},"image":{"@id":"https:\/\/tuftingaddicts.com\/en\/Product\/aceite-especial-tufting\/#primaryimage"},"thumbnailUrl":"https:\/\/tuftingaddicts.com\/wp-content\/uploads\/2023\/11\/Aceite-Especial-para-Maquinas-de-Tufting.jpg","datePublished":"2023-11-23T19:23:46+00:00","dateModified":"2025-12-23T11:56:45+00:00","description":"Optimiza con Bote de Aceite Especial para M\u00e1quinas de Tufting. Transparente y de alta calidad, alarga la vida \u00fatil de tus m\u00e1quinas y previene desgastes.","breadcrumb":{"@id":"https:\/\/tuftingaddicts.com\/en\/Product\/aceite-especial-tufting\/#breadcrumb"},"inLanguage":"en-US","potentialAction":[{"@type":"ReadAction","target":["https:\/\/tuftingaddicts.com\/en\/Product\/aceite-especial-tufting\/"]}]},{"@type":"ImageObject","inLanguage":"en-US","@id":"https:\/\/tuftingaddicts.com\/en\/Product\/aceite-especial-tufting\/#primaryimage","url":"https:\/\/tuftingaddicts.com\/wp-content\/uploads\/2023\/11\/Aceite-Especial-para-Maquinas-de-Tufting.jpg","contentUrl":"https:\/\/tuftingaddicts.com\/wp-content\/uploads\/2023\/11\/Aceite-Especial-para-Maquinas-de-Tufting.jpg","width":1564,"height":1814},{"@type":"BreadcrumbList","@id":"https:\/\/tuftingaddicts.com\/en\/Product\/aceite-especial-tufting\/#breadcrumb","itemListElement":[{"@type":"ListItem","position":1,"name":"Portada","item":"https:\/\/tuftingaddicts.com\/en\/"},{"@type":"ListItem","position":2,"name":"Shop","item":"https:\/\/tuftingaddicts.com\/en\/shop\/"},{"@type":"ListItem","position":3,"name":"Accessories","item":"https:\/\/tuftingaddicts.com\/en\/family\/accessories-tufting\/"},{"@type":"ListItem","position":4,"name":"Aceite especial para m\u00e1quinas de tufting"}]},{"@type":"WebSite","@id":"https:\/\/tuftingaddicts.com\/en\/#website","url":"https:\/\/tuftingaddicts.com\/en\/","name":"Tufting Addicts Espa\u00f1a material TUFTING","description":"Proveedor de material para hacer alfombras por Tufting manual, lanas y tejidos.","publisher":{"@id":"https:\/\/tuftingaddicts.com\/en\/#organization"},"potentialAction":[{"@type":"SearchAction","target":{"@type":"EntryPoint","urlTemplate":"https:\/\/tuftingaddicts.com\/en\/?s={search_term_string}"},"query-input":{"@type":"PropertyValueSpecification","valueRequired":true,"valueName":"search_term_string"}}],"inLanguage":"en-US"},{"@type":"Organization","@id":"https:\/\/tuftingaddicts.com\/en\/#organization","name":"Tufting Addicts","url":"https:\/\/tuftingaddicts.com\/en\/","logo":{"@type":"ImageObject","inLanguage":"en-US","@id":"https:\/\/tuftingaddicts.com\/en\/#\/schema\/logo\/image\/","url":"https:\/\/tuftingaddicts.com\/wp-content\/uploads\/2021\/04\/Transparente-70x20mm.png","contentUrl":"https:\/\/tuftingaddicts.com\/wp-content\/uploads\/2021\/04\/Transparente-70x20mm.png","width":827,"height":236,"caption":"Tufting Addicts"},"image":{"@id":"https:\/\/tuftingaddicts.com\/en\/#\/schema\/logo\/image\/"},"sameAs":["https:\/\/www.facebook.com\/Tufting-Addicts-107650331396617\/","https:\/\/x.com\/TuftingAddicts","https:\/\/www.instagram.com\/tufting.addicts\/"]}]}},"jetpack_sharing_enabled":true,"_links":{"self":[{"href":"https:\/\/tuftingaddicts.com\/en\/wp-json\/wp\/v2\/product\/18791","targetHints":{"allow":["GET"]}}],"collection":[{"href":"https:\/\/tuftingaddicts.com\/en\/wp-json\/wp\/v2\/product"}],"about":[{"href":"https:\/\/tuftingaddicts.com\/en\/wp-json\/wp\/v2\/types\/product"}],"replies":[{"embeddable":true,"href":"https:\/\/tuftingaddicts.com\/en\/wp-json\/wp\/v2\/comments?post=18791"}],"version-history":[{"count":1,"href":"https:\/\/tuftingaddicts.com\/en\/wp-json\/wp\/v2\/product\/18791\/revisions"}],"predecessor-version":[{"id":21661,"href":"https:\/\/tuftingaddicts.com\/en\/wp-json\/wp\/v2\/product\/18791\/revisions\/21661"}],"wp:featuredmedia":[{"embeddable":true,"href":"https:\/\/tuftingaddicts.com\/en\/wp-json\/wp\/v2\/media\/18798"}],"wp:attachment":[{"href":"https:\/\/tuftingaddicts.com\/en\/wp-json\/wp\/v2\/media?parent=18791"}],"wp:term":[{"taxonomy":"product_brand","embeddable":true,"href":"https:\/\/tuftingaddicts.com\/en\/wp-json\/wp\/v2\/product_brand?post=18791"},{"taxonomy":"product_cat","embeddable":true,"href":"https:\/\/tuftingaddicts.com\/en\/wp-json\/wp\/v2\/product_cat?post=18791"},{"taxonomy":"product_tag","embeddable":true,"href":"https:\/\/tuftingaddicts.com\/en\/wp-json\/wp\/v2\/product_tag?post=18791"}],"curies":[{"name":"wp","href":"https:\/\/api.w.org\/{rel}","templated":true}]}}