{"id":18774,"date":"2023-11-23T20:24:00","date_gmt":"2023-11-23T19:24:00","guid":{"rendered":"https:\/\/tuftingaddicts.com\/?post_type=product&#038;p=18774"},"modified":"2025-12-02T10:43:16","modified_gmt":"2025-12-02T09:43:16","slug":"tijera-punta-fina-tufting-kretzer","status":"publish","type":"product","link":"https:\/\/tuftingaddicts.com\/en\/Product\/tijera-punta-fina-tufting-kretzer\/","title":{"rendered":"Tijera de punta fina Kretzer"},"content":{"rendered":"<p>Los detalles en tufting son la clave para un acabado limpio y con nuestras tijeras de punta afilada de Kretzer para limpieza de colores o perfilados se hace facil y sencillo.<br \/>\nCon 10,5 cm de largo y 2,5 cm de filo, estas tijeras otorgan la perfeccionan a cada mech\u00f3n de tu obra de tufting. Fabricadas con cuerpo de metal forjado y un mango sobredimensionado de pl\u00e1stico engomado para mayor comodidad, son tus aliadas para cortar hilos finos y hacer retoques. Un peque\u00f1o tesoro para tu taller.<\/p>\n<p>Con est\u00e1s tijeras aseguras una inversi\u00f3n segura, duradera y fiable con la calidad m\u00e1xima de fabricaci\u00f3n Alemana.<br \/>\n\u00a1Que cada corte sea una poes\u00eda en tu taller!<\/p>\n","protected":false},"excerpt":{"rendered":"<p>Tijera de punta fina Kretzer<\/p>\n<ul>\n<li>10,5 cm<\/li>\n<li>Filo de 2,5cm<\/li>\n<li>Cuerpo de metal y mango engomado sobredimensionado<\/li>\n<\/ul>\n<p>Son perfectas para hilos finos y retoques en Tufting. Una peque\u00f1a joya con garant\u00eda de por vida para tu creatividad.<\/p>\n","protected":false},"featured_media":18781,"comment_status":"open","ping_status":"closed","template":"","meta":{"site-sidebar-layout":"default","site-content-layout":"","ast-site-content-layout":"default","site-content-style":"default","site-sidebar-style":"default","ast-global-header-display":"","ast-banner-title-visibility":"","ast-main-header-display":"","ast-hfb-above-header-display":"","ast-hfb-below-header-display":"","ast-hfb-mobile-header-display":"","site-post-title":"","ast-breadcrumbs-content":"","ast-featured-img":"","footer-sml-layout":"","ast-disable-related-posts":"","theme-transparent-header-meta":"default","adv-header-id-meta":"","stick-header-meta":"","header-above-stick-meta":"","header-main-stick-meta":"","header-below-stick-meta":"","astra-migrate-meta-layouts":"set","ast-page-background-enabled":"default","ast-page-background-meta":{"desktop":{"background-color":"var(--ast-global-color-4)","background-image":"","background-repeat":"repeat","background-position":"center center","background-size":"auto","background-attachment":"scroll","background-type":"","background-media":"","overlay-type":"","overlay-color":"","overlay-opacity":"","overlay-gradient":""},"tablet":{"background-color":"","background-image":"","background-repeat":"repeat","background-position":"center center","background-size":"auto","background-attachment":"scroll","background-type":"","background-media":"","overlay-type":"","overlay-color":"","overlay-opacity":"","overlay-gradient":""},"mobile":{"background-color":"","background-image":"","background-repeat":"repeat","background-position":"center center","background-size":"auto","background-attachment":"scroll","background-type":"","background-media":"","overlay-type":"","overlay-color":"","overlay-opacity":"","overlay-gradient":""}},"ast-content-background-meta":{"desktop":{"background-color":"var(--ast-global-color-5)","background-image":"","background-repeat":"repeat","background-position":"center center","background-size":"auto","background-attachment":"scroll","background-type":"","background-media":"","overlay-type":"","overlay-color":"","overlay-opacity":"","overlay-gradient":""},"tablet":{"background-color":"var(--ast-global-color-5)","background-image":"","background-repeat":"repeat","background-position":"center center","background-size":"auto","background-attachment":"scroll","background-type":"","background-media":"","overlay-type":"","overlay-color":"","overlay-opacity":"","overlay-gradient":""},"mobile":{"background-color":"var(--ast-global-color-5)","background-image":"","background-repeat":"repeat","background-position":"center center","background-size":"auto","background-attachment":"scroll","background-type":"","background-media":"","overlay-type":"","overlay-color":"","overlay-opacity":"","overlay-gradient":""}}},"product_brand":[],"product_cat":[495],"product_tag":[],"class_list":{"0":"post-18774","1":"product","2":"type-product","3":"status-publish","4":"has-post-thumbnail","6":"product_cat-tijeras-tufting-precision-maestra","7":"desktop-align-left","8":"tablet-align-left","9":"mobile-align-left","11":"first","12":"instock","13":"taxable","14":"shipping-taxable","15":"purchasable","16":"product-type-simple"},"yoast_head":"<!-- This site is optimized with the Yoast SEO plugin v27.1.1 - https:\/\/yoast.com\/product\/yoast-seo-wordpress\/ -->\n<title>Tijera Kretzer de punta fina para tufting<\/title>\n<meta name=\"description\" content=\"Descubre los detalles M\u00e1gicos en Tufting con las Mini Tijeras Cortahilos Kretzer. precisi\u00f3n y perfectas para hilos finos y retoques en tu obra de Tufting.\" \/>\n<meta name=\"robots\" content=\"index, follow, max-snippet:-1, max-image-preview:large, max-video-preview:-1\" \/>\n<link rel=\"canonical\" href=\"https:\/\/tuftingaddicts.com\/en\/Product\/tijera-punta-fina-tufting-kretzer\/\" \/>\n<meta property=\"og:locale\" content=\"en_US\" \/>\n<meta property=\"og:type\" content=\"article\" \/>\n<meta property=\"og:title\" content=\"Tijera Kretzer de punta fina para tufting\" \/>\n<meta property=\"og:description\" content=\"Descubre los detalles M\u00e1gicos en Tufting con las Mini Tijeras Cortahilos Kretzer. precisi\u00f3n y perfectas para hilos finos y retoques en tu obra de Tufting.\" \/>\n<meta property=\"og:url\" content=\"https:\/\/tuftingaddicts.com\/en\/Product\/tijera-punta-fina-tufting-kretzer\/\" \/>\n<meta property=\"og:site_name\" content=\"Tufting Addicts Spain TUFTING stuff\" \/>\n<meta property=\"article:publisher\" content=\"https:\/\/www.facebook.com\/Tufting-Addicts-107650331396617\/\" \/>\n<meta property=\"article:modified_time\" content=\"2025-12-02T09:43:16+00:00\" \/>\n<meta property=\"og:image\" content=\"https:\/\/tuftingaddicts.com\/wp-content\/uploads\/2023\/11\/IMG_20231120_193420-scaled.jpg\" \/>\n\t<meta property=\"og:image:width\" content=\"2560\" \/>\n\t<meta property=\"og:image:height\" content=\"1440\" \/>\n\t<meta property=\"og:image:type\" content=\"image\/jpeg\" \/>\n<meta name=\"twitter:card\" content=\"summary_large_image\" \/>\n<meta name=\"twitter:site\" content=\"@TuftingAddicts\" \/>\n<meta name=\"twitter:label1\" content=\"Est. reading time\" \/>\n\t<meta name=\"twitter:data1\" content=\"1 minute\" \/>\n<script type=\"application\/ld+json\" class=\"yoast-schema-graph\">{\"@context\":\"https:\/\/schema.org\",\"@graph\":[{\"@type\":\"WebPage\",\"@id\":\"https:\/\/tuftingaddicts.com\/en\/Product\/tijera-punta-fina-tufting-kretzer\/\",\"url\":\"https:\/\/tuftingaddicts.com\/en\/Product\/tijera-punta-fina-tufting-kretzer\/\",\"name\":\"Tijera Kretzer de punta fina para tufting\",\"isPartOf\":{\"@id\":\"https:\/\/tuftingaddicts.com\/en\/#website\"},\"primaryImageOfPage\":{\"@id\":\"https:\/\/tuftingaddicts.com\/en\/Product\/tijera-punta-fina-tufting-kretzer\/#primaryimage\"},\"image\":{\"@id\":\"https:\/\/tuftingaddicts.com\/en\/Product\/tijera-punta-fina-tufting-kretzer\/#primaryimage\"},\"thumbnailUrl\":\"https:\/\/tuftingaddicts.com\/wp-content\/uploads\/2023\/11\/IMG_20231120_193420-scaled.jpg\",\"datePublished\":\"2023-11-23T19:24:00+00:00\",\"dateModified\":\"2025-12-02T09:43:16+00:00\",\"description\":\"Descubre los detalles M\u00e1gicos en Tufting con las Mini Tijeras Cortahilos Kretzer. precisi\u00f3n y perfectas para hilos finos y retoques en tu obra de Tufting.\",\"breadcrumb\":{\"@id\":\"https:\/\/tuftingaddicts.com\/en\/Product\/tijera-punta-fina-tufting-kretzer\/#breadcrumb\"},\"inLanguage\":\"en-US\",\"potentialAction\":[{\"@type\":\"ReadAction\",\"target\":[\"https:\/\/tuftingaddicts.com\/en\/Product\/tijera-punta-fina-tufting-kretzer\/\"]}]},{\"@type\":\"ImageObject\",\"inLanguage\":\"en-US\",\"@id\":\"https:\/\/tuftingaddicts.com\/en\/Product\/tijera-punta-fina-tufting-kretzer\/#primaryimage\",\"url\":\"https:\/\/tuftingaddicts.com\/wp-content\/uploads\/2023\/11\/IMG_20231120_193420-scaled.jpg\",\"contentUrl\":\"https:\/\/tuftingaddicts.com\/wp-content\/uploads\/2023\/11\/IMG_20231120_193420-scaled.jpg\",\"width\":2560,\"height\":1440,\"caption\":\"Mini Tijera Cortahilos Kretzer: Precisi\u00f3n para hilos finos y detalles m\u00e1gicos en proyectos de Tufting.\"},{\"@type\":\"BreadcrumbList\",\"@id\":\"https:\/\/tuftingaddicts.com\/en\/Product\/tijera-punta-fina-tufting-kretzer\/#breadcrumb\",\"itemListElement\":[{\"@type\":\"ListItem\",\"position\":1,\"name\":\"Portada\",\"item\":\"https:\/\/tuftingaddicts.com\/en\/\"},{\"@type\":\"ListItem\",\"position\":2,\"name\":\"Shop\",\"item\":\"https:\/\/tuftingaddicts.com\/en\/shop\/\"},{\"@type\":\"ListItem\",\"position\":3,\"name\":\"Accessories\",\"item\":\"https:\/\/tuftingaddicts.com\/en\/family\/accessories-tufting\/\"},{\"@type\":\"ListItem\",\"position\":4,\"name\":\"Scissors\",\"item\":\"https:\/\/tuftingaddicts.com\/en\/family\/accessories-tufting\/tufting-scissors\/\"},{\"@type\":\"ListItem\",\"position\":5,\"name\":\"Tijera de punta fina Kretzer\"}]},{\"@type\":\"WebSite\",\"@id\":\"https:\/\/tuftingaddicts.com\/en\/#website\",\"url\":\"https:\/\/tuftingaddicts.com\/en\/\",\"name\":\"Tufting Addicts Espa\u00f1a material TUFTING\",\"description\":\"Proveedor de material para hacer alfombras por Tufting manual, lanas y tejidos.\",\"publisher\":{\"@id\":\"https:\/\/tuftingaddicts.com\/en\/#organization\"},\"potentialAction\":[{\"@type\":\"SearchAction\",\"target\":{\"@type\":\"EntryPoint\",\"urlTemplate\":\"https:\/\/tuftingaddicts.com\/en\/?s={search_term_string}\"},\"query-input\":{\"@type\":\"PropertyValueSpecification\",\"valueRequired\":true,\"valueName\":\"search_term_string\"}}],\"inLanguage\":\"en-US\"},{\"@type\":\"Organization\",\"@id\":\"https:\/\/tuftingaddicts.com\/en\/#organization\",\"name\":\"Tufting Addicts\",\"url\":\"https:\/\/tuftingaddicts.com\/en\/\",\"logo\":{\"@type\":\"ImageObject\",\"inLanguage\":\"en-US\",\"@id\":\"https:\/\/tuftingaddicts.com\/en\/#\/schema\/logo\/image\/\",\"url\":\"https:\/\/tuftingaddicts.com\/wp-content\/uploads\/2021\/04\/Transparente-70x20mm.png\",\"contentUrl\":\"https:\/\/tuftingaddicts.com\/wp-content\/uploads\/2021\/04\/Transparente-70x20mm.png\",\"width\":827,\"height\":236,\"caption\":\"Tufting Addicts\"},\"image\":{\"@id\":\"https:\/\/tuftingaddicts.com\/en\/#\/schema\/logo\/image\/\"},\"sameAs\":[\"https:\/\/www.facebook.com\/Tufting-Addicts-107650331396617\/\",\"https:\/\/x.com\/TuftingAddicts\",\"https:\/\/www.instagram.com\/tufting.addicts\/\"]}]}<\/script>\n<!-- \/ Yoast SEO plugin. -->","yoast_head_json":{"title":"Tijera Kretzer de punta fina para tufting","description":"Descubre los detalles M\u00e1gicos en Tufting con las Mini Tijeras Cortahilos Kretzer. precisi\u00f3n y perfectas para hilos finos y retoques en tu obra de Tufting.","robots":{"index":"index","follow":"follow","max-snippet":"max-snippet:-1","max-image-preview":"max-image-preview:large","max-video-preview":"max-video-preview:-1"},"canonical":"https:\/\/tuftingaddicts.com\/en\/Product\/tijera-punta-fina-tufting-kretzer\/","og_locale":"en_US","og_type":"article","og_title":"Tijera Kretzer de punta fina para tufting","og_description":"Descubre los detalles M\u00e1gicos en Tufting con las Mini Tijeras Cortahilos Kretzer. precisi\u00f3n y perfectas para hilos finos y retoques en tu obra de Tufting.","og_url":"https:\/\/tuftingaddicts.com\/en\/Product\/tijera-punta-fina-tufting-kretzer\/","og_site_name":"Tufting Addicts Spain TUFTING stuff","article_publisher":"https:\/\/www.facebook.com\/Tufting-Addicts-107650331396617\/","article_modified_time":"2025-12-02T09:43:16+00:00","og_image":[{"width":2560,"height":1440,"url":"https:\/\/tuftingaddicts.com\/wp-content\/uploads\/2023\/11\/IMG_20231120_193420-scaled.jpg","type":"image\/jpeg"}],"twitter_card":"summary_large_image","twitter_site":"@TuftingAddicts","twitter_misc":{"Est. reading time":"1 minute"},"schema":{"@context":"https:\/\/schema.org","@graph":[{"@type":"WebPage","@id":"https:\/\/tuftingaddicts.com\/en\/Product\/tijera-punta-fina-tufting-kretzer\/","url":"https:\/\/tuftingaddicts.com\/en\/Product\/tijera-punta-fina-tufting-kretzer\/","name":"Tijera Kretzer de punta fina para tufting","isPartOf":{"@id":"https:\/\/tuftingaddicts.com\/en\/#website"},"primaryImageOfPage":{"@id":"https:\/\/tuftingaddicts.com\/en\/Product\/tijera-punta-fina-tufting-kretzer\/#primaryimage"},"image":{"@id":"https:\/\/tuftingaddicts.com\/en\/Product\/tijera-punta-fina-tufting-kretzer\/#primaryimage"},"thumbnailUrl":"https:\/\/tuftingaddicts.com\/wp-content\/uploads\/2023\/11\/IMG_20231120_193420-scaled.jpg","datePublished":"2023-11-23T19:24:00+00:00","dateModified":"2025-12-02T09:43:16+00:00","description":"Descubre los detalles M\u00e1gicos en Tufting con las Mini Tijeras Cortahilos Kretzer. precisi\u00f3n y perfectas para hilos finos y retoques en tu obra de Tufting.","breadcrumb":{"@id":"https:\/\/tuftingaddicts.com\/en\/Product\/tijera-punta-fina-tufting-kretzer\/#breadcrumb"},"inLanguage":"en-US","potentialAction":[{"@type":"ReadAction","target":["https:\/\/tuftingaddicts.com\/en\/Product\/tijera-punta-fina-tufting-kretzer\/"]}]},{"@type":"ImageObject","inLanguage":"en-US","@id":"https:\/\/tuftingaddicts.com\/en\/Product\/tijera-punta-fina-tufting-kretzer\/#primaryimage","url":"https:\/\/tuftingaddicts.com\/wp-content\/uploads\/2023\/11\/IMG_20231120_193420-scaled.jpg","contentUrl":"https:\/\/tuftingaddicts.com\/wp-content\/uploads\/2023\/11\/IMG_20231120_193420-scaled.jpg","width":2560,"height":1440,"caption":"Mini Tijera Cortahilos Kretzer: Precisi\u00f3n para hilos finos y detalles m\u00e1gicos en proyectos de Tufting."},{"@type":"BreadcrumbList","@id":"https:\/\/tuftingaddicts.com\/en\/Product\/tijera-punta-fina-tufting-kretzer\/#breadcrumb","itemListElement":[{"@type":"ListItem","position":1,"name":"Portada","item":"https:\/\/tuftingaddicts.com\/en\/"},{"@type":"ListItem","position":2,"name":"Shop","item":"https:\/\/tuftingaddicts.com\/en\/shop\/"},{"@type":"ListItem","position":3,"name":"Accessories","item":"https:\/\/tuftingaddicts.com\/en\/family\/accessories-tufting\/"},{"@type":"ListItem","position":4,"name":"Scissors","item":"https:\/\/tuftingaddicts.com\/en\/family\/accessories-tufting\/tufting-scissors\/"},{"@type":"ListItem","position":5,"name":"Tijera de punta fina Kretzer"}]},{"@type":"WebSite","@id":"https:\/\/tuftingaddicts.com\/en\/#website","url":"https:\/\/tuftingaddicts.com\/en\/","name":"Tufting Addicts Espa\u00f1a material TUFTING","description":"Proveedor de material para hacer alfombras por Tufting manual, lanas y tejidos.","publisher":{"@id":"https:\/\/tuftingaddicts.com\/en\/#organization"},"potentialAction":[{"@type":"SearchAction","target":{"@type":"EntryPoint","urlTemplate":"https:\/\/tuftingaddicts.com\/en\/?s={search_term_string}"},"query-input":{"@type":"PropertyValueSpecification","valueRequired":true,"valueName":"search_term_string"}}],"inLanguage":"en-US"},{"@type":"Organization","@id":"https:\/\/tuftingaddicts.com\/en\/#organization","name":"Tufting Addicts","url":"https:\/\/tuftingaddicts.com\/en\/","logo":{"@type":"ImageObject","inLanguage":"en-US","@id":"https:\/\/tuftingaddicts.com\/en\/#\/schema\/logo\/image\/","url":"https:\/\/tuftingaddicts.com\/wp-content\/uploads\/2021\/04\/Transparente-70x20mm.png","contentUrl":"https:\/\/tuftingaddicts.com\/wp-content\/uploads\/2021\/04\/Transparente-70x20mm.png","width":827,"height":236,"caption":"Tufting Addicts"},"image":{"@id":"https:\/\/tuftingaddicts.com\/en\/#\/schema\/logo\/image\/"},"sameAs":["https:\/\/www.facebook.com\/Tufting-Addicts-107650331396617\/","https:\/\/x.com\/TuftingAddicts","https:\/\/www.instagram.com\/tufting.addicts\/"]}]}},"jetpack_sharing_enabled":true,"_links":{"self":[{"href":"https:\/\/tuftingaddicts.com\/en\/wp-json\/wp\/v2\/product\/18774","targetHints":{"allow":["GET"]}}],"collection":[{"href":"https:\/\/tuftingaddicts.com\/en\/wp-json\/wp\/v2\/product"}],"about":[{"href":"https:\/\/tuftingaddicts.com\/en\/wp-json\/wp\/v2\/types\/product"}],"replies":[{"embeddable":true,"href":"https:\/\/tuftingaddicts.com\/en\/wp-json\/wp\/v2\/comments?post=18774"}],"version-history":[{"count":1,"href":"https:\/\/tuftingaddicts.com\/en\/wp-json\/wp\/v2\/product\/18774\/revisions"}],"predecessor-version":[{"id":21614,"href":"https:\/\/tuftingaddicts.com\/en\/wp-json\/wp\/v2\/product\/18774\/revisions\/21614"}],"wp:featuredmedia":[{"embeddable":true,"href":"https:\/\/tuftingaddicts.com\/en\/wp-json\/wp\/v2\/media\/18781"}],"wp:attachment":[{"href":"https:\/\/tuftingaddicts.com\/en\/wp-json\/wp\/v2\/media?parent=18774"}],"wp:term":[{"taxonomy":"product_brand","embeddable":true,"href":"https:\/\/tuftingaddicts.com\/en\/wp-json\/wp\/v2\/product_brand?post=18774"},{"taxonomy":"product_cat","embeddable":true,"href":"https:\/\/tuftingaddicts.com\/en\/wp-json\/wp\/v2\/product_cat?post=18774"},{"taxonomy":"product_tag","embeddable":true,"href":"https:\/\/tuftingaddicts.com\/en\/wp-json\/wp\/v2\/product_tag?post=18774"}],"curies":[{"name":"wp","href":"https:\/\/api.w.org\/{rel}","templated":true}]}}