{"id":18728,"date":"2023-11-23T20:24:00","date_gmt":"2023-11-23T19:24:00","guid":{"rendered":"https:\/\/tuftingaddicts.com\/?post_type=product&#038;p=18728"},"modified":"2026-04-03T10:47:20","modified_gmt":"2026-04-03T09:47:20","slug":"tijeras-sastre-tufting-kretzer","status":"publish","type":"product","link":"https:\/\/tuftingaddicts.com\/en\/Product\/tijeras-sastre-tufting-kretzer\/","title":{"rendered":"Tijera de sastre Kretzer"},"content":{"rendered":"<p>Emb\u00e1rcate en el tufting con la <strong>tijera de sastre<\/strong> de <em>gran calidad<\/em> de <strong>Kretzer<\/strong> .<br \/>\nSu imponente longitud de 21 cm, con un filo de 9 cm, te brinda la precisi\u00f3n que necesitas en cada corte.<br \/>\nEl cuerpo de metal forjado y el mango ergon\u00f3mico hacen que cada movimiento sea c\u00f3modo durante las largas horas de trabajo.<\/p>\n<p>El dise\u00f1o inclinado del mango no es solo est\u00e9tico; se alinea perfectamente con la superficie de trabajo, brind\u00e1ndote un control sin igual sobre <a href=\"https:\/\/tuftingaddicts.com\/categor%C3%ADa\/tejidos-tufting\/\">tejidos flexibles<\/a>.<br \/>\nEstas tijeras, fabricadas en Alemania bajo los est\u00e1ndares de calidad m\u00e1s altos, son una inversi\u00f3n para toda la vida, aseguran que cada corte sea preciso y fluido.<\/p>\n","protected":false},"excerpt":{"rendered":"<p>Tijera de sastre Kretzer<\/p>\n<ul>\n<li>21 cm<\/li>\n<li>Filo de 9 cm<\/li>\n<li>Cuerpo de metal forjado y mango ergon\u00f3mico.<\/li>\n<\/ul>\n<p>La tijera de sastre de Kretzer fabricada en Alemania. Ser\u00e1 tu aliada en el tufting. Es una inversi\u00f3n segura.<\/p>\n","protected":false},"featured_media":18733,"comment_status":"open","ping_status":"closed","template":"","meta":{"site-sidebar-layout":"default","site-content-layout":"","ast-site-content-layout":"default","site-content-style":"default","site-sidebar-style":"default","ast-global-header-display":"","ast-banner-title-visibility":"","ast-main-header-display":"","ast-hfb-above-header-display":"","ast-hfb-below-header-display":"","ast-hfb-mobile-header-display":"","site-post-title":"","ast-breadcrumbs-content":"","ast-featured-img":"","footer-sml-layout":"","ast-disable-related-posts":"","theme-transparent-header-meta":"default","adv-header-id-meta":"","stick-header-meta":"","header-above-stick-meta":"","header-main-stick-meta":"","header-below-stick-meta":"","astra-migrate-meta-layouts":"set","ast-page-background-enabled":"default","ast-page-background-meta":{"desktop":{"background-color":"var(--ast-global-color-4)","background-image":"","background-repeat":"repeat","background-position":"center center","background-size":"auto","background-attachment":"scroll","background-type":"","background-media":"","overlay-type":"","overlay-color":"","overlay-opacity":"","overlay-gradient":""},"tablet":{"background-color":"","background-image":"","background-repeat":"repeat","background-position":"center center","background-size":"auto","background-attachment":"scroll","background-type":"","background-media":"","overlay-type":"","overlay-color":"","overlay-opacity":"","overlay-gradient":""},"mobile":{"background-color":"","background-image":"","background-repeat":"repeat","background-position":"center center","background-size":"auto","background-attachment":"scroll","background-type":"","background-media":"","overlay-type":"","overlay-color":"","overlay-opacity":"","overlay-gradient":""}},"ast-content-background-meta":{"desktop":{"background-color":"var(--ast-global-color-5)","background-image":"","background-repeat":"repeat","background-position":"center center","background-size":"auto","background-attachment":"scroll","background-type":"","background-media":"","overlay-type":"","overlay-color":"","overlay-opacity":"","overlay-gradient":""},"tablet":{"background-color":"var(--ast-global-color-5)","background-image":"","background-repeat":"repeat","background-position":"center center","background-size":"auto","background-attachment":"scroll","background-type":"","background-media":"","overlay-type":"","overlay-color":"","overlay-opacity":"","overlay-gradient":""},"mobile":{"background-color":"var(--ast-global-color-5)","background-image":"","background-repeat":"repeat","background-position":"center center","background-size":"auto","background-attachment":"scroll","background-type":"","background-media":"","overlay-type":"","overlay-color":"","overlay-opacity":"","overlay-gradient":""}}},"product_brand":[],"product_cat":[495],"product_tag":[],"class_list":{"0":"post-18728","1":"product","2":"type-product","3":"status-publish","4":"has-post-thumbnail","6":"product_cat-tijeras-tufting-precision-maestra","7":"desktop-align-left","8":"tablet-align-left","9":"mobile-align-left","11":"first","12":"instock","13":"taxable","14":"shipping-taxable","15":"purchasable","16":"product-type-simple"},"yoast_head":"<!-- This site is optimized with the Yoast SEO plugin v27.1.1 - https:\/\/yoast.com\/product\/yoast-seo-wordpress\/ -->\n<title>Corte Preciso para Tufting: tijera de Sastre Kretzer<\/title>\n<meta name=\"description\" content=\"Corte Preciso para Tufting Tijera de Sastre Kretzer: 21 cm , garant\u00eda de por vida. Ideal para Tufting. Calidad alemana para cortes perfectos\" \/>\n<meta name=\"robots\" content=\"index, follow, max-snippet:-1, max-image-preview:large, max-video-preview:-1\" \/>\n<link rel=\"canonical\" href=\"https:\/\/tuftingaddicts.com\/en\/Product\/tijeras-sastre-tufting-kretzer\/\" \/>\n<meta property=\"og:locale\" content=\"en_US\" \/>\n<meta property=\"og:type\" content=\"article\" \/>\n<meta property=\"og:title\" content=\"Corte Preciso para Tufting: tijera de Sastre Kretzer\" \/>\n<meta property=\"og:description\" content=\"Corte Preciso para Tufting Tijera de Sastre Kretzer: 21 cm , garant\u00eda de por vida. Ideal para Tufting. Calidad alemana para cortes perfectos\" \/>\n<meta property=\"og:url\" content=\"https:\/\/tuftingaddicts.com\/en\/Product\/tijeras-sastre-tufting-kretzer\/\" \/>\n<meta property=\"og:site_name\" content=\"Tufting Addicts Spain TUFTING stuff\" \/>\n<meta property=\"article:publisher\" content=\"https:\/\/www.facebook.com\/Tufting-Addicts-107650331396617\/\" \/>\n<meta property=\"article:modified_time\" content=\"2026-04-03T09:47:20+00:00\" \/>\n<meta property=\"og:image\" content=\"https:\/\/tuftingaddicts.com\/wp-content\/uploads\/2023\/11\/IMG_20231120_192908-scaled.jpg\" \/>\n\t<meta property=\"og:image:width\" content=\"2560\" \/>\n\t<meta property=\"og:image:height\" content=\"1440\" \/>\n\t<meta property=\"og:image:type\" content=\"image\/jpeg\" \/>\n<meta name=\"twitter:card\" content=\"summary_large_image\" \/>\n<meta name=\"twitter:site\" content=\"@TuftingAddicts\" \/>\n<meta name=\"twitter:label1\" content=\"Est. reading time\" \/>\n\t<meta name=\"twitter:data1\" content=\"1 minute\" \/>\n<script type=\"application\/ld+json\" class=\"yoast-schema-graph\">{\"@context\":\"https:\/\/schema.org\",\"@graph\":[{\"@type\":\"WebPage\",\"@id\":\"https:\/\/tuftingaddicts.com\/en\/Product\/tijeras-sastre-tufting-kretzer\/\",\"url\":\"https:\/\/tuftingaddicts.com\/en\/Product\/tijeras-sastre-tufting-kretzer\/\",\"name\":\"Corte Preciso para Tufting: tijera de Sastre Kretzer\",\"isPartOf\":{\"@id\":\"https:\/\/tuftingaddicts.com\/en\/#website\"},\"primaryImageOfPage\":{\"@id\":\"https:\/\/tuftingaddicts.com\/en\/Product\/tijeras-sastre-tufting-kretzer\/#primaryimage\"},\"image\":{\"@id\":\"https:\/\/tuftingaddicts.com\/en\/Product\/tijeras-sastre-tufting-kretzer\/#primaryimage\"},\"thumbnailUrl\":\"https:\/\/tuftingaddicts.com\/wp-content\/uploads\/2023\/11\/IMG_20231120_192908-scaled.jpg\",\"datePublished\":\"2023-11-23T19:24:00+00:00\",\"dateModified\":\"2026-04-03T09:47:20+00:00\",\"description\":\"Corte Preciso para Tufting Tijera de Sastre Kretzer: 21 cm , garant\u00eda de por vida. Ideal para Tufting. Calidad alemana para cortes perfectos\",\"breadcrumb\":{\"@id\":\"https:\/\/tuftingaddicts.com\/en\/Product\/tijeras-sastre-tufting-kretzer\/#breadcrumb\"},\"inLanguage\":\"en-US\",\"potentialAction\":[{\"@type\":\"ReadAction\",\"target\":[\"https:\/\/tuftingaddicts.com\/en\/Product\/tijeras-sastre-tufting-kretzer\/\"]}]},{\"@type\":\"ImageObject\",\"inLanguage\":\"en-US\",\"@id\":\"https:\/\/tuftingaddicts.com\/en\/Product\/tijeras-sastre-tufting-kretzer\/#primaryimage\",\"url\":\"https:\/\/tuftingaddicts.com\/wp-content\/uploads\/2023\/11\/IMG_20231120_192908-scaled.jpg\",\"contentUrl\":\"https:\/\/tuftingaddicts.com\/wp-content\/uploads\/2023\/11\/IMG_20231120_192908-scaled.jpg\",\"width\":2560,\"height\":1440,\"caption\":\"Tijera de Sastre Kretzer para Tufting: Herramienta de corte preciso y calidad alemana, garant\u00eda de por vida\"},{\"@type\":\"BreadcrumbList\",\"@id\":\"https:\/\/tuftingaddicts.com\/en\/Product\/tijeras-sastre-tufting-kretzer\/#breadcrumb\",\"itemListElement\":[{\"@type\":\"ListItem\",\"position\":1,\"name\":\"Portada\",\"item\":\"https:\/\/tuftingaddicts.com\/en\/\"},{\"@type\":\"ListItem\",\"position\":2,\"name\":\"Shop\",\"item\":\"https:\/\/tuftingaddicts.com\/en\/shop\/\"},{\"@type\":\"ListItem\",\"position\":3,\"name\":\"Accessories\",\"item\":\"https:\/\/tuftingaddicts.com\/en\/family\/accessories-tufting\/\"},{\"@type\":\"ListItem\",\"position\":4,\"name\":\"Scissors\",\"item\":\"https:\/\/tuftingaddicts.com\/en\/family\/accessories-tufting\/tufting-scissors\/\"},{\"@type\":\"ListItem\",\"position\":5,\"name\":\"Tijera de sastre Kretzer\"}]},{\"@type\":\"WebSite\",\"@id\":\"https:\/\/tuftingaddicts.com\/en\/#website\",\"url\":\"https:\/\/tuftingaddicts.com\/en\/\",\"name\":\"Tufting Addicts Espa\u00f1a material TUFTING\",\"description\":\"Proveedor de material para hacer alfombras por Tufting manual, lanas y tejidos.\",\"publisher\":{\"@id\":\"https:\/\/tuftingaddicts.com\/en\/#organization\"},\"potentialAction\":[{\"@type\":\"SearchAction\",\"target\":{\"@type\":\"EntryPoint\",\"urlTemplate\":\"https:\/\/tuftingaddicts.com\/en\/?s={search_term_string}\"},\"query-input\":{\"@type\":\"PropertyValueSpecification\",\"valueRequired\":true,\"valueName\":\"search_term_string\"}}],\"inLanguage\":\"en-US\"},{\"@type\":\"Organization\",\"@id\":\"https:\/\/tuftingaddicts.com\/en\/#organization\",\"name\":\"Tufting Addicts\",\"url\":\"https:\/\/tuftingaddicts.com\/en\/\",\"logo\":{\"@type\":\"ImageObject\",\"inLanguage\":\"en-US\",\"@id\":\"https:\/\/tuftingaddicts.com\/en\/#\/schema\/logo\/image\/\",\"url\":\"https:\/\/tuftingaddicts.com\/wp-content\/uploads\/2021\/04\/Transparente-70x20mm.png\",\"contentUrl\":\"https:\/\/tuftingaddicts.com\/wp-content\/uploads\/2021\/04\/Transparente-70x20mm.png\",\"width\":827,\"height\":236,\"caption\":\"Tufting Addicts\"},\"image\":{\"@id\":\"https:\/\/tuftingaddicts.com\/en\/#\/schema\/logo\/image\/\"},\"sameAs\":[\"https:\/\/www.facebook.com\/Tufting-Addicts-107650331396617\/\",\"https:\/\/x.com\/TuftingAddicts\",\"https:\/\/www.instagram.com\/tufting.addicts\/\"]}]}<\/script>\n<!-- \/ Yoast SEO plugin. -->","yoast_head_json":{"title":"Corte Preciso para Tufting: tijera de Sastre Kretzer","description":"Corte Preciso para Tufting Tijera de Sastre Kretzer: 21 cm , garant\u00eda de por vida. Ideal para Tufting. Calidad alemana para cortes perfectos","robots":{"index":"index","follow":"follow","max-snippet":"max-snippet:-1","max-image-preview":"max-image-preview:large","max-video-preview":"max-video-preview:-1"},"canonical":"https:\/\/tuftingaddicts.com\/en\/Product\/tijeras-sastre-tufting-kretzer\/","og_locale":"en_US","og_type":"article","og_title":"Corte Preciso para Tufting: tijera de Sastre Kretzer","og_description":"Corte Preciso para Tufting Tijera de Sastre Kretzer: 21 cm , garant\u00eda de por vida. Ideal para Tufting. Calidad alemana para cortes perfectos","og_url":"https:\/\/tuftingaddicts.com\/en\/Product\/tijeras-sastre-tufting-kretzer\/","og_site_name":"Tufting Addicts Spain TUFTING stuff","article_publisher":"https:\/\/www.facebook.com\/Tufting-Addicts-107650331396617\/","article_modified_time":"2026-04-03T09:47:20+00:00","og_image":[{"width":2560,"height":1440,"url":"https:\/\/tuftingaddicts.com\/wp-content\/uploads\/2023\/11\/IMG_20231120_192908-scaled.jpg","type":"image\/jpeg"}],"twitter_card":"summary_large_image","twitter_site":"@TuftingAddicts","twitter_misc":{"Est. reading time":"1 minute"},"schema":{"@context":"https:\/\/schema.org","@graph":[{"@type":"WebPage","@id":"https:\/\/tuftingaddicts.com\/en\/Product\/tijeras-sastre-tufting-kretzer\/","url":"https:\/\/tuftingaddicts.com\/en\/Product\/tijeras-sastre-tufting-kretzer\/","name":"Corte Preciso para Tufting: tijera de Sastre Kretzer","isPartOf":{"@id":"https:\/\/tuftingaddicts.com\/en\/#website"},"primaryImageOfPage":{"@id":"https:\/\/tuftingaddicts.com\/en\/Product\/tijeras-sastre-tufting-kretzer\/#primaryimage"},"image":{"@id":"https:\/\/tuftingaddicts.com\/en\/Product\/tijeras-sastre-tufting-kretzer\/#primaryimage"},"thumbnailUrl":"https:\/\/tuftingaddicts.com\/wp-content\/uploads\/2023\/11\/IMG_20231120_192908-scaled.jpg","datePublished":"2023-11-23T19:24:00+00:00","dateModified":"2026-04-03T09:47:20+00:00","description":"Corte Preciso para Tufting Tijera de Sastre Kretzer: 21 cm , garant\u00eda de por vida. Ideal para Tufting. Calidad alemana para cortes perfectos","breadcrumb":{"@id":"https:\/\/tuftingaddicts.com\/en\/Product\/tijeras-sastre-tufting-kretzer\/#breadcrumb"},"inLanguage":"en-US","potentialAction":[{"@type":"ReadAction","target":["https:\/\/tuftingaddicts.com\/en\/Product\/tijeras-sastre-tufting-kretzer\/"]}]},{"@type":"ImageObject","inLanguage":"en-US","@id":"https:\/\/tuftingaddicts.com\/en\/Product\/tijeras-sastre-tufting-kretzer\/#primaryimage","url":"https:\/\/tuftingaddicts.com\/wp-content\/uploads\/2023\/11\/IMG_20231120_192908-scaled.jpg","contentUrl":"https:\/\/tuftingaddicts.com\/wp-content\/uploads\/2023\/11\/IMG_20231120_192908-scaled.jpg","width":2560,"height":1440,"caption":"Tijera de Sastre Kretzer para Tufting: Herramienta de corte preciso y calidad alemana, garant\u00eda de por vida"},{"@type":"BreadcrumbList","@id":"https:\/\/tuftingaddicts.com\/en\/Product\/tijeras-sastre-tufting-kretzer\/#breadcrumb","itemListElement":[{"@type":"ListItem","position":1,"name":"Portada","item":"https:\/\/tuftingaddicts.com\/en\/"},{"@type":"ListItem","position":2,"name":"Shop","item":"https:\/\/tuftingaddicts.com\/en\/shop\/"},{"@type":"ListItem","position":3,"name":"Accessories","item":"https:\/\/tuftingaddicts.com\/en\/family\/accessories-tufting\/"},{"@type":"ListItem","position":4,"name":"Scissors","item":"https:\/\/tuftingaddicts.com\/en\/family\/accessories-tufting\/tufting-scissors\/"},{"@type":"ListItem","position":5,"name":"Tijera de sastre Kretzer"}]},{"@type":"WebSite","@id":"https:\/\/tuftingaddicts.com\/en\/#website","url":"https:\/\/tuftingaddicts.com\/en\/","name":"Tufting Addicts Espa\u00f1a material TUFTING","description":"Proveedor de material para hacer alfombras por Tufting manual, lanas y tejidos.","publisher":{"@id":"https:\/\/tuftingaddicts.com\/en\/#organization"},"potentialAction":[{"@type":"SearchAction","target":{"@type":"EntryPoint","urlTemplate":"https:\/\/tuftingaddicts.com\/en\/?s={search_term_string}"},"query-input":{"@type":"PropertyValueSpecification","valueRequired":true,"valueName":"search_term_string"}}],"inLanguage":"en-US"},{"@type":"Organization","@id":"https:\/\/tuftingaddicts.com\/en\/#organization","name":"Tufting Addicts","url":"https:\/\/tuftingaddicts.com\/en\/","logo":{"@type":"ImageObject","inLanguage":"en-US","@id":"https:\/\/tuftingaddicts.com\/en\/#\/schema\/logo\/image\/","url":"https:\/\/tuftingaddicts.com\/wp-content\/uploads\/2021\/04\/Transparente-70x20mm.png","contentUrl":"https:\/\/tuftingaddicts.com\/wp-content\/uploads\/2021\/04\/Transparente-70x20mm.png","width":827,"height":236,"caption":"Tufting Addicts"},"image":{"@id":"https:\/\/tuftingaddicts.com\/en\/#\/schema\/logo\/image\/"},"sameAs":["https:\/\/www.facebook.com\/Tufting-Addicts-107650331396617\/","https:\/\/x.com\/TuftingAddicts","https:\/\/www.instagram.com\/tufting.addicts\/"]}]}},"jetpack_sharing_enabled":true,"_links":{"self":[{"href":"https:\/\/tuftingaddicts.com\/en\/wp-json\/wp\/v2\/product\/18728","targetHints":{"allow":["GET"]}}],"collection":[{"href":"https:\/\/tuftingaddicts.com\/en\/wp-json\/wp\/v2\/product"}],"about":[{"href":"https:\/\/tuftingaddicts.com\/en\/wp-json\/wp\/v2\/types\/product"}],"replies":[{"embeddable":true,"href":"https:\/\/tuftingaddicts.com\/en\/wp-json\/wp\/v2\/comments?post=18728"}],"version-history":[{"count":1,"href":"https:\/\/tuftingaddicts.com\/en\/wp-json\/wp\/v2\/product\/18728\/revisions"}],"predecessor-version":[{"id":21613,"href":"https:\/\/tuftingaddicts.com\/en\/wp-json\/wp\/v2\/product\/18728\/revisions\/21613"}],"wp:featuredmedia":[{"embeddable":true,"href":"https:\/\/tuftingaddicts.com\/en\/wp-json\/wp\/v2\/media\/18733"}],"wp:attachment":[{"href":"https:\/\/tuftingaddicts.com\/en\/wp-json\/wp\/v2\/media?parent=18728"}],"wp:term":[{"taxonomy":"product_brand","embeddable":true,"href":"https:\/\/tuftingaddicts.com\/en\/wp-json\/wp\/v2\/product_brand?post=18728"},{"taxonomy":"product_cat","embeddable":true,"href":"https:\/\/tuftingaddicts.com\/en\/wp-json\/wp\/v2\/product_cat?post=18728"},{"taxonomy":"product_tag","embeddable":true,"href":"https:\/\/tuftingaddicts.com\/en\/wp-json\/wp\/v2\/product_tag?post=18728"}],"curies":[{"name":"wp","href":"https:\/\/api.w.org\/{rel}","templated":true}]}}