{"id":16128,"date":"2022-04-01T16:28:00","date_gmt":"2022-04-01T15:28:00","guid":{"rendered":"https:\/\/tuftingaddicts.com\/?post_type=product&#038;p=16128"},"modified":"2025-12-23T12:56:02","modified_gmt":"2025-12-23T11:56:02","slug":"maquina-tufting-corte-y-bucle","status":"publish","type":"product","link":"https:\/\/tuftingaddicts.com\/en\/Product\/maquina-tufting-corte-y-bucle\/","title":{"rendered":"M\u00e1quina Tufting corte y bucle (2 en 1)"},"content":{"rendered":"<h3>Tufting Gun de doble funci\u00f3n<\/h3>\n<p>&nbsp;<\/p>\n<p>Se trata de una m\u00e1quina el\u00e9ctrica para crear tus propias alfombras de forma f\u00e1cil y personalizada. Si siempre has querido tener tu alfombra personalizada o deseas crear productos con personalidad propia, esta tufting gun ser\u00e1 tu gran aliada.<\/p>\n<p>Este modelo, te permite tener la versatilidad que necesitas, pudiendo varias el estilo que crear seg\u00fan te convenga. Gracias a sus tijeras intercambiables <strong>pasa de corte a bucle <\/strong>muy f\u00e1cilmente con una sola m\u00e1quina.<\/p>\n<p>Este modelo cuenta con una velocidad variable, lo que hace que puedas adaptarla a tus necesidades y nivel. Tambi\u00e9n se puede modificar la altura del corte del hilo, pudiendo dejar los mechones m\u00e1s o menos cortos, seg\u00fan nuestros gustos o necesidades y permiti\u00e9ndonos hacer una alfombra con diferentes alturas de lana.<\/p>\n<p>Incluye un malet\u00edn que te permitir\u00e1 transportar tu m\u00e1quina tufting con mayor protecci\u00f3n y facilidad. El malet\u00edn est\u00e1 fabricado en Espa\u00f1a y adaptado especialmente para nuestras m\u00e1quinas de tufting. Tambi\u00e9n incluye aceite para el mantenimiento peri\u00f3dico de la m\u00e1quina de tufting y un enhebrador dise\u00f1ado y fabricado por el equipo de Tufting Addicts.<\/p>\n<p>Su dise\u00f1o hace que su utilizaci\u00f3n sea muy intuitiva y f\u00e1cil. Es sencilla de enhebrar y cuenta con voltaje universal. Su peso es de 1,4 kg y es de aluminio y pl\u00e1stico.<\/p>\n<p>Crea tus alfombras con nuestro producto estrella. Gracias a sus variables de corte y velocidad podr\u00e1s tener el control completo.<\/p>\n<p>Tambi\u00e9n te pueden interesar la <a href=\"https:\/\/tuftingaddicts.com\/producto\/maquina-tufting-gun-bucle\/\">tufting gun de bucle<\/a> o la\u00a0 <a href=\"https:\/\/tuftingaddicts.com\/producto\/maquina-tufting-gun-corte-bucle\/\">modelo ZQ-II<\/a>.<\/p>\n","protected":false},"excerpt":{"rendered":"<p>M\u00e1quina de tufting de doble funci\u00f3n en una sola m\u00e1quina<\/p>\n<ul class=\"a-unordered-list a-vertical a-spacing-mini\">\n<li>Corte y bucle en una sola m\u00e1quina<\/li>\n<li>Tijeras intercambiables<\/li>\n<li><span class=\"a-list-item\">Rango de altura de corte ajustable: de 7 a 18 mm.<\/span><\/li>\n<li><span class=\"a-list-item\">Peso: 1,4 kg.<\/span><\/li>\n<li><span class=\"a-list-item\">Adaptador con voltaje universal.<\/span><\/li>\n<li><span class=\"a-list-item\">Velocidad ajustable.<\/span><\/li>\n<li>Malet\u00edn de transporte<\/li>\n<\/ul>\n<p>Todas las m\u00e1quinas de tufting se env\u00edan previamente ajustadas y testadas por un t\u00e9cnico.<\/p>\n","protected":false},"featured_media":19718,"comment_status":"open","ping_status":"closed","template":"","meta":{"site-sidebar-layout":"default","site-content-layout":"default","ast-site-content-layout":"default","site-content-style":"default","site-sidebar-style":"default","ast-global-header-display":"","ast-banner-title-visibility":"","ast-main-header-display":"","ast-hfb-above-header-display":"","ast-hfb-below-header-display":"","ast-hfb-mobile-header-display":"","site-post-title":"","ast-breadcrumbs-content":"","ast-featured-img":"","footer-sml-layout":"","ast-disable-related-posts":"","theme-transparent-header-meta":"default","adv-header-id-meta":"","stick-header-meta":"","header-above-stick-meta":"","header-main-stick-meta":"","header-below-stick-meta":"","astra-migrate-meta-layouts":"set","ast-page-background-enabled":"default","ast-page-background-meta":{"desktop":{"background-color":"var(--ast-global-color-4)","background-image":"","background-repeat":"repeat","background-position":"center center","background-size":"auto","background-attachment":"scroll","background-type":"","background-media":"","overlay-type":"","overlay-color":"","overlay-opacity":"","overlay-gradient":""},"tablet":{"background-color":"","background-image":"","background-repeat":"repeat","background-position":"center center","background-size":"auto","background-attachment":"scroll","background-type":"","background-media":"","overlay-type":"","overlay-color":"","overlay-opacity":"","overlay-gradient":""},"mobile":{"background-color":"","background-image":"","background-repeat":"repeat","background-position":"center center","background-size":"auto","background-attachment":"scroll","background-type":"","background-media":"","overlay-type":"","overlay-color":"","overlay-opacity":"","overlay-gradient":""}},"ast-content-background-meta":{"desktop":{"background-color":"var(--ast-global-color-5)","background-image":"","background-repeat":"repeat","background-position":"center center","background-size":"auto","background-attachment":"scroll","background-type":"","background-media":"","overlay-type":"","overlay-color":"","overlay-opacity":"","overlay-gradient":""},"tablet":{"background-color":"var(--ast-global-color-5)","background-image":"","background-repeat":"repeat","background-position":"center center","background-size":"auto","background-attachment":"scroll","background-type":"","background-media":"","overlay-type":"","overlay-color":"","overlay-opacity":"","overlay-gradient":""},"mobile":{"background-color":"var(--ast-global-color-5)","background-image":"","background-repeat":"repeat","background-position":"center center","background-size":"auto","background-attachment":"scroll","background-type":"","background-media":"","overlay-type":"","overlay-color":"","overlay-opacity":"","overlay-gradient":""}}},"product_brand":[],"product_cat":[464,57,69],"product_tag":[150,194,202,193,201,191,195,196,200,199,192,197,149,147,198,148],"class_list":{"0":"post-16128","1":"product","2":"type-product","3":"status-publish","4":"has-post-thumbnail","6":"product_cat-rebajas-tufting","7":"product_cat-maquinas-tufting-gun","8":"product_cat-ofertas-tufting","9":"product_tag-alfombra-2","10":"product_tag-bucle","11":"product_tag-casera","12":"product_tag-corte","13":"product_tag-diy-2","14":"product_tag-maquina_de_tufting","15":"product_tag-maquina-tejer-alfombras","16":"product_tag-maquina-tufting-alfombra","17":"product_tag-mechones-alfombras","18":"product_tag-pistola-de-mechones","19":"product_tag-pistola-de-tufting","20":"product_tag-rug-making","21":"product_tag-rugs","22":"product_tag-tufting","23":"product_tag-tufting-a-rug","24":"product_tag-tufting-gun","25":"desktop-align-left","26":"tablet-align-left","27":"mobile-align-left","29":"first","30":"instock","31":"sale","32":"taxable","33":"shipping-taxable","34":"purchasable","35":"product-type-simple"},"yoast_head":"<!-- This site is optimized with the Yoast SEO plugin v27.1.1 - https:\/\/yoast.com\/product\/yoast-seo-wordpress\/ -->\n<title>tufting gun maquina de corte AK-I<\/title>\n<meta name=\"robots\" content=\"index, follow, max-snippet:-1, max-image-preview:large, max-video-preview:-1\" \/>\n<link rel=\"canonical\" href=\"https:\/\/tuftingaddicts.com\/en\/Product\/maquina-tufting-corte-y-bucle\/\" \/>\n<meta property=\"og:locale\" content=\"en_US\" \/>\n<meta property=\"og:type\" content=\"article\" \/>\n<meta property=\"og:title\" content=\"tufting gun maquina de corte AK-I\" \/>\n<meta property=\"og:description\" content=\"M\u00e1quina de tufting de doble funci\u00f3n en una sola m\u00e1quina   Corte y bucle en una sola m\u00e1quina  Tijeras intercambiables  Rango de altura de corte ajustable: de 7 a 18 mm.  Peso: 1,4 kg.  Adaptador con voltaje universal.  Velocidad ajustable.  Malet\u00edn de transporte  Todas las m\u00e1quinas de tufting se env\u00edan previamente ajustadas y testadas por un t\u00e9cnico.\" \/>\n<meta property=\"og:url\" content=\"https:\/\/tuftingaddicts.com\/en\/Product\/maquina-tufting-corte-y-bucle\/\" \/>\n<meta property=\"og:site_name\" content=\"Tufting Addicts Spain TUFTING stuff\" \/>\n<meta property=\"article:publisher\" content=\"https:\/\/www.facebook.com\/Tufting-Addicts-107650331396617\/\" \/>\n<meta property=\"article:modified_time\" content=\"2025-12-23T11:56:02+00:00\" \/>\n<meta property=\"og:image\" content=\"https:\/\/tuftingaddicts.com\/wp-content\/uploads\/2024\/06\/Maquina-2-en-1.jpg\" \/>\n\t<meta property=\"og:image:width\" content=\"1080\" \/>\n\t<meta property=\"og:image:height\" content=\"1080\" \/>\n\t<meta property=\"og:image:type\" content=\"image\/jpeg\" \/>\n<meta name=\"twitter:card\" content=\"summary_large_image\" \/>\n<meta name=\"twitter:site\" content=\"@TuftingAddicts\" \/>\n<meta name=\"twitter:label1\" content=\"Est. reading time\" \/>\n\t<meta name=\"twitter:data1\" content=\"2 minutes\" \/>\n<script type=\"application\/ld+json\" class=\"yoast-schema-graph\">{\"@context\":\"https:\/\/schema.org\",\"@graph\":[{\"@type\":\"WebPage\",\"@id\":\"https:\/\/tuftingaddicts.com\/en\/Product\/maquina-tufting-corte-y-bucle\/\",\"url\":\"https:\/\/tuftingaddicts.com\/en\/Product\/maquina-tufting-corte-y-bucle\/\",\"name\":\"tufting gun maquina de corte AK-I\",\"isPartOf\":{\"@id\":\"https:\/\/tuftingaddicts.com\/en\/#website\"},\"primaryImageOfPage\":{\"@id\":\"https:\/\/tuftingaddicts.com\/en\/Product\/maquina-tufting-corte-y-bucle\/#primaryimage\"},\"image\":{\"@id\":\"https:\/\/tuftingaddicts.com\/en\/Product\/maquina-tufting-corte-y-bucle\/#primaryimage\"},\"thumbnailUrl\":\"https:\/\/tuftingaddicts.com\/wp-content\/uploads\/2024\/06\/Maquina-2-en-1.jpg\",\"datePublished\":\"2022-04-01T15:28:00+00:00\",\"dateModified\":\"2025-12-23T11:56:02+00:00\",\"breadcrumb\":{\"@id\":\"https:\/\/tuftingaddicts.com\/en\/Product\/maquina-tufting-corte-y-bucle\/#breadcrumb\"},\"inLanguage\":\"en-US\",\"potentialAction\":[{\"@type\":\"ReadAction\",\"target\":[\"https:\/\/tuftingaddicts.com\/en\/Product\/maquina-tufting-corte-y-bucle\/\"]}]},{\"@type\":\"ImageObject\",\"inLanguage\":\"en-US\",\"@id\":\"https:\/\/tuftingaddicts.com\/en\/Product\/maquina-tufting-corte-y-bucle\/#primaryimage\",\"url\":\"https:\/\/tuftingaddicts.com\/wp-content\/uploads\/2024\/06\/Maquina-2-en-1.jpg\",\"contentUrl\":\"https:\/\/tuftingaddicts.com\/wp-content\/uploads\/2024\/06\/Maquina-2-en-1.jpg\",\"width\":1080,\"height\":1080,\"caption\":\"tufting gun 2 en 1 corte y bucle\"},{\"@type\":\"BreadcrumbList\",\"@id\":\"https:\/\/tuftingaddicts.com\/en\/Product\/maquina-tufting-corte-y-bucle\/#breadcrumb\",\"itemListElement\":[{\"@type\":\"ListItem\",\"position\":1,\"name\":\"Portada\",\"item\":\"https:\/\/tuftingaddicts.com\/en\/\"},{\"@type\":\"ListItem\",\"position\":2,\"name\":\"Shop\",\"item\":\"https:\/\/tuftingaddicts.com\/en\/shop\/\"},{\"@type\":\"ListItem\",\"position\":3,\"name\":\"Tufting Machines\",\"item\":\"https:\/\/tuftingaddicts.com\/en\/family\/tufting-machines\/\"},{\"@type\":\"ListItem\",\"position\":4,\"name\":\"M\u00e1quina Tufting corte y bucle (2 en 1)\"}]},{\"@type\":\"WebSite\",\"@id\":\"https:\/\/tuftingaddicts.com\/en\/#website\",\"url\":\"https:\/\/tuftingaddicts.com\/en\/\",\"name\":\"Tufting Addicts Espa\u00f1a material TUFTING\",\"description\":\"Proveedor de material para hacer alfombras por Tufting manual, lanas y tejidos.\",\"publisher\":{\"@id\":\"https:\/\/tuftingaddicts.com\/en\/#organization\"},\"potentialAction\":[{\"@type\":\"SearchAction\",\"target\":{\"@type\":\"EntryPoint\",\"urlTemplate\":\"https:\/\/tuftingaddicts.com\/en\/?s={search_term_string}\"},\"query-input\":{\"@type\":\"PropertyValueSpecification\",\"valueRequired\":true,\"valueName\":\"search_term_string\"}}],\"inLanguage\":\"en-US\"},{\"@type\":\"Organization\",\"@id\":\"https:\/\/tuftingaddicts.com\/en\/#organization\",\"name\":\"Tufting Addicts\",\"url\":\"https:\/\/tuftingaddicts.com\/en\/\",\"logo\":{\"@type\":\"ImageObject\",\"inLanguage\":\"en-US\",\"@id\":\"https:\/\/tuftingaddicts.com\/en\/#\/schema\/logo\/image\/\",\"url\":\"https:\/\/tuftingaddicts.com\/wp-content\/uploads\/2021\/04\/Transparente-70x20mm.png\",\"contentUrl\":\"https:\/\/tuftingaddicts.com\/wp-content\/uploads\/2021\/04\/Transparente-70x20mm.png\",\"width\":827,\"height\":236,\"caption\":\"Tufting Addicts\"},\"image\":{\"@id\":\"https:\/\/tuftingaddicts.com\/en\/#\/schema\/logo\/image\/\"},\"sameAs\":[\"https:\/\/www.facebook.com\/Tufting-Addicts-107650331396617\/\",\"https:\/\/x.com\/TuftingAddicts\",\"https:\/\/www.instagram.com\/tufting.addicts\/\"]}]}<\/script>\n<!-- \/ Yoast SEO plugin. -->","yoast_head_json":{"title":"tufting gun maquina de corte AK-I","robots":{"index":"index","follow":"follow","max-snippet":"max-snippet:-1","max-image-preview":"max-image-preview:large","max-video-preview":"max-video-preview:-1"},"canonical":"https:\/\/tuftingaddicts.com\/en\/Product\/maquina-tufting-corte-y-bucle\/","og_locale":"en_US","og_type":"article","og_title":"tufting gun maquina de corte AK-I","og_description":"M\u00e1quina de tufting de doble funci\u00f3n en una sola m\u00e1quina   Corte y bucle en una sola m\u00e1quina  Tijeras intercambiables  Rango de altura de corte ajustable: de 7 a 18 mm.  Peso: 1,4 kg.  Adaptador con voltaje universal.  Velocidad ajustable.  Malet\u00edn de transporte  Todas las m\u00e1quinas de tufting se env\u00edan previamente ajustadas y testadas por un t\u00e9cnico.","og_url":"https:\/\/tuftingaddicts.com\/en\/Product\/maquina-tufting-corte-y-bucle\/","og_site_name":"Tufting Addicts Spain TUFTING stuff","article_publisher":"https:\/\/www.facebook.com\/Tufting-Addicts-107650331396617\/","article_modified_time":"2025-12-23T11:56:02+00:00","og_image":[{"width":1080,"height":1080,"url":"https:\/\/tuftingaddicts.com\/wp-content\/uploads\/2024\/06\/Maquina-2-en-1.jpg","type":"image\/jpeg"}],"twitter_card":"summary_large_image","twitter_site":"@TuftingAddicts","twitter_misc":{"Est. reading time":"2 minutes"},"schema":{"@context":"https:\/\/schema.org","@graph":[{"@type":"WebPage","@id":"https:\/\/tuftingaddicts.com\/en\/Product\/maquina-tufting-corte-y-bucle\/","url":"https:\/\/tuftingaddicts.com\/en\/Product\/maquina-tufting-corte-y-bucle\/","name":"tufting gun maquina de corte AK-I","isPartOf":{"@id":"https:\/\/tuftingaddicts.com\/en\/#website"},"primaryImageOfPage":{"@id":"https:\/\/tuftingaddicts.com\/en\/Product\/maquina-tufting-corte-y-bucle\/#primaryimage"},"image":{"@id":"https:\/\/tuftingaddicts.com\/en\/Product\/maquina-tufting-corte-y-bucle\/#primaryimage"},"thumbnailUrl":"https:\/\/tuftingaddicts.com\/wp-content\/uploads\/2024\/06\/Maquina-2-en-1.jpg","datePublished":"2022-04-01T15:28:00+00:00","dateModified":"2025-12-23T11:56:02+00:00","breadcrumb":{"@id":"https:\/\/tuftingaddicts.com\/en\/Product\/maquina-tufting-corte-y-bucle\/#breadcrumb"},"inLanguage":"en-US","potentialAction":[{"@type":"ReadAction","target":["https:\/\/tuftingaddicts.com\/en\/Product\/maquina-tufting-corte-y-bucle\/"]}]},{"@type":"ImageObject","inLanguage":"en-US","@id":"https:\/\/tuftingaddicts.com\/en\/Product\/maquina-tufting-corte-y-bucle\/#primaryimage","url":"https:\/\/tuftingaddicts.com\/wp-content\/uploads\/2024\/06\/Maquina-2-en-1.jpg","contentUrl":"https:\/\/tuftingaddicts.com\/wp-content\/uploads\/2024\/06\/Maquina-2-en-1.jpg","width":1080,"height":1080,"caption":"tufting gun 2 en 1 corte y bucle"},{"@type":"BreadcrumbList","@id":"https:\/\/tuftingaddicts.com\/en\/Product\/maquina-tufting-corte-y-bucle\/#breadcrumb","itemListElement":[{"@type":"ListItem","position":1,"name":"Portada","item":"https:\/\/tuftingaddicts.com\/en\/"},{"@type":"ListItem","position":2,"name":"Shop","item":"https:\/\/tuftingaddicts.com\/en\/shop\/"},{"@type":"ListItem","position":3,"name":"Tufting Machines","item":"https:\/\/tuftingaddicts.com\/en\/family\/tufting-machines\/"},{"@type":"ListItem","position":4,"name":"M\u00e1quina Tufting corte y bucle (2 en 1)"}]},{"@type":"WebSite","@id":"https:\/\/tuftingaddicts.com\/en\/#website","url":"https:\/\/tuftingaddicts.com\/en\/","name":"Tufting Addicts Espa\u00f1a material TUFTING","description":"Proveedor de material para hacer alfombras por Tufting manual, lanas y tejidos.","publisher":{"@id":"https:\/\/tuftingaddicts.com\/en\/#organization"},"potentialAction":[{"@type":"SearchAction","target":{"@type":"EntryPoint","urlTemplate":"https:\/\/tuftingaddicts.com\/en\/?s={search_term_string}"},"query-input":{"@type":"PropertyValueSpecification","valueRequired":true,"valueName":"search_term_string"}}],"inLanguage":"en-US"},{"@type":"Organization","@id":"https:\/\/tuftingaddicts.com\/en\/#organization","name":"Tufting Addicts","url":"https:\/\/tuftingaddicts.com\/en\/","logo":{"@type":"ImageObject","inLanguage":"en-US","@id":"https:\/\/tuftingaddicts.com\/en\/#\/schema\/logo\/image\/","url":"https:\/\/tuftingaddicts.com\/wp-content\/uploads\/2021\/04\/Transparente-70x20mm.png","contentUrl":"https:\/\/tuftingaddicts.com\/wp-content\/uploads\/2021\/04\/Transparente-70x20mm.png","width":827,"height":236,"caption":"Tufting Addicts"},"image":{"@id":"https:\/\/tuftingaddicts.com\/en\/#\/schema\/logo\/image\/"},"sameAs":["https:\/\/www.facebook.com\/Tufting-Addicts-107650331396617\/","https:\/\/x.com\/TuftingAddicts","https:\/\/www.instagram.com\/tufting.addicts\/"]}]}},"jetpack_sharing_enabled":true,"_links":{"self":[{"href":"https:\/\/tuftingaddicts.com\/en\/wp-json\/wp\/v2\/product\/16128","targetHints":{"allow":["GET"]}}],"collection":[{"href":"https:\/\/tuftingaddicts.com\/en\/wp-json\/wp\/v2\/product"}],"about":[{"href":"https:\/\/tuftingaddicts.com\/en\/wp-json\/wp\/v2\/types\/product"}],"replies":[{"embeddable":true,"href":"https:\/\/tuftingaddicts.com\/en\/wp-json\/wp\/v2\/comments?post=16128"}],"version-history":[{"count":0,"href":"https:\/\/tuftingaddicts.com\/en\/wp-json\/wp\/v2\/product\/16128\/revisions"}],"wp:featuredmedia":[{"embeddable":true,"href":"https:\/\/tuftingaddicts.com\/en\/wp-json\/wp\/v2\/media\/19718"}],"wp:attachment":[{"href":"https:\/\/tuftingaddicts.com\/en\/wp-json\/wp\/v2\/media?parent=16128"}],"wp:term":[{"taxonomy":"product_brand","embeddable":true,"href":"https:\/\/tuftingaddicts.com\/en\/wp-json\/wp\/v2\/product_brand?post=16128"},{"taxonomy":"product_cat","embeddable":true,"href":"https:\/\/tuftingaddicts.com\/en\/wp-json\/wp\/v2\/product_cat?post=16128"},{"taxonomy":"product_tag","embeddable":true,"href":"https:\/\/tuftingaddicts.com\/en\/wp-json\/wp\/v2\/product_tag?post=16128"}],"curies":[{"name":"wp","href":"https:\/\/api.w.org\/{rel}","templated":true}]}}