{"id":15014,"date":"2021-10-29T20:37:46","date_gmt":"2021-10-29T18:37:46","guid":{"rendered":"https:\/\/tuftingaddicts.com\/?post_type=product&#038;p=15014"},"modified":"2025-10-01T11:31:58","modified_gmt":"2025-10-01T10:31:58","slug":"tijeras-recambio-maquina-tufting","status":"publish","type":"product","link":"https:\/\/tuftingaddicts.com\/en\/Product\/tijeras-recambio-maquina-tufting\/","title":{"rendered":"Tijeras Recambio M\u00e1quina Tufting"},"content":{"rendered":"<p>Tijeras de recambio para las m\u00e1quinas de corte.<\/p>\n<p>Ten siempre a punto tu <em><strong><a href=\"https:\/\/tuftingaddicts.com\/categor%C3%ADa\/maquinas-tufting-gun\/\">tufting gun<\/a> modo corte<\/strong><\/em> con estas tijeras de recambio.<br \/>\nSi tus m\u00e1quina ya no corta como antes, c\u00e1mbialas y siente que tu tufting gun funciona como el primer d\u00eda.<\/p>\n<p>Haz que tus tijeras corten perfectamente la <a href=\"https:\/\/tuftingaddicts.com\/categor%C3%ADa\/hilatura-lanas-tufting\/acrilico-100\/\">lana acr\u00edlica<\/a> o <a href=\"https:\/\/tuftingaddicts.com\/categor%C3%ADa\/hilatura-lanas-tufting\/lana-natural-alfombras\/\">lana 100%<\/a> empleado en tus alfombras teniendo siempre en perfectas condiciones tus tijeras.<\/p>\n<p>La tijeras miden 16mm x 127,75mm. Estas medidas pueden diferir en 1mm. Puedes encontrar las dimensiones en detalles en las im\u00e1genes del producto.<\/p>\n<p>Tijeras compatibles con la m\u00e1quina de corte tipo AK-I, TD-01 y NK-1 y m\u00e1quinas con las que corresponda las dimensiones.<\/p>\n","protected":false},"excerpt":{"rendered":"<p>Recambio de tijeras para tener siempre a punto tu tufting gun.<\/p>\n<ul>\n<li>Compatible con las maquinas AK-I, TD-01 y NK-1 y m\u00e1quinas con las que corresponda las dimensiones.<\/li>\n<li>Dimensiones: 16mm x 127,75mm. M\u00e1s detalle en las im\u00e1genes.<\/li>\n<li>Estas medidas pueden diferir en 1mm.<\/li>\n<\/ul>\n","protected":false},"featured_media":19617,"comment_status":"open","ping_status":"closed","template":"","meta":{"site-sidebar-layout":"default","site-content-layout":"default","ast-site-content-layout":"default","site-content-style":"default","site-sidebar-style":"default","ast-global-header-display":"","ast-banner-title-visibility":"","ast-main-header-display":"","ast-hfb-above-header-display":"","ast-hfb-below-header-display":"","ast-hfb-mobile-header-display":"","site-post-title":"","ast-breadcrumbs-content":"","ast-featured-img":"","footer-sml-layout":"","ast-disable-related-posts":"","theme-transparent-header-meta":"default","adv-header-id-meta":"","stick-header-meta":"","header-above-stick-meta":"","header-main-stick-meta":"","header-below-stick-meta":"","astra-migrate-meta-layouts":"set","ast-page-background-enabled":"default","ast-page-background-meta":{"desktop":{"background-color":"var(--ast-global-color-4)","background-image":"","background-repeat":"repeat","background-position":"center center","background-size":"auto","background-attachment":"scroll","background-type":"","background-media":"","overlay-type":"","overlay-color":"","overlay-opacity":"","overlay-gradient":""},"tablet":{"background-color":"","background-image":"","background-repeat":"repeat","background-position":"center center","background-size":"auto","background-attachment":"scroll","background-type":"","background-media":"","overlay-type":"","overlay-color":"","overlay-opacity":"","overlay-gradient":""},"mobile":{"background-color":"","background-image":"","background-repeat":"repeat","background-position":"center center","background-size":"auto","background-attachment":"scroll","background-type":"","background-media":"","overlay-type":"","overlay-color":"","overlay-opacity":"","overlay-gradient":""}},"ast-content-background-meta":{"desktop":{"background-color":"var(--ast-global-color-5)","background-image":"","background-repeat":"repeat","background-position":"center center","background-size":"auto","background-attachment":"scroll","background-type":"","background-media":"","overlay-type":"","overlay-color":"","overlay-opacity":"","overlay-gradient":""},"tablet":{"background-color":"var(--ast-global-color-5)","background-image":"","background-repeat":"repeat","background-position":"center center","background-size":"auto","background-attachment":"scroll","background-type":"","background-media":"","overlay-type":"","overlay-color":"","overlay-opacity":"","overlay-gradient":""},"mobile":{"background-color":"var(--ast-global-color-5)","background-image":"","background-repeat":"repeat","background-position":"center center","background-size":"auto","background-attachment":"scroll","background-type":"","background-media":"","overlay-type":"","overlay-color":"","overlay-opacity":"","overlay-gradient":""}}},"product_brand":[],"product_cat":[429],"product_tag":[436,437],"class_list":{"0":"post-15014","1":"product","2":"type-product","3":"status-publish","4":"has-post-thumbnail","6":"product_cat-recambios-piezas-tufting","7":"product_tag-tijeras_tufting","8":"product_tag-tufting_tijeras","9":"desktop-align-left","10":"tablet-align-left","11":"mobile-align-left","13":"first","14":"instock","15":"taxable","16":"shipping-taxable","17":"purchasable","18":"product-type-simple"},"yoast_head":"<!-- This site is optimized with the Yoast SEO plugin v27.1.1 - https:\/\/yoast.com\/product\/yoast-seo-wordpress\/ -->\n<title>tijeras de recambio para tufting gun maquina de corte<\/title>\n<meta name=\"description\" content=\"Si tus m\u00e1quina ya no corta como antes, c\u00e1mbialas y siente que tu tufting gun funciona como el primer d\u00eda.\" \/>\n<meta name=\"robots\" content=\"index, follow, max-snippet:-1, max-image-preview:large, max-video-preview:-1\" \/>\n<link rel=\"canonical\" href=\"https:\/\/tuftingaddicts.com\/en\/Product\/tijeras-recambio-maquina-tufting\/\" \/>\n<meta property=\"og:locale\" content=\"en_US\" \/>\n<meta property=\"og:type\" content=\"article\" \/>\n<meta property=\"og:title\" content=\"tijeras de recambio para tufting gun maquina de corte\" \/>\n<meta property=\"og:description\" content=\"Si tus m\u00e1quina ya no corta como antes, c\u00e1mbialas y siente que tu tufting gun funciona como el primer d\u00eda.\" \/>\n<meta property=\"og:url\" content=\"https:\/\/tuftingaddicts.com\/en\/Product\/tijeras-recambio-maquina-tufting\/\" \/>\n<meta property=\"og:site_name\" content=\"Tufting Addicts Spain TUFTING stuff\" \/>\n<meta property=\"article:publisher\" content=\"https:\/\/www.facebook.com\/Tufting-Addicts-107650331396617\/\" \/>\n<meta property=\"article:modified_time\" content=\"2025-10-01T10:31:58+00:00\" \/>\n<meta property=\"og:image\" content=\"https:\/\/tuftingaddicts.com\/wp-content\/uploads\/2024\/06\/87.png\" \/>\n\t<meta property=\"og:image:width\" content=\"1080\" \/>\n\t<meta property=\"og:image:height\" content=\"1080\" \/>\n\t<meta property=\"og:image:type\" content=\"image\/png\" \/>\n<meta name=\"twitter:card\" content=\"summary_large_image\" \/>\n<meta name=\"twitter:site\" content=\"@TuftingAddicts\" \/>\n<meta name=\"twitter:label1\" content=\"Est. reading time\" \/>\n\t<meta name=\"twitter:data1\" content=\"1 minute\" \/>\n<script type=\"application\/ld+json\" class=\"yoast-schema-graph\">{\"@context\":\"https:\/\/schema.org\",\"@graph\":[{\"@type\":\"WebPage\",\"@id\":\"https:\/\/tuftingaddicts.com\/en\/Product\/tijeras-recambio-maquina-tufting\/\",\"url\":\"https:\/\/tuftingaddicts.com\/en\/Product\/tijeras-recambio-maquina-tufting\/\",\"name\":\"tijeras de recambio para tufting gun maquina de corte\",\"isPartOf\":{\"@id\":\"https:\/\/tuftingaddicts.com\/en\/#website\"},\"primaryImageOfPage\":{\"@id\":\"https:\/\/tuftingaddicts.com\/en\/Product\/tijeras-recambio-maquina-tufting\/#primaryimage\"},\"image\":{\"@id\":\"https:\/\/tuftingaddicts.com\/en\/Product\/tijeras-recambio-maquina-tufting\/#primaryimage\"},\"thumbnailUrl\":\"https:\/\/tuftingaddicts.com\/wp-content\/uploads\/2024\/06\/87.png\",\"datePublished\":\"2021-10-29T18:37:46+00:00\",\"dateModified\":\"2025-10-01T10:31:58+00:00\",\"description\":\"Si tus m\u00e1quina ya no corta como antes, c\u00e1mbialas y siente que tu tufting gun funciona como el primer d\u00eda.\",\"breadcrumb\":{\"@id\":\"https:\/\/tuftingaddicts.com\/en\/Product\/tijeras-recambio-maquina-tufting\/#breadcrumb\"},\"inLanguage\":\"en-US\",\"potentialAction\":[{\"@type\":\"ReadAction\",\"target\":[\"https:\/\/tuftingaddicts.com\/en\/Product\/tijeras-recambio-maquina-tufting\/\"]}]},{\"@type\":\"ImageObject\",\"inLanguage\":\"en-US\",\"@id\":\"https:\/\/tuftingaddicts.com\/en\/Product\/tijeras-recambio-maquina-tufting\/#primaryimage\",\"url\":\"https:\/\/tuftingaddicts.com\/wp-content\/uploads\/2024\/06\/87.png\",\"contentUrl\":\"https:\/\/tuftingaddicts.com\/wp-content\/uploads\/2024\/06\/87.png\",\"width\":1080,\"height\":1080,\"caption\":\"Tijeras de recambio para tufting gun de corte\"},{\"@type\":\"BreadcrumbList\",\"@id\":\"https:\/\/tuftingaddicts.com\/en\/Product\/tijeras-recambio-maquina-tufting\/#breadcrumb\",\"itemListElement\":[{\"@type\":\"ListItem\",\"position\":1,\"name\":\"Portada\",\"item\":\"https:\/\/tuftingaddicts.com\/en\/\"},{\"@type\":\"ListItem\",\"position\":2,\"name\":\"Shop\",\"item\":\"https:\/\/tuftingaddicts.com\/en\/shop\/\"},{\"@type\":\"ListItem\",\"position\":3,\"name\":\"Accessories\",\"item\":\"https:\/\/tuftingaddicts.com\/en\/family\/accessories-tufting\/\"},{\"@type\":\"ListItem\",\"position\":4,\"name\":\"Spare Parts\",\"item\":\"https:\/\/tuftingaddicts.com\/en\/family\/accessories-tufting\/tufting-spare-parts\/\"},{\"@type\":\"ListItem\",\"position\":5,\"name\":\"Tijeras Recambio M\u00e1quina Tufting\"}]},{\"@type\":\"WebSite\",\"@id\":\"https:\/\/tuftingaddicts.com\/en\/#website\",\"url\":\"https:\/\/tuftingaddicts.com\/en\/\",\"name\":\"Tufting Addicts Espa\u00f1a material TUFTING\",\"description\":\"Proveedor de material para hacer alfombras por Tufting manual, lanas y tejidos.\",\"publisher\":{\"@id\":\"https:\/\/tuftingaddicts.com\/en\/#organization\"},\"potentialAction\":[{\"@type\":\"SearchAction\",\"target\":{\"@type\":\"EntryPoint\",\"urlTemplate\":\"https:\/\/tuftingaddicts.com\/en\/?s={search_term_string}\"},\"query-input\":{\"@type\":\"PropertyValueSpecification\",\"valueRequired\":true,\"valueName\":\"search_term_string\"}}],\"inLanguage\":\"en-US\"},{\"@type\":\"Organization\",\"@id\":\"https:\/\/tuftingaddicts.com\/en\/#organization\",\"name\":\"Tufting Addicts\",\"url\":\"https:\/\/tuftingaddicts.com\/en\/\",\"logo\":{\"@type\":\"ImageObject\",\"inLanguage\":\"en-US\",\"@id\":\"https:\/\/tuftingaddicts.com\/en\/#\/schema\/logo\/image\/\",\"url\":\"https:\/\/tuftingaddicts.com\/wp-content\/uploads\/2021\/04\/Transparente-70x20mm.png\",\"contentUrl\":\"https:\/\/tuftingaddicts.com\/wp-content\/uploads\/2021\/04\/Transparente-70x20mm.png\",\"width\":827,\"height\":236,\"caption\":\"Tufting Addicts\"},\"image\":{\"@id\":\"https:\/\/tuftingaddicts.com\/en\/#\/schema\/logo\/image\/\"},\"sameAs\":[\"https:\/\/www.facebook.com\/Tufting-Addicts-107650331396617\/\",\"https:\/\/x.com\/TuftingAddicts\",\"https:\/\/www.instagram.com\/tufting.addicts\/\"]}]}<\/script>\n<!-- \/ Yoast SEO plugin. -->","yoast_head_json":{"title":"tijeras de recambio para tufting gun maquina de corte","description":"Si tus m\u00e1quina ya no corta como antes, c\u00e1mbialas y siente que tu tufting gun funciona como el primer d\u00eda.","robots":{"index":"index","follow":"follow","max-snippet":"max-snippet:-1","max-image-preview":"max-image-preview:large","max-video-preview":"max-video-preview:-1"},"canonical":"https:\/\/tuftingaddicts.com\/en\/Product\/tijeras-recambio-maquina-tufting\/","og_locale":"en_US","og_type":"article","og_title":"tijeras de recambio para tufting gun maquina de corte","og_description":"Si tus m\u00e1quina ya no corta como antes, c\u00e1mbialas y siente que tu tufting gun funciona como el primer d\u00eda.","og_url":"https:\/\/tuftingaddicts.com\/en\/Product\/tijeras-recambio-maquina-tufting\/","og_site_name":"Tufting Addicts Spain TUFTING stuff","article_publisher":"https:\/\/www.facebook.com\/Tufting-Addicts-107650331396617\/","article_modified_time":"2025-10-01T10:31:58+00:00","og_image":[{"url":"https:\/\/tuftingaddicts.com\/wp-content\/uploads\/2024\/06\/87.png","width":1080,"height":1080,"type":"image\/png"}],"twitter_card":"summary_large_image","twitter_site":"@TuftingAddicts","twitter_misc":{"Est. reading time":"1 minute"},"schema":{"@context":"https:\/\/schema.org","@graph":[{"@type":"WebPage","@id":"https:\/\/tuftingaddicts.com\/en\/Product\/tijeras-recambio-maquina-tufting\/","url":"https:\/\/tuftingaddicts.com\/en\/Product\/tijeras-recambio-maquina-tufting\/","name":"tijeras de recambio para tufting gun maquina de corte","isPartOf":{"@id":"https:\/\/tuftingaddicts.com\/en\/#website"},"primaryImageOfPage":{"@id":"https:\/\/tuftingaddicts.com\/en\/Product\/tijeras-recambio-maquina-tufting\/#primaryimage"},"image":{"@id":"https:\/\/tuftingaddicts.com\/en\/Product\/tijeras-recambio-maquina-tufting\/#primaryimage"},"thumbnailUrl":"https:\/\/tuftingaddicts.com\/wp-content\/uploads\/2024\/06\/87.png","datePublished":"2021-10-29T18:37:46+00:00","dateModified":"2025-10-01T10:31:58+00:00","description":"Si tus m\u00e1quina ya no corta como antes, c\u00e1mbialas y siente que tu tufting gun funciona como el primer d\u00eda.","breadcrumb":{"@id":"https:\/\/tuftingaddicts.com\/en\/Product\/tijeras-recambio-maquina-tufting\/#breadcrumb"},"inLanguage":"en-US","potentialAction":[{"@type":"ReadAction","target":["https:\/\/tuftingaddicts.com\/en\/Product\/tijeras-recambio-maquina-tufting\/"]}]},{"@type":"ImageObject","inLanguage":"en-US","@id":"https:\/\/tuftingaddicts.com\/en\/Product\/tijeras-recambio-maquina-tufting\/#primaryimage","url":"https:\/\/tuftingaddicts.com\/wp-content\/uploads\/2024\/06\/87.png","contentUrl":"https:\/\/tuftingaddicts.com\/wp-content\/uploads\/2024\/06\/87.png","width":1080,"height":1080,"caption":"Tijeras de recambio para tufting gun de corte"},{"@type":"BreadcrumbList","@id":"https:\/\/tuftingaddicts.com\/en\/Product\/tijeras-recambio-maquina-tufting\/#breadcrumb","itemListElement":[{"@type":"ListItem","position":1,"name":"Portada","item":"https:\/\/tuftingaddicts.com\/en\/"},{"@type":"ListItem","position":2,"name":"Shop","item":"https:\/\/tuftingaddicts.com\/en\/shop\/"},{"@type":"ListItem","position":3,"name":"Accessories","item":"https:\/\/tuftingaddicts.com\/en\/family\/accessories-tufting\/"},{"@type":"ListItem","position":4,"name":"Spare Parts","item":"https:\/\/tuftingaddicts.com\/en\/family\/accessories-tufting\/tufting-spare-parts\/"},{"@type":"ListItem","position":5,"name":"Tijeras Recambio M\u00e1quina Tufting"}]},{"@type":"WebSite","@id":"https:\/\/tuftingaddicts.com\/en\/#website","url":"https:\/\/tuftingaddicts.com\/en\/","name":"Tufting Addicts Espa\u00f1a material TUFTING","description":"Proveedor de material para hacer alfombras por Tufting manual, lanas y tejidos.","publisher":{"@id":"https:\/\/tuftingaddicts.com\/en\/#organization"},"potentialAction":[{"@type":"SearchAction","target":{"@type":"EntryPoint","urlTemplate":"https:\/\/tuftingaddicts.com\/en\/?s={search_term_string}"},"query-input":{"@type":"PropertyValueSpecification","valueRequired":true,"valueName":"search_term_string"}}],"inLanguage":"en-US"},{"@type":"Organization","@id":"https:\/\/tuftingaddicts.com\/en\/#organization","name":"Tufting Addicts","url":"https:\/\/tuftingaddicts.com\/en\/","logo":{"@type":"ImageObject","inLanguage":"en-US","@id":"https:\/\/tuftingaddicts.com\/en\/#\/schema\/logo\/image\/","url":"https:\/\/tuftingaddicts.com\/wp-content\/uploads\/2021\/04\/Transparente-70x20mm.png","contentUrl":"https:\/\/tuftingaddicts.com\/wp-content\/uploads\/2021\/04\/Transparente-70x20mm.png","width":827,"height":236,"caption":"Tufting Addicts"},"image":{"@id":"https:\/\/tuftingaddicts.com\/en\/#\/schema\/logo\/image\/"},"sameAs":["https:\/\/www.facebook.com\/Tufting-Addicts-107650331396617\/","https:\/\/x.com\/TuftingAddicts","https:\/\/www.instagram.com\/tufting.addicts\/"]}]}},"jetpack_sharing_enabled":true,"_links":{"self":[{"href":"https:\/\/tuftingaddicts.com\/en\/wp-json\/wp\/v2\/product\/15014","targetHints":{"allow":["GET"]}}],"collection":[{"href":"https:\/\/tuftingaddicts.com\/en\/wp-json\/wp\/v2\/product"}],"about":[{"href":"https:\/\/tuftingaddicts.com\/en\/wp-json\/wp\/v2\/types\/product"}],"replies":[{"embeddable":true,"href":"https:\/\/tuftingaddicts.com\/en\/wp-json\/wp\/v2\/comments?post=15014"}],"version-history":[{"count":0,"href":"https:\/\/tuftingaddicts.com\/en\/wp-json\/wp\/v2\/product\/15014\/revisions"}],"wp:featuredmedia":[{"embeddable":true,"href":"https:\/\/tuftingaddicts.com\/en\/wp-json\/wp\/v2\/media\/19617"}],"wp:attachment":[{"href":"https:\/\/tuftingaddicts.com\/en\/wp-json\/wp\/v2\/media?parent=15014"}],"wp:term":[{"taxonomy":"product_brand","embeddable":true,"href":"https:\/\/tuftingaddicts.com\/en\/wp-json\/wp\/v2\/product_brand?post=15014"},{"taxonomy":"product_cat","embeddable":true,"href":"https:\/\/tuftingaddicts.com\/en\/wp-json\/wp\/v2\/product_cat?post=15014"},{"taxonomy":"product_tag","embeddable":true,"href":"https:\/\/tuftingaddicts.com\/en\/wp-json\/wp\/v2\/product_tag?post=15014"}],"curies":[{"name":"wp","href":"https:\/\/api.w.org\/{rel}","templated":true}]}}